{"id":3134,"date":"2025-07-04T23:59:11","date_gmt":"2025-07-04T23:59:11","guid":{"rendered":"https:\/\/wrapdesign.ca\/?post_type=product&#038;p=3134"},"modified":"2025-08-13T00:59:42","modified_gmt":"2025-08-13T00:59:42","slug":"apz05-bodaq","status":"publish","type":"product","link":"https:\/\/wrapdesign.ca\/en\/product\/apz05-bodaq\/","title":{"rendered":"APZ05 &#8211; Gold Crack"},"content":{"rendered":"<table>\n<tbody>\n<tr>\n<th>Length of a full roll<\/th>\n<td>164 pieds<\/td>\n<\/tr>\n<tr>\n<th>Width<\/th>\n<td>4 feet<\/td>\n<\/tr>\n<tr>\n<th>Poids<\/th>\n<td>~ 55 lb<\/td>\n<\/tr>\n<tr>\n<th>Product type<\/th>\n<td>PVC<\/td>\n<\/tr>\n<tr>\n<th>Surface finish<\/th>\n<td>Metal<\/td>\n<\/tr>\n<tr>\n<th>Stretchy<\/th>\n<td>Yes<\/td>\n<\/tr>\n<tr>\n<th>Warranty<\/th>\n<td>10 years<\/td>\n<\/tr>\n<tr>\n<th>Scratch resistance<\/th>\n<td>7000 Taber Cycles<\/td>\n<\/tr>\n<tr>\n<th>R\u00e9sistance au feu<\/th>\n<td>Classe A \u2013 Classification au feu ASTM E84<\/td>\n<\/tr>\n<\/tbody>\n<\/table>","protected":false},"excerpt":{"rendered":"<p>Ajoutez une touche de luxe brut avec le <strong data-start=\"311\" data-end=\"356\">film architectural Bodaq APZ05 Gold Crack<\/strong>. Son fini m\u00e9tallique dor\u00e9 aux craquelures organiques marie \u00e9l\u00e9gance et caract\u00e8re industriel. Parfait pour le <strong data-start=\"466\" data-end=\"492\">resurfa\u00e7age de meubles<\/strong>, les <strong data-start=\"498\" data-end=\"533\">rev\u00eatements muraux autocollants<\/strong> ou la <strong data-start=\"540\" data-end=\"566\">r\u00e9novation commerciale<\/strong> haut de gamme, ce <strong data-start=\"585\" data-end=\"607\">vinyle autocollant<\/strong> transforme instantan\u00e9ment vos espaces. Id\u00e9al pour les <strong data-start=\"662\" data-end=\"701\">projets r\u00e9sidentiels et commerciaux<\/strong>, ce rev\u00eatement <strong data-start=\"717\" data-end=\"728\">durable<\/strong>, <strong data-start=\"730\" data-end=\"748\">facile \u00e0 poser<\/strong> et \u00e0 haute brillance s&rsquo;adapte aux surfaces planes et courb\u00e9es pour un <strong data-start=\"819\" data-end=\"841\">design d\u2019int\u00e9rieur<\/strong> sans compromis.<\/p>","protected":false},"featured_media":3139,"template":"","meta":{"_acf_changed":false},"product_cat":[29,26],"product_tag":[],"class_list":{"0":"post-3134","1":"product","2":"type-product","3":"status-publish","4":"has-post-thumbnail","6":"product_cat-pellicules-adhesives","7":"product_cat-metallise","9":"first","10":"instock","11":"taxable","12":"shipping-taxable","13":"purchasable","14":"product-type-simple"},"acf":[],"yoast_head":"<!-- This site is optimized with the Yoast SEO plugin v22.3 - https:\/\/yoast.com\/wordpress\/plugins\/seo\/ -->\n<title>APZ05 - Gold Crack - Wrap Design<\/title>\n<meta name=\"description\" content=\"Vinyle autocollant dor\u00e9 Bodaq APZ05 : id\u00e9al pour murs, meubles, projets commerciaux et r\u00e9sidentiels. Durable, \u00e9l\u00e9gant, facile \u00e0 poser et sans d\u00e9molition.\" \/>\n<meta name=\"robots\" content=\"index, follow, max-snippet:-1, max-image-preview:large, max-video-preview:-1\" \/>\n<link rel=\"canonical\" href=\"https:\/\/wrapdesign.ca\/en\/product\/apz05-bodaq\" \/>\n<meta property=\"og:locale\" content=\"en_US\" \/>\n<meta property=\"og:type\" content=\"article\" \/>\n<meta property=\"og:title\" content=\"APZ05 - Gold Crack - Wrap Design\" \/>\n<meta property=\"og:description\" content=\"Vinyle autocollant dor\u00e9 Bodaq APZ05 : id\u00e9al pour murs, meubles, projets commerciaux et r\u00e9sidentiels. Durable, \u00e9l\u00e9gant, facile \u00e0 poser et sans d\u00e9molition.\" \/>\n<meta property=\"og:url\" content=\"https:\/\/wrapdesign.ca\/en\/product\/apz05-bodaq\" \/>\n<meta property=\"og:site_name\" content=\"Wrap Design\" \/>\n<meta property=\"article:modified_time\" content=\"2025-08-13T00:59:42+00:00\" \/>\n<meta property=\"og:image\" content=\"https:\/\/wrapdesign.ca\/wp-content\/uploads\/2025\/07\/Copie-de-IMG_1967.jpg\" \/>\n\t<meta property=\"og:image:width\" content=\"408\" \/>\n\t<meta property=\"og:image:height\" content=\"408\" \/>\n\t<meta property=\"og:image:type\" content=\"image\/jpeg\" \/>\n<meta name=\"twitter:card\" content=\"summary_large_image\" \/>\n<meta name=\"twitter:label1\" content=\"Est. reading time\" \/>\n\t<meta name=\"twitter:data1\" content=\"1 minute\" \/>\n<script type=\"application\/ld+json\" class=\"yoast-schema-graph\">{\"@context\":\"https:\/\/schema.org\",\"@graph\":[{\"@type\":\"WebPage\",\"@id\":\"https:\/\/wrapdesign.ca\/product\/apz05-bodaq\/\",\"url\":\"https:\/\/wrapdesign.ca\/product\/apz05-bodaq\/\",\"name\":\"APZ05 - Gold Crack - Wrap Design\",\"isPartOf\":{\"@id\":\"https:\/\/wrapdesign.ca\/#website\"},\"primaryImageOfPage\":{\"@id\":\"https:\/\/wrapdesign.ca\/product\/apz05-bodaq\/#primaryimage\"},\"image\":{\"@id\":\"https:\/\/wrapdesign.ca\/product\/apz05-bodaq\/#primaryimage\"},\"thumbnailUrl\":\"https:\/\/wrapdesign.ca\/wp-content\/uploads\/2025\/07\/Copie-de-IMG_1967.jpg\",\"datePublished\":\"2025-07-04T23:59:11+00:00\",\"dateModified\":\"2025-08-13T00:59:42+00:00\",\"description\":\"Vinyle autocollant dor\u00e9 Bodaq APZ05 : id\u00e9al pour murs, meubles, projets commerciaux et r\u00e9sidentiels. Durable, \u00e9l\u00e9gant, facile \u00e0 poser et sans d\u00e9molition.\",\"breadcrumb\":{\"@id\":\"https:\/\/wrapdesign.ca\/product\/apz05-bodaq\/#breadcrumb\"},\"inLanguage\":\"en-US\",\"potentialAction\":[{\"@type\":\"ReadAction\",\"target\":[\"https:\/\/wrapdesign.ca\/product\/apz05-bodaq\/\"]}]},{\"@type\":\"ImageObject\",\"inLanguage\":\"en-US\",\"@id\":\"https:\/\/wrapdesign.ca\/product\/apz05-bodaq\/#primaryimage\",\"url\":\"https:\/\/wrapdesign.ca\/wp-content\/uploads\/2025\/07\/Copie-de-IMG_1967.jpg\",\"contentUrl\":\"https:\/\/wrapdesign.ca\/wp-content\/uploads\/2025\/07\/Copie-de-IMG_1967.jpg\",\"width\":408,\"height\":408},{\"@type\":\"BreadcrumbList\",\"@id\":\"https:\/\/wrapdesign.ca\/product\/apz05-bodaq\/#breadcrumb\",\"itemListElement\":[{\"@type\":\"ListItem\",\"position\":1,\"name\":\"Home\",\"item\":\"https:\/\/wrapdesign.ca\/\"},{\"@type\":\"ListItem\",\"position\":2,\"name\":\"boutique\",\"item\":\"https:\/\/wrapdesign.ca\/boutique\/\"},{\"@type\":\"ListItem\",\"position\":3,\"name\":\"APZ05 &#8211; Gold Crack\"}]},{\"@type\":\"WebSite\",\"@id\":\"https:\/\/wrapdesign.ca\/#website\",\"url\":\"https:\/\/wrapdesign.ca\/\",\"name\":\"Wrap Design\",\"description\":\"\",\"potentialAction\":[{\"@type\":\"SearchAction\",\"target\":{\"@type\":\"EntryPoint\",\"urlTemplate\":\"https:\/\/wrapdesign.ca\/?s={search_term_string}\"},\"query-input\":\"required name=search_term_string\"}],\"inLanguage\":\"en-US\"}]}<\/script>\n<!-- \/ Yoast SEO plugin. -->","yoast_head_json":{"title":"APZ05 - Gold Crack - Wrap Design","description":"Vinyle autocollant dor\u00e9 Bodaq APZ05 : id\u00e9al pour murs, meubles, projets commerciaux et r\u00e9sidentiels. Durable, \u00e9l\u00e9gant, facile \u00e0 poser et sans d\u00e9molition.","robots":{"index":"index","follow":"follow","max-snippet":"max-snippet:-1","max-image-preview":"max-image-preview:large","max-video-preview":"max-video-preview:-1"},"canonical":"https:\/\/wrapdesign.ca\/en\/product\/apz05-bodaq","og_locale":"en_US","og_type":"article","og_title":"APZ05 - Gold Crack - Wrap Design","og_description":"Vinyle autocollant dor\u00e9 Bodaq APZ05 : id\u00e9al pour murs, meubles, projets commerciaux et r\u00e9sidentiels. Durable, \u00e9l\u00e9gant, facile \u00e0 poser et sans d\u00e9molition.","og_url":"https:\/\/wrapdesign.ca\/en\/product\/apz05-bodaq","og_site_name":"Wrap Design","article_modified_time":"2025-08-13T00:59:42+00:00","og_image":[{"width":408,"height":408,"url":"https:\/\/wrapdesign.ca\/wp-content\/uploads\/2025\/07\/Copie-de-IMG_1967.jpg","type":"image\/jpeg"}],"twitter_card":"summary_large_image","twitter_misc":{"Est. reading time":"1 minute"},"schema":{"@context":"https:\/\/schema.org","@graph":[{"@type":"WebPage","@id":"https:\/\/wrapdesign.ca\/product\/apz05-bodaq\/","url":"https:\/\/wrapdesign.ca\/product\/apz05-bodaq\/","name":"APZ05 - Gold Crack - Wrap Design","isPartOf":{"@id":"https:\/\/wrapdesign.ca\/#website"},"primaryImageOfPage":{"@id":"https:\/\/wrapdesign.ca\/product\/apz05-bodaq\/#primaryimage"},"image":{"@id":"https:\/\/wrapdesign.ca\/product\/apz05-bodaq\/#primaryimage"},"thumbnailUrl":"https:\/\/wrapdesign.ca\/wp-content\/uploads\/2025\/07\/Copie-de-IMG_1967.jpg","datePublished":"2025-07-04T23:59:11+00:00","dateModified":"2025-08-13T00:59:42+00:00","description":"Vinyle autocollant dor\u00e9 Bodaq APZ05 : id\u00e9al pour murs, meubles, projets commerciaux et r\u00e9sidentiels. Durable, \u00e9l\u00e9gant, facile \u00e0 poser et sans d\u00e9molition.","breadcrumb":{"@id":"https:\/\/wrapdesign.ca\/product\/apz05-bodaq\/#breadcrumb"},"inLanguage":"en-US","potentialAction":[{"@type":"ReadAction","target":["https:\/\/wrapdesign.ca\/product\/apz05-bodaq\/"]}]},{"@type":"ImageObject","inLanguage":"en-US","@id":"https:\/\/wrapdesign.ca\/product\/apz05-bodaq\/#primaryimage","url":"https:\/\/wrapdesign.ca\/wp-content\/uploads\/2025\/07\/Copie-de-IMG_1967.jpg","contentUrl":"https:\/\/wrapdesign.ca\/wp-content\/uploads\/2025\/07\/Copie-de-IMG_1967.jpg","width":408,"height":408},{"@type":"BreadcrumbList","@id":"https:\/\/wrapdesign.ca\/product\/apz05-bodaq\/#breadcrumb","itemListElement":[{"@type":"ListItem","position":1,"name":"Home","item":"https:\/\/wrapdesign.ca\/"},{"@type":"ListItem","position":2,"name":"boutique","item":"https:\/\/wrapdesign.ca\/boutique\/"},{"@type":"ListItem","position":3,"name":"APZ05 &#8211; Gold Crack"}]},{"@type":"WebSite","@id":"https:\/\/wrapdesign.ca\/#website","url":"https:\/\/wrapdesign.ca\/","name":"Wrap Design","description":"","potentialAction":[{"@type":"SearchAction","target":{"@type":"EntryPoint","urlTemplate":"https:\/\/wrapdesign.ca\/?s={search_term_string}"},"query-input":"required name=search_term_string"}],"inLanguage":"en-US"}]}},"_links":{"self":[{"href":"https:\/\/wrapdesign.ca\/en\/wp-json\/wp\/v2\/product\/3134","targetHints":{"allow":["GET"]}}],"collection":[{"href":"https:\/\/wrapdesign.ca\/en\/wp-json\/wp\/v2\/product"}],"about":[{"href":"https:\/\/wrapdesign.ca\/en\/wp-json\/wp\/v2\/types\/product"}],"wp:featuredmedia":[{"embeddable":true,"href":"https:\/\/wrapdesign.ca\/en\/wp-json\/wp\/v2\/media\/3139"}],"wp:attachment":[{"href":"https:\/\/wrapdesign.ca\/en\/wp-json\/wp\/v2\/media?parent=3134"}],"wp:term":[{"taxonomy":"product_cat","embeddable":true,"href":"https:\/\/wrapdesign.ca\/en\/wp-json\/wp\/v2\/product_cat?post=3134"},{"taxonomy":"product_tag","embeddable":true,"href":"https:\/\/wrapdesign.ca\/en\/wp-json\/wp\/v2\/product_tag?post=3134"}],"curies":[{"name":"wp","href":"https:\/\/api.w.org\/{rel}","templated":true}]}}