{"id":3367,"date":"2025-07-06T14:44:17","date_gmt":"2025-07-06T14:44:17","guid":{"rendered":"https:\/\/wrapdesign.ca\/?post_type=product&#038;p=3367"},"modified":"2025-07-16T02:41:43","modified_gmt":"2025-07-16T02:41:43","slug":"zx158-bodaq","status":"publish","type":"product","link":"https:\/\/wrapdesign.ca\/en\/product\/zx158-bodaq\/","title":{"rendered":"ZX158 &#8211; Ashen Walnut"},"content":{"rendered":"<table>\n<tbody>\n<tr>\n<th>Length of a full roll<\/th>\n<td>164 pieds<\/td>\n<\/tr>\n<tr>\n<th>Width<\/th>\n<td>4 feet<\/td>\n<\/tr>\n<tr>\n<th>Poids<\/th>\n<td>~ 55 lb<\/td>\n<\/tr>\n<tr>\n<th>Product type<\/th>\n<td>PVC<\/td>\n<\/tr>\n<tr>\n<th>Surface finish<\/th>\n<td>Bois (Premium)<\/td>\n<\/tr>\n<tr>\n<th>Stretchy<\/th>\n<td>Yes<\/td>\n<\/tr>\n<tr>\n<th>Warranty<\/th>\n<td>10 years<\/td>\n<\/tr>\n<tr>\n<th>Scratch resistance<\/th>\n<td>7000 Taber Cycles<\/td>\n<\/tr>\n<tr>\n<th>R\u00e9sistance au feu<\/th>\n<td>Classe A \u2013 Classification au feu ASTM E84<\/td>\n<\/tr>\n<\/tbody>\n<\/table>","protected":false},"excerpt":{"rendered":"<p>Le <strong data-start=\"158\" data-end=\"180\">ZX158 Ashen Walnut<\/strong> de la collection Rich Wood allie sophistication et chaleur gr\u00e2ce \u00e0 ses tons brun moyen \u00e0 fonc\u00e9 et ses veines discr\u00e8tes. Ce <strong data-start=\"304\" data-end=\"332\">film architectural Bodaq<\/strong> fr <strong data-start=\"336\" data-end=\"358\">vinyle autocollant<\/strong> est parfait pour le <strong data-start=\"379\" data-end=\"405\">resurfa\u00e7age de meubles<\/strong>, murs et armoires dans des projets r\u00e9sidentiels et commerciaux. Durable, facile \u00e0 poser et r\u00e9sistant, il offre une r\u00e9novation sans d\u00e9molition \u00e9l\u00e9gante et pratique, id\u00e9ale pour le design d\u2019int\u00e9rieur contemporain ou classique.<\/p>","protected":false},"featured_media":3364,"template":"","meta":{"_acf_changed":false},"product_cat":[29,38],"product_tag":[],"class_list":{"0":"post-3367","1":"product","2":"type-product","3":"status-publish","4":"has-post-thumbnail","6":"product_cat-pellicules-adhesives","7":"product_cat-bois-premium","9":"first","10":"instock","11":"taxable","12":"shipping-taxable","13":"purchasable","14":"product-type-simple"},"acf":[],"yoast_head":"<!-- This site is optimized with the Yoast SEO plugin v22.3 - https:\/\/yoast.com\/wordpress\/plugins\/seo\/ -->\n<title>ZX158 - Ashen Walnut - Wrap Design<\/title>\n<meta name=\"description\" content=\"ZX158 Ashen Walnut : film architectural Bodaq durable et facile \u00e0 poser, vinyle autocollant pour r\u00e9novation sans d\u00e9molition r\u00e9sidentielle et commerciale.\" \/>\n<meta name=\"robots\" content=\"index, follow, max-snippet:-1, max-image-preview:large, max-video-preview:-1\" \/>\n<link rel=\"canonical\" href=\"https:\/\/wrapdesign.ca\/en\/product\/zx158-bodaq\" \/>\n<meta property=\"og:locale\" content=\"en_US\" \/>\n<meta property=\"og:type\" content=\"article\" \/>\n<meta property=\"og:title\" content=\"ZX158 - Ashen Walnut - Wrap Design\" \/>\n<meta property=\"og:description\" content=\"ZX158 Ashen Walnut : film architectural Bodaq durable et facile \u00e0 poser, vinyle autocollant pour r\u00e9novation sans d\u00e9molition r\u00e9sidentielle et commerciale.\" \/>\n<meta property=\"og:url\" content=\"https:\/\/wrapdesign.ca\/en\/product\/zx158-bodaq\" \/>\n<meta property=\"og:site_name\" content=\"Wrap Design\" \/>\n<meta property=\"article:modified_time\" content=\"2025-07-16T02:41:43+00:00\" \/>\n<meta property=\"og:image\" content=\"https:\/\/wrapdesign.ca\/wp-content\/uploads\/2025\/07\/ZX158-2023.jpg\" \/>\n\t<meta property=\"og:image:width\" content=\"1240\" \/>\n\t<meta property=\"og:image:height\" content=\"1753\" \/>\n\t<meta property=\"og:image:type\" content=\"image\/jpeg\" \/>\n<meta name=\"twitter:card\" content=\"summary_large_image\" \/>\n<meta name=\"twitter:label1\" content=\"Est. reading time\" \/>\n\t<meta name=\"twitter:data1\" content=\"1 minute\" \/>\n<script type=\"application\/ld+json\" class=\"yoast-schema-graph\">{\"@context\":\"https:\/\/schema.org\",\"@graph\":[{\"@type\":\"WebPage\",\"@id\":\"https:\/\/wrapdesign.ca\/product\/zx158-bodaq\/\",\"url\":\"https:\/\/wrapdesign.ca\/product\/zx158-bodaq\/\",\"name\":\"ZX158 - Ashen Walnut - Wrap Design\",\"isPartOf\":{\"@id\":\"https:\/\/wrapdesign.ca\/#website\"},\"primaryImageOfPage\":{\"@id\":\"https:\/\/wrapdesign.ca\/product\/zx158-bodaq\/#primaryimage\"},\"image\":{\"@id\":\"https:\/\/wrapdesign.ca\/product\/zx158-bodaq\/#primaryimage\"},\"thumbnailUrl\":\"https:\/\/wrapdesign.ca\/wp-content\/uploads\/2025\/07\/ZX158-2023.jpg\",\"datePublished\":\"2025-07-06T14:44:17+00:00\",\"dateModified\":\"2025-07-16T02:41:43+00:00\",\"description\":\"ZX158 Ashen Walnut : film architectural Bodaq durable et facile \u00e0 poser, vinyle autocollant pour r\u00e9novation sans d\u00e9molition r\u00e9sidentielle et commerciale.\",\"breadcrumb\":{\"@id\":\"https:\/\/wrapdesign.ca\/product\/zx158-bodaq\/#breadcrumb\"},\"inLanguage\":\"en-US\",\"potentialAction\":[{\"@type\":\"ReadAction\",\"target\":[\"https:\/\/wrapdesign.ca\/product\/zx158-bodaq\/\"]}]},{\"@type\":\"ImageObject\",\"inLanguage\":\"en-US\",\"@id\":\"https:\/\/wrapdesign.ca\/product\/zx158-bodaq\/#primaryimage\",\"url\":\"https:\/\/wrapdesign.ca\/wp-content\/uploads\/2025\/07\/ZX158-2023.jpg\",\"contentUrl\":\"https:\/\/wrapdesign.ca\/wp-content\/uploads\/2025\/07\/ZX158-2023.jpg\",\"width\":1240,\"height\":1753},{\"@type\":\"BreadcrumbList\",\"@id\":\"https:\/\/wrapdesign.ca\/product\/zx158-bodaq\/#breadcrumb\",\"itemListElement\":[{\"@type\":\"ListItem\",\"position\":1,\"name\":\"Home\",\"item\":\"https:\/\/wrapdesign.ca\/\"},{\"@type\":\"ListItem\",\"position\":2,\"name\":\"boutique\",\"item\":\"https:\/\/wrapdesign.ca\/boutique\/\"},{\"@type\":\"ListItem\",\"position\":3,\"name\":\"ZX158 &#8211; Ashen Walnut\"}]},{\"@type\":\"WebSite\",\"@id\":\"https:\/\/wrapdesign.ca\/#website\",\"url\":\"https:\/\/wrapdesign.ca\/\",\"name\":\"Wrap Design\",\"description\":\"\",\"potentialAction\":[{\"@type\":\"SearchAction\",\"target\":{\"@type\":\"EntryPoint\",\"urlTemplate\":\"https:\/\/wrapdesign.ca\/?s={search_term_string}\"},\"query-input\":\"required name=search_term_string\"}],\"inLanguage\":\"en-US\"}]}<\/script>\n<!-- \/ Yoast SEO plugin. -->","yoast_head_json":{"title":"ZX158 - Ashen Walnut - Wrap Design","description":"ZX158 Ashen Walnut : film architectural Bodaq durable et facile \u00e0 poser, vinyle autocollant pour r\u00e9novation sans d\u00e9molition r\u00e9sidentielle et commerciale.","robots":{"index":"index","follow":"follow","max-snippet":"max-snippet:-1","max-image-preview":"max-image-preview:large","max-video-preview":"max-video-preview:-1"},"canonical":"https:\/\/wrapdesign.ca\/en\/product\/zx158-bodaq","og_locale":"en_US","og_type":"article","og_title":"ZX158 - Ashen Walnut - Wrap Design","og_description":"ZX158 Ashen Walnut : film architectural Bodaq durable et facile \u00e0 poser, vinyle autocollant pour r\u00e9novation sans d\u00e9molition r\u00e9sidentielle et commerciale.","og_url":"https:\/\/wrapdesign.ca\/en\/product\/zx158-bodaq","og_site_name":"Wrap Design","article_modified_time":"2025-07-16T02:41:43+00:00","og_image":[{"width":1240,"height":1753,"url":"https:\/\/wrapdesign.ca\/wp-content\/uploads\/2025\/07\/ZX158-2023.jpg","type":"image\/jpeg"}],"twitter_card":"summary_large_image","twitter_misc":{"Est. reading time":"1 minute"},"schema":{"@context":"https:\/\/schema.org","@graph":[{"@type":"WebPage","@id":"https:\/\/wrapdesign.ca\/product\/zx158-bodaq\/","url":"https:\/\/wrapdesign.ca\/product\/zx158-bodaq\/","name":"ZX158 - Ashen Walnut - Wrap Design","isPartOf":{"@id":"https:\/\/wrapdesign.ca\/#website"},"primaryImageOfPage":{"@id":"https:\/\/wrapdesign.ca\/product\/zx158-bodaq\/#primaryimage"},"image":{"@id":"https:\/\/wrapdesign.ca\/product\/zx158-bodaq\/#primaryimage"},"thumbnailUrl":"https:\/\/wrapdesign.ca\/wp-content\/uploads\/2025\/07\/ZX158-2023.jpg","datePublished":"2025-07-06T14:44:17+00:00","dateModified":"2025-07-16T02:41:43+00:00","description":"ZX158 Ashen Walnut : film architectural Bodaq durable et facile \u00e0 poser, vinyle autocollant pour r\u00e9novation sans d\u00e9molition r\u00e9sidentielle et commerciale.","breadcrumb":{"@id":"https:\/\/wrapdesign.ca\/product\/zx158-bodaq\/#breadcrumb"},"inLanguage":"en-US","potentialAction":[{"@type":"ReadAction","target":["https:\/\/wrapdesign.ca\/product\/zx158-bodaq\/"]}]},{"@type":"ImageObject","inLanguage":"en-US","@id":"https:\/\/wrapdesign.ca\/product\/zx158-bodaq\/#primaryimage","url":"https:\/\/wrapdesign.ca\/wp-content\/uploads\/2025\/07\/ZX158-2023.jpg","contentUrl":"https:\/\/wrapdesign.ca\/wp-content\/uploads\/2025\/07\/ZX158-2023.jpg","width":1240,"height":1753},{"@type":"BreadcrumbList","@id":"https:\/\/wrapdesign.ca\/product\/zx158-bodaq\/#breadcrumb","itemListElement":[{"@type":"ListItem","position":1,"name":"Home","item":"https:\/\/wrapdesign.ca\/"},{"@type":"ListItem","position":2,"name":"boutique","item":"https:\/\/wrapdesign.ca\/boutique\/"},{"@type":"ListItem","position":3,"name":"ZX158 &#8211; Ashen Walnut"}]},{"@type":"WebSite","@id":"https:\/\/wrapdesign.ca\/#website","url":"https:\/\/wrapdesign.ca\/","name":"Wrap Design","description":"","potentialAction":[{"@type":"SearchAction","target":{"@type":"EntryPoint","urlTemplate":"https:\/\/wrapdesign.ca\/?s={search_term_string}"},"query-input":"required name=search_term_string"}],"inLanguage":"en-US"}]}},"_links":{"self":[{"href":"https:\/\/wrapdesign.ca\/en\/wp-json\/wp\/v2\/product\/3367","targetHints":{"allow":["GET"]}}],"collection":[{"href":"https:\/\/wrapdesign.ca\/en\/wp-json\/wp\/v2\/product"}],"about":[{"href":"https:\/\/wrapdesign.ca\/en\/wp-json\/wp\/v2\/types\/product"}],"wp:featuredmedia":[{"embeddable":true,"href":"https:\/\/wrapdesign.ca\/en\/wp-json\/wp\/v2\/media\/3364"}],"wp:attachment":[{"href":"https:\/\/wrapdesign.ca\/en\/wp-json\/wp\/v2\/media?parent=3367"}],"wp:term":[{"taxonomy":"product_cat","embeddable":true,"href":"https:\/\/wrapdesign.ca\/en\/wp-json\/wp\/v2\/product_cat?post=3367"},{"taxonomy":"product_tag","embeddable":true,"href":"https:\/\/wrapdesign.ca\/en\/wp-json\/wp\/v2\/product_tag?post=3367"}],"curies":[{"name":"wp","href":"https:\/\/api.w.org\/{rel}","templated":true}]}}