{"id":3386,"date":"2025-07-06T14:54:15","date_gmt":"2025-07-06T14:54:15","guid":{"rendered":"https:\/\/wrapdesign.ca\/?post_type=product&#038;p=3386"},"modified":"2025-07-16T02:41:14","modified_gmt":"2025-07-16T02:41:14","slug":"zx165-bodaq","status":"publish","type":"product","link":"https:\/\/wrapdesign.ca\/en\/product\/zx165-bodaq\/","title":{"rendered":"ZX165 &#8211; Oatmeal Oak"},"content":{"rendered":"<table>\n<tbody>\n<tr>\n<th>Length of a full roll<\/th>\n<td>164 pieds<\/td>\n<\/tr>\n<tr>\n<th>Width<\/th>\n<td>4 feet<\/td>\n<\/tr>\n<tr>\n<th>Poids<\/th>\n<td>~ 55 lb<\/td>\n<\/tr>\n<tr>\n<th>Product type<\/th>\n<td>PVC<\/td>\n<\/tr>\n<tr>\n<th>Surface finish<\/th>\n<td>Bois (Premium)<\/td>\n<\/tr>\n<tr>\n<th>Stretchy<\/th>\n<td>Yes<\/td>\n<\/tr>\n<tr>\n<th>Warranty<\/th>\n<td>10 years<\/td>\n<\/tr>\n<tr>\n<th>Scratch resistance<\/th>\n<td>7000 Taber Cycles<\/td>\n<\/tr>\n<tr>\n<th>R\u00e9sistance au feu<\/th>\n<td>Classe A \u2013 Classification au feu ASTM E84<\/td>\n<\/tr>\n<\/tbody>\n<\/table>","protected":false},"excerpt":{"rendered":"<p>Le <strong data-start=\"169\" data-end=\"190\">ZX165 Oatmeal Oak<\/strong> de la collection Rich Wood propose une finition ch\u00eane clair beige aux tons doux, parfait pour des int\u00e9rieurs paisibles et \u00e9l\u00e9gants. Ce <strong data-start=\"326\" data-end=\"354\">film architectural Bodaq<\/strong> fr <strong data-start=\"358\" data-end=\"380\">vinyle autocollant<\/strong> est id\u00e9al pour le <strong data-start=\"399\" data-end=\"425\">resurfa\u00e7age de meubles<\/strong>, murs et dosserets. Il convient autant \u00e0 un <strong data-start=\"470\" data-end=\"524\">projet r\u00e9sidentiel qu\u2019\u00e0 une r\u00e9novation commerciale<\/strong>, gr\u00e2ce \u00e0 sa texture r\u00e9aliste, sa <strong data-start=\"558\" data-end=\"577\">haute brillance<\/strong>, sa durabilit\u00e9 et son installation <strong data-start=\"613\" data-end=\"639\">facile sans d\u00e9molition<\/strong>. Un choix naturel pour tout projet de <strong data-start=\"678\" data-end=\"700\">design d\u2019int\u00e9rieur<\/strong> recherchant sobri\u00e9t\u00e9 et raffinement.<\/p>","protected":false},"featured_media":3380,"template":"","meta":{"_acf_changed":false},"product_cat":[29,38],"product_tag":[],"class_list":{"0":"post-3386","1":"product","2":"type-product","3":"status-publish","4":"has-post-thumbnail","6":"product_cat-pellicules-adhesives","7":"product_cat-bois-premium","9":"first","10":"instock","11":"taxable","12":"shipping-taxable","13":"purchasable","14":"product-type-simple"},"acf":[],"yoast_head":"<!-- This site is optimized with the Yoast SEO plugin v22.3 - https:\/\/yoast.com\/wordpress\/plugins\/seo\/ -->\n<title>ZX165 - Oatmeal Oak - Wrap Design<\/title>\n<meta name=\"description\" content=\"ZX165 Oatmeal Oak : film architectural Bodaq beige clair, vinyle autocollant durable et facile \u00e0 poser pour r\u00e9novation r\u00e9sidentielle et commerciale.\" \/>\n<meta name=\"robots\" content=\"index, follow, max-snippet:-1, max-image-preview:large, max-video-preview:-1\" \/>\n<link rel=\"canonical\" href=\"https:\/\/wrapdesign.ca\/en\/product\/zx165-bodaq\" \/>\n<meta property=\"og:locale\" content=\"en_US\" \/>\n<meta property=\"og:type\" content=\"article\" \/>\n<meta property=\"og:title\" content=\"ZX165 - Oatmeal Oak - Wrap Design\" \/>\n<meta property=\"og:description\" content=\"ZX165 Oatmeal Oak : film architectural Bodaq beige clair, vinyle autocollant durable et facile \u00e0 poser pour r\u00e9novation r\u00e9sidentielle et commerciale.\" \/>\n<meta property=\"og:url\" content=\"https:\/\/wrapdesign.ca\/en\/product\/zx165-bodaq\" \/>\n<meta property=\"og:site_name\" content=\"Wrap Design\" \/>\n<meta property=\"article:modified_time\" content=\"2025-07-16T02:41:14+00:00\" \/>\n<meta property=\"og:image\" content=\"https:\/\/wrapdesign.ca\/wp-content\/uploads\/2025\/07\/ZX165Z858S.jpg\" \/>\n\t<meta property=\"og:image:width\" content=\"1240\" \/>\n\t<meta property=\"og:image:height\" content=\"1754\" \/>\n\t<meta property=\"og:image:type\" content=\"image\/jpeg\" \/>\n<meta name=\"twitter:card\" content=\"summary_large_image\" \/>\n<meta name=\"twitter:label1\" content=\"Est. reading time\" \/>\n\t<meta name=\"twitter:data1\" content=\"1 minute\" \/>\n<script type=\"application\/ld+json\" class=\"yoast-schema-graph\">{\"@context\":\"https:\/\/schema.org\",\"@graph\":[{\"@type\":\"WebPage\",\"@id\":\"https:\/\/wrapdesign.ca\/product\/zx165-bodaq\/\",\"url\":\"https:\/\/wrapdesign.ca\/product\/zx165-bodaq\/\",\"name\":\"ZX165 - Oatmeal Oak - Wrap Design\",\"isPartOf\":{\"@id\":\"https:\/\/wrapdesign.ca\/#website\"},\"primaryImageOfPage\":{\"@id\":\"https:\/\/wrapdesign.ca\/product\/zx165-bodaq\/#primaryimage\"},\"image\":{\"@id\":\"https:\/\/wrapdesign.ca\/product\/zx165-bodaq\/#primaryimage\"},\"thumbnailUrl\":\"https:\/\/wrapdesign.ca\/wp-content\/uploads\/2025\/07\/ZX165Z858S.jpg\",\"datePublished\":\"2025-07-06T14:54:15+00:00\",\"dateModified\":\"2025-07-16T02:41:14+00:00\",\"description\":\"ZX165 Oatmeal Oak : film architectural Bodaq beige clair, vinyle autocollant durable et facile \u00e0 poser pour r\u00e9novation r\u00e9sidentielle et commerciale.\",\"breadcrumb\":{\"@id\":\"https:\/\/wrapdesign.ca\/product\/zx165-bodaq\/#breadcrumb\"},\"inLanguage\":\"en-US\",\"potentialAction\":[{\"@type\":\"ReadAction\",\"target\":[\"https:\/\/wrapdesign.ca\/product\/zx165-bodaq\/\"]}]},{\"@type\":\"ImageObject\",\"inLanguage\":\"en-US\",\"@id\":\"https:\/\/wrapdesign.ca\/product\/zx165-bodaq\/#primaryimage\",\"url\":\"https:\/\/wrapdesign.ca\/wp-content\/uploads\/2025\/07\/ZX165Z858S.jpg\",\"contentUrl\":\"https:\/\/wrapdesign.ca\/wp-content\/uploads\/2025\/07\/ZX165Z858S.jpg\",\"width\":1240,\"height\":1754},{\"@type\":\"BreadcrumbList\",\"@id\":\"https:\/\/wrapdesign.ca\/product\/zx165-bodaq\/#breadcrumb\",\"itemListElement\":[{\"@type\":\"ListItem\",\"position\":1,\"name\":\"Home\",\"item\":\"https:\/\/wrapdesign.ca\/\"},{\"@type\":\"ListItem\",\"position\":2,\"name\":\"boutique\",\"item\":\"https:\/\/wrapdesign.ca\/boutique\/\"},{\"@type\":\"ListItem\",\"position\":3,\"name\":\"ZX165 &#8211; Oatmeal Oak\"}]},{\"@type\":\"WebSite\",\"@id\":\"https:\/\/wrapdesign.ca\/#website\",\"url\":\"https:\/\/wrapdesign.ca\/\",\"name\":\"Wrap Design\",\"description\":\"\",\"potentialAction\":[{\"@type\":\"SearchAction\",\"target\":{\"@type\":\"EntryPoint\",\"urlTemplate\":\"https:\/\/wrapdesign.ca\/?s={search_term_string}\"},\"query-input\":\"required name=search_term_string\"}],\"inLanguage\":\"en-US\"}]}<\/script>\n<!-- \/ Yoast SEO plugin. -->","yoast_head_json":{"title":"ZX165 - Oatmeal Oak - Wrap Design","description":"ZX165 Oatmeal Oak : film architectural Bodaq beige clair, vinyle autocollant durable et facile \u00e0 poser pour r\u00e9novation r\u00e9sidentielle et commerciale.","robots":{"index":"index","follow":"follow","max-snippet":"max-snippet:-1","max-image-preview":"max-image-preview:large","max-video-preview":"max-video-preview:-1"},"canonical":"https:\/\/wrapdesign.ca\/en\/product\/zx165-bodaq","og_locale":"en_US","og_type":"article","og_title":"ZX165 - Oatmeal Oak - Wrap Design","og_description":"ZX165 Oatmeal Oak : film architectural Bodaq beige clair, vinyle autocollant durable et facile \u00e0 poser pour r\u00e9novation r\u00e9sidentielle et commerciale.","og_url":"https:\/\/wrapdesign.ca\/en\/product\/zx165-bodaq","og_site_name":"Wrap Design","article_modified_time":"2025-07-16T02:41:14+00:00","og_image":[{"width":1240,"height":1754,"url":"https:\/\/wrapdesign.ca\/wp-content\/uploads\/2025\/07\/ZX165Z858S.jpg","type":"image\/jpeg"}],"twitter_card":"summary_large_image","twitter_misc":{"Est. reading time":"1 minute"},"schema":{"@context":"https:\/\/schema.org","@graph":[{"@type":"WebPage","@id":"https:\/\/wrapdesign.ca\/product\/zx165-bodaq\/","url":"https:\/\/wrapdesign.ca\/product\/zx165-bodaq\/","name":"ZX165 - Oatmeal Oak - Wrap Design","isPartOf":{"@id":"https:\/\/wrapdesign.ca\/#website"},"primaryImageOfPage":{"@id":"https:\/\/wrapdesign.ca\/product\/zx165-bodaq\/#primaryimage"},"image":{"@id":"https:\/\/wrapdesign.ca\/product\/zx165-bodaq\/#primaryimage"},"thumbnailUrl":"https:\/\/wrapdesign.ca\/wp-content\/uploads\/2025\/07\/ZX165Z858S.jpg","datePublished":"2025-07-06T14:54:15+00:00","dateModified":"2025-07-16T02:41:14+00:00","description":"ZX165 Oatmeal Oak : film architectural Bodaq beige clair, vinyle autocollant durable et facile \u00e0 poser pour r\u00e9novation r\u00e9sidentielle et commerciale.","breadcrumb":{"@id":"https:\/\/wrapdesign.ca\/product\/zx165-bodaq\/#breadcrumb"},"inLanguage":"en-US","potentialAction":[{"@type":"ReadAction","target":["https:\/\/wrapdesign.ca\/product\/zx165-bodaq\/"]}]},{"@type":"ImageObject","inLanguage":"en-US","@id":"https:\/\/wrapdesign.ca\/product\/zx165-bodaq\/#primaryimage","url":"https:\/\/wrapdesign.ca\/wp-content\/uploads\/2025\/07\/ZX165Z858S.jpg","contentUrl":"https:\/\/wrapdesign.ca\/wp-content\/uploads\/2025\/07\/ZX165Z858S.jpg","width":1240,"height":1754},{"@type":"BreadcrumbList","@id":"https:\/\/wrapdesign.ca\/product\/zx165-bodaq\/#breadcrumb","itemListElement":[{"@type":"ListItem","position":1,"name":"Home","item":"https:\/\/wrapdesign.ca\/"},{"@type":"ListItem","position":2,"name":"boutique","item":"https:\/\/wrapdesign.ca\/boutique\/"},{"@type":"ListItem","position":3,"name":"ZX165 &#8211; Oatmeal Oak"}]},{"@type":"WebSite","@id":"https:\/\/wrapdesign.ca\/#website","url":"https:\/\/wrapdesign.ca\/","name":"Wrap Design","description":"","potentialAction":[{"@type":"SearchAction","target":{"@type":"EntryPoint","urlTemplate":"https:\/\/wrapdesign.ca\/?s={search_term_string}"},"query-input":"required name=search_term_string"}],"inLanguage":"en-US"}]}},"_links":{"self":[{"href":"https:\/\/wrapdesign.ca\/en\/wp-json\/wp\/v2\/product\/3386","targetHints":{"allow":["GET"]}}],"collection":[{"href":"https:\/\/wrapdesign.ca\/en\/wp-json\/wp\/v2\/product"}],"about":[{"href":"https:\/\/wrapdesign.ca\/en\/wp-json\/wp\/v2\/types\/product"}],"wp:featuredmedia":[{"embeddable":true,"href":"https:\/\/wrapdesign.ca\/en\/wp-json\/wp\/v2\/media\/3380"}],"wp:attachment":[{"href":"https:\/\/wrapdesign.ca\/en\/wp-json\/wp\/v2\/media?parent=3386"}],"wp:term":[{"taxonomy":"product_cat","embeddable":true,"href":"https:\/\/wrapdesign.ca\/en\/wp-json\/wp\/v2\/product_cat?post=3386"},{"taxonomy":"product_tag","embeddable":true,"href":"https:\/\/wrapdesign.ca\/en\/wp-json\/wp\/v2\/product_tag?post=3386"}],"curies":[{"name":"wp","href":"https:\/\/api.w.org\/{rel}","templated":true}]}}