{"id":3475,"date":"2025-07-06T23:52:08","date_gmt":"2025-07-06T23:52:08","guid":{"rendered":"https:\/\/wrapdesign.ca\/?post_type=product&#038;p=3475"},"modified":"2025-07-16T02:39:26","modified_gmt":"2025-07-16T02:39:26","slug":"spw46-bodaq","status":"publish","type":"product","link":"https:\/\/wrapdesign.ca\/en\/product\/spw46-bodaq\/","title":{"rendered":"SPW46 &#8211; Golden Oak"},"content":{"rendered":"<table>\n<tbody>\n<tr>\n<th>Length of a full roll<\/th>\n<td>164 pieds<\/td>\n<\/tr>\n<tr>\n<th>Width<\/th>\n<td>4 feet<\/td>\n<\/tr>\n<tr>\n<th>Poids<\/th>\n<td>~ 55 lb<\/td>\n<\/tr>\n<tr>\n<th>Product type<\/th>\n<td>PVC<\/td>\n<\/tr>\n<tr>\n<th>Surface finish<\/th>\n<td>Bois (Origine)<\/td>\n<\/tr>\n<tr>\n<th>Stretchy<\/th>\n<td>Yes<\/td>\n<\/tr>\n<tr>\n<th>Warranty<\/th>\n<td>10 years<\/td>\n<\/tr>\n<tr>\n<th>Scratch resistance<\/th>\n<td>7000 Taber Cycles<\/td>\n<\/tr>\n<tr>\n<th>R\u00e9sistance au feu<\/th>\n<td>Classe A \u2013 Classification au feu ASTM E84<\/td>\n<\/tr>\n<\/tbody>\n<\/table>","protected":false},"excerpt":{"rendered":"<p><strong data-start=\"124\" data-end=\"144\">SPW46 Golden Oak<\/strong>, de la collection Origin Wood, marie la chaleur du bois dor\u00e9 \u00e0 l\u2019\u00e9l\u00e9gance intemporelle. Ce <strong data-start=\"236\" data-end=\"264\">film architectural Bodaq<\/strong> au <strong data-start=\"268\" data-end=\"290\">vinyle autocollant<\/strong> est id\u00e9al pour le <strong data-start=\"309\" data-end=\"335\">resurfa\u00e7age de meubles<\/strong>, la <strong data-start=\"340\" data-end=\"366\">r\u00e9novation commerciale<\/strong> ou le <strong data-start=\"373\" data-end=\"405\">rev\u00eatement mural autocollant<\/strong>. Durable, <strong data-start=\"416\" data-end=\"434\">facile \u00e0 poser<\/strong>, et parfaitement adapt\u00e9 aux <strong data-start=\"463\" data-end=\"502\">projets r\u00e9sidentiels et commerciaux<\/strong>, il offre une touche de raffinement naturel sans d\u00e9molition.<\/p>","protected":false},"featured_media":3473,"template":"","meta":{"_acf_changed":false},"product_cat":[29,40],"product_tag":[],"class_list":{"0":"post-3475","1":"product","2":"type-product","3":"status-publish","4":"has-post-thumbnail","6":"product_cat-pellicules-adhesives","7":"product_cat-bois-origine","9":"first","10":"instock","11":"taxable","12":"shipping-taxable","13":"purchasable","14":"product-type-simple"},"acf":[],"yoast_head":"<!-- This site is optimized with the Yoast SEO plugin v22.3 - https:\/\/yoast.com\/wordpress\/plugins\/seo\/ -->\n<title>SPW46 - Golden Oak - Wrap Design<\/title>\n<meta name=\"description\" content=\"SPW46 Golden Oak : film architectural effet bois dor\u00e9, autocollant et durable, id\u00e9al pour murs, meubles et projets de r\u00e9novation sans d\u00e9molition.\" \/>\n<meta name=\"robots\" content=\"index, follow, max-snippet:-1, max-image-preview:large, max-video-preview:-1\" \/>\n<link rel=\"canonical\" href=\"https:\/\/wrapdesign.ca\/en\/product\/spw46-bodaq\" \/>\n<meta property=\"og:locale\" content=\"en_US\" \/>\n<meta property=\"og:type\" content=\"article\" \/>\n<meta property=\"og:title\" content=\"SPW46 - Golden Oak - Wrap Design\" \/>\n<meta property=\"og:description\" content=\"SPW46 Golden Oak : film architectural effet bois dor\u00e9, autocollant et durable, id\u00e9al pour murs, meubles et projets de r\u00e9novation sans d\u00e9molition.\" \/>\n<meta property=\"og:url\" content=\"https:\/\/wrapdesign.ca\/en\/product\/spw46-bodaq\" \/>\n<meta property=\"og:site_name\" content=\"Wrap Design\" \/>\n<meta property=\"article:modified_time\" content=\"2025-07-16T02:39:26+00:00\" \/>\n<meta property=\"og:image\" content=\"https:\/\/wrapdesign.ca\/wp-content\/uploads\/2025\/07\/SPW46_NEW.jpg\" \/>\n\t<meta property=\"og:image:width\" content=\"1240\" \/>\n\t<meta property=\"og:image:height\" content=\"1754\" \/>\n\t<meta property=\"og:image:type\" content=\"image\/jpeg\" \/>\n<meta name=\"twitter:card\" content=\"summary_large_image\" \/>\n<meta name=\"twitter:label1\" content=\"Est. reading time\" \/>\n\t<meta name=\"twitter:data1\" content=\"1 minute\" \/>\n<script type=\"application\/ld+json\" class=\"yoast-schema-graph\">{\"@context\":\"https:\/\/schema.org\",\"@graph\":[{\"@type\":\"WebPage\",\"@id\":\"https:\/\/wrapdesign.ca\/product\/spw46-bodaq\/\",\"url\":\"https:\/\/wrapdesign.ca\/product\/spw46-bodaq\/\",\"name\":\"SPW46 - Golden Oak - Wrap Design\",\"isPartOf\":{\"@id\":\"https:\/\/wrapdesign.ca\/#website\"},\"primaryImageOfPage\":{\"@id\":\"https:\/\/wrapdesign.ca\/product\/spw46-bodaq\/#primaryimage\"},\"image\":{\"@id\":\"https:\/\/wrapdesign.ca\/product\/spw46-bodaq\/#primaryimage\"},\"thumbnailUrl\":\"https:\/\/wrapdesign.ca\/wp-content\/uploads\/2025\/07\/SPW46_NEW.jpg\",\"datePublished\":\"2025-07-06T23:52:08+00:00\",\"dateModified\":\"2025-07-16T02:39:26+00:00\",\"description\":\"SPW46 Golden Oak : film architectural effet bois dor\u00e9, autocollant et durable, id\u00e9al pour murs, meubles et projets de r\u00e9novation sans d\u00e9molition.\",\"breadcrumb\":{\"@id\":\"https:\/\/wrapdesign.ca\/product\/spw46-bodaq\/#breadcrumb\"},\"inLanguage\":\"en-US\",\"potentialAction\":[{\"@type\":\"ReadAction\",\"target\":[\"https:\/\/wrapdesign.ca\/product\/spw46-bodaq\/\"]}]},{\"@type\":\"ImageObject\",\"inLanguage\":\"en-US\",\"@id\":\"https:\/\/wrapdesign.ca\/product\/spw46-bodaq\/#primaryimage\",\"url\":\"https:\/\/wrapdesign.ca\/wp-content\/uploads\/2025\/07\/SPW46_NEW.jpg\",\"contentUrl\":\"https:\/\/wrapdesign.ca\/wp-content\/uploads\/2025\/07\/SPW46_NEW.jpg\",\"width\":1240,\"height\":1754},{\"@type\":\"BreadcrumbList\",\"@id\":\"https:\/\/wrapdesign.ca\/product\/spw46-bodaq\/#breadcrumb\",\"itemListElement\":[{\"@type\":\"ListItem\",\"position\":1,\"name\":\"Home\",\"item\":\"https:\/\/wrapdesign.ca\/\"},{\"@type\":\"ListItem\",\"position\":2,\"name\":\"boutique\",\"item\":\"https:\/\/wrapdesign.ca\/boutique\/\"},{\"@type\":\"ListItem\",\"position\":3,\"name\":\"SPW46 &#8211; Golden Oak\"}]},{\"@type\":\"WebSite\",\"@id\":\"https:\/\/wrapdesign.ca\/#website\",\"url\":\"https:\/\/wrapdesign.ca\/\",\"name\":\"Wrap Design\",\"description\":\"\",\"potentialAction\":[{\"@type\":\"SearchAction\",\"target\":{\"@type\":\"EntryPoint\",\"urlTemplate\":\"https:\/\/wrapdesign.ca\/?s={search_term_string}\"},\"query-input\":\"required name=search_term_string\"}],\"inLanguage\":\"en-US\"}]}<\/script>\n<!-- \/ Yoast SEO plugin. -->","yoast_head_json":{"title":"SPW46 - Golden Oak - Wrap Design","description":"SPW46 Golden Oak : film architectural effet bois dor\u00e9, autocollant et durable, id\u00e9al pour murs, meubles et projets de r\u00e9novation sans d\u00e9molition.","robots":{"index":"index","follow":"follow","max-snippet":"max-snippet:-1","max-image-preview":"max-image-preview:large","max-video-preview":"max-video-preview:-1"},"canonical":"https:\/\/wrapdesign.ca\/en\/product\/spw46-bodaq","og_locale":"en_US","og_type":"article","og_title":"SPW46 - Golden Oak - Wrap Design","og_description":"SPW46 Golden Oak : film architectural effet bois dor\u00e9, autocollant et durable, id\u00e9al pour murs, meubles et projets de r\u00e9novation sans d\u00e9molition.","og_url":"https:\/\/wrapdesign.ca\/en\/product\/spw46-bodaq","og_site_name":"Wrap Design","article_modified_time":"2025-07-16T02:39:26+00:00","og_image":[{"width":1240,"height":1754,"url":"https:\/\/wrapdesign.ca\/wp-content\/uploads\/2025\/07\/SPW46_NEW.jpg","type":"image\/jpeg"}],"twitter_card":"summary_large_image","twitter_misc":{"Est. reading time":"1 minute"},"schema":{"@context":"https:\/\/schema.org","@graph":[{"@type":"WebPage","@id":"https:\/\/wrapdesign.ca\/product\/spw46-bodaq\/","url":"https:\/\/wrapdesign.ca\/product\/spw46-bodaq\/","name":"SPW46 - Golden Oak - Wrap Design","isPartOf":{"@id":"https:\/\/wrapdesign.ca\/#website"},"primaryImageOfPage":{"@id":"https:\/\/wrapdesign.ca\/product\/spw46-bodaq\/#primaryimage"},"image":{"@id":"https:\/\/wrapdesign.ca\/product\/spw46-bodaq\/#primaryimage"},"thumbnailUrl":"https:\/\/wrapdesign.ca\/wp-content\/uploads\/2025\/07\/SPW46_NEW.jpg","datePublished":"2025-07-06T23:52:08+00:00","dateModified":"2025-07-16T02:39:26+00:00","description":"SPW46 Golden Oak : film architectural effet bois dor\u00e9, autocollant et durable, id\u00e9al pour murs, meubles et projets de r\u00e9novation sans d\u00e9molition.","breadcrumb":{"@id":"https:\/\/wrapdesign.ca\/product\/spw46-bodaq\/#breadcrumb"},"inLanguage":"en-US","potentialAction":[{"@type":"ReadAction","target":["https:\/\/wrapdesign.ca\/product\/spw46-bodaq\/"]}]},{"@type":"ImageObject","inLanguage":"en-US","@id":"https:\/\/wrapdesign.ca\/product\/spw46-bodaq\/#primaryimage","url":"https:\/\/wrapdesign.ca\/wp-content\/uploads\/2025\/07\/SPW46_NEW.jpg","contentUrl":"https:\/\/wrapdesign.ca\/wp-content\/uploads\/2025\/07\/SPW46_NEW.jpg","width":1240,"height":1754},{"@type":"BreadcrumbList","@id":"https:\/\/wrapdesign.ca\/product\/spw46-bodaq\/#breadcrumb","itemListElement":[{"@type":"ListItem","position":1,"name":"Home","item":"https:\/\/wrapdesign.ca\/"},{"@type":"ListItem","position":2,"name":"boutique","item":"https:\/\/wrapdesign.ca\/boutique\/"},{"@type":"ListItem","position":3,"name":"SPW46 &#8211; Golden Oak"}]},{"@type":"WebSite","@id":"https:\/\/wrapdesign.ca\/#website","url":"https:\/\/wrapdesign.ca\/","name":"Wrap Design","description":"","potentialAction":[{"@type":"SearchAction","target":{"@type":"EntryPoint","urlTemplate":"https:\/\/wrapdesign.ca\/?s={search_term_string}"},"query-input":"required name=search_term_string"}],"inLanguage":"en-US"}]}},"_links":{"self":[{"href":"https:\/\/wrapdesign.ca\/en\/wp-json\/wp\/v2\/product\/3475","targetHints":{"allow":["GET"]}}],"collection":[{"href":"https:\/\/wrapdesign.ca\/en\/wp-json\/wp\/v2\/product"}],"about":[{"href":"https:\/\/wrapdesign.ca\/en\/wp-json\/wp\/v2\/types\/product"}],"wp:featuredmedia":[{"embeddable":true,"href":"https:\/\/wrapdesign.ca\/en\/wp-json\/wp\/v2\/media\/3473"}],"wp:attachment":[{"href":"https:\/\/wrapdesign.ca\/en\/wp-json\/wp\/v2\/media?parent=3475"}],"wp:term":[{"taxonomy":"product_cat","embeddable":true,"href":"https:\/\/wrapdesign.ca\/en\/wp-json\/wp\/v2\/product_cat?post=3475"},{"taxonomy":"product_tag","embeddable":true,"href":"https:\/\/wrapdesign.ca\/en\/wp-json\/wp\/v2\/product_tag?post=3475"}],"curies":[{"name":"wp","href":"https:\/\/api.w.org\/{rel}","templated":true}]}}