{"id":3585,"date":"2025-07-07T01:05:53","date_gmt":"2025-07-07T01:05:53","guid":{"rendered":"https:\/\/wrapdesign.ca\/?post_type=product&#038;p=3585"},"modified":"2026-03-09T14:44:21","modified_gmt":"2026-03-09T14:44:21","slug":"s140-bodaq","status":"publish","type":"product","link":"https:\/\/wrapdesign.ca\/en\/product\/s140-bodaq\/","title":{"rendered":"S140 &#8211; Solid Black"},"content":{"rendered":"<table>\n<tbody>\n<tr>\n<th>Length of a full roll<\/th>\n<td>164 pieds<\/td>\n<\/tr>\n<tr>\n<th>Width<\/th>\n<td>4 feet<\/td>\n<\/tr>\n<tr>\n<th>Poids<\/th>\n<td>~ 55 lb<\/td>\n<\/tr>\n<tr>\n<th>Product type<\/th>\n<td>PVC<\/td>\n<\/tr>\n<tr>\n<th>Surface finish<\/th>\n<td>Satin<\/td>\n<\/tr>\n<tr>\n<th>Stretchy<\/th>\n<td>Yes<\/td>\n<\/tr>\n<tr>\n<th>Warranty<\/th>\n<td>10 years<\/td>\n<\/tr>\n<tr>\n<th>Scratch resistance<\/th>\n<td>7000 Taber Cycles<\/td>\n<\/tr>\n<tr>\n<th>R\u00e9sistance au feu<\/th>\n<td>Classe A \u2013 Classification au feu ASTM E84<\/td>\n<\/tr>\n<\/tbody>\n<\/table>","protected":false},"excerpt":{"rendered":"<p>Le <strong data-start=\"186\" data-end=\"206\">S140 Solid Black<\/strong> de la collection Solid Colors incarne la sophistication moderne avec sa teinte noire profonde et \u00e9l\u00e9gante. Ce <strong data-start=\"317\" data-end=\"345\">film architectural Bodaq<\/strong> offre un fini lisse, mat et durable, id\u00e9al pour la <strong data-start=\"397\" data-end=\"427\">r\u00e9novation sans d\u00e9molition<\/strong> de murs, meubles et surfaces dans des projets <strong data-start=\"474\" data-end=\"505\">r\u00e9sidentiels et commerciaux<\/strong>. Facile \u00e0 poser, ce <strong data-start=\"526\" data-end=\"548\">vinyle autocollant<\/strong> r\u00e9siste aux \u00e9raflures et \u00e0 l\u2019usure, parfait pour les espaces \u00e0 fort passage. Apportez une touche de luxe et de modernit\u00e9 \u00e0 vos int\u00e9rieurs gr\u00e2ce \u00e0 ce rev\u00eatement polyvalent et raffin\u00e9.<\/p>","protected":false},"featured_media":3588,"template":"","meta":{"_acf_changed":false},"product_cat":[47,29,22],"product_tag":[],"class_list":{"0":"post-3585","1":"product","2":"type-product","3":"status-publish","4":"has-post-thumbnail","6":"product_cat-selection-wrap-design","7":"product_cat-pellicules-adhesives","8":"product_cat-couleur-unie","10":"first","11":"instock","12":"taxable","13":"shipping-taxable","14":"purchasable","15":"product-type-simple"},"acf":[],"yoast_head":"<!-- This site is optimized with the Yoast SEO plugin v22.3 - https:\/\/yoast.com\/wordpress\/plugins\/seo\/ -->\n<title>S140 - Solid Black - Wrap Design<\/title>\n<meta name=\"description\" content=\"S140 Solid Black : film architectural noir mat, durable et facile \u00e0 poser. Parfait pour r\u00e9novation r\u00e9sidentielle et commerciale sans d\u00e9molition.\" \/>\n<meta name=\"robots\" content=\"index, follow, max-snippet:-1, max-image-preview:large, max-video-preview:-1\" \/>\n<link rel=\"canonical\" href=\"https:\/\/wrapdesign.ca\/en\/product\/s140-bodaq\" \/>\n<meta property=\"og:locale\" content=\"en_US\" \/>\n<meta property=\"og:type\" content=\"article\" \/>\n<meta property=\"og:title\" content=\"S140 - Solid Black - Wrap Design\" \/>\n<meta property=\"og:description\" content=\"S140 Solid Black : film architectural noir mat, durable et facile \u00e0 poser. Parfait pour r\u00e9novation r\u00e9sidentielle et commerciale sans d\u00e9molition.\" \/>\n<meta property=\"og:url\" content=\"https:\/\/wrapdesign.ca\/en\/product\/s140-bodaq\" \/>\n<meta property=\"og:site_name\" content=\"Wrap Design\" \/>\n<meta property=\"article:modified_time\" content=\"2026-03-09T14:44:21+00:00\" \/>\n<meta property=\"og:image\" content=\"https:\/\/wrapdesign.ca\/wp-content\/uploads\/2025\/07\/S140.jpg\" \/>\n\t<meta property=\"og:image:width\" content=\"1240\" \/>\n\t<meta property=\"og:image:height\" content=\"1753\" \/>\n\t<meta property=\"og:image:type\" content=\"image\/jpeg\" \/>\n<meta name=\"twitter:card\" content=\"summary_large_image\" \/>\n<meta name=\"twitter:label1\" content=\"Est. reading time\" \/>\n\t<meta name=\"twitter:data1\" content=\"1 minute\" \/>\n<script type=\"application\/ld+json\" class=\"yoast-schema-graph\">{\"@context\":\"https:\/\/schema.org\",\"@graph\":[{\"@type\":\"WebPage\",\"@id\":\"https:\/\/wrapdesign.ca\/product\/s140-bodaq\/\",\"url\":\"https:\/\/wrapdesign.ca\/product\/s140-bodaq\/\",\"name\":\"S140 - Solid Black - Wrap Design\",\"isPartOf\":{\"@id\":\"https:\/\/wrapdesign.ca\/#website\"},\"primaryImageOfPage\":{\"@id\":\"https:\/\/wrapdesign.ca\/product\/s140-bodaq\/#primaryimage\"},\"image\":{\"@id\":\"https:\/\/wrapdesign.ca\/product\/s140-bodaq\/#primaryimage\"},\"thumbnailUrl\":\"https:\/\/wrapdesign.ca\/wp-content\/uploads\/2025\/07\/S140.jpg\",\"datePublished\":\"2025-07-07T01:05:53+00:00\",\"dateModified\":\"2026-03-09T14:44:21+00:00\",\"description\":\"S140 Solid Black : film architectural noir mat, durable et facile \u00e0 poser. Parfait pour r\u00e9novation r\u00e9sidentielle et commerciale sans d\u00e9molition.\",\"breadcrumb\":{\"@id\":\"https:\/\/wrapdesign.ca\/product\/s140-bodaq\/#breadcrumb\"},\"inLanguage\":\"en-US\",\"potentialAction\":[{\"@type\":\"ReadAction\",\"target\":[\"https:\/\/wrapdesign.ca\/product\/s140-bodaq\/\"]}]},{\"@type\":\"ImageObject\",\"inLanguage\":\"en-US\",\"@id\":\"https:\/\/wrapdesign.ca\/product\/s140-bodaq\/#primaryimage\",\"url\":\"https:\/\/wrapdesign.ca\/wp-content\/uploads\/2025\/07\/S140.jpg\",\"contentUrl\":\"https:\/\/wrapdesign.ca\/wp-content\/uploads\/2025\/07\/S140.jpg\",\"width\":1240,\"height\":1753},{\"@type\":\"BreadcrumbList\",\"@id\":\"https:\/\/wrapdesign.ca\/product\/s140-bodaq\/#breadcrumb\",\"itemListElement\":[{\"@type\":\"ListItem\",\"position\":1,\"name\":\"Home\",\"item\":\"https:\/\/wrapdesign.ca\/\"},{\"@type\":\"ListItem\",\"position\":2,\"name\":\"boutique\",\"item\":\"https:\/\/wrapdesign.ca\/boutique\/\"},{\"@type\":\"ListItem\",\"position\":3,\"name\":\"S140 &#8211; Solid Black\"}]},{\"@type\":\"WebSite\",\"@id\":\"https:\/\/wrapdesign.ca\/#website\",\"url\":\"https:\/\/wrapdesign.ca\/\",\"name\":\"Wrap Design\",\"description\":\"\",\"potentialAction\":[{\"@type\":\"SearchAction\",\"target\":{\"@type\":\"EntryPoint\",\"urlTemplate\":\"https:\/\/wrapdesign.ca\/?s={search_term_string}\"},\"query-input\":\"required name=search_term_string\"}],\"inLanguage\":\"en-US\"}]}<\/script>\n<!-- \/ Yoast SEO plugin. -->","yoast_head_json":{"title":"S140 - Solid Black - Wrap Design","description":"S140 Solid Black : film architectural noir mat, durable et facile \u00e0 poser. Parfait pour r\u00e9novation r\u00e9sidentielle et commerciale sans d\u00e9molition.","robots":{"index":"index","follow":"follow","max-snippet":"max-snippet:-1","max-image-preview":"max-image-preview:large","max-video-preview":"max-video-preview:-1"},"canonical":"https:\/\/wrapdesign.ca\/en\/product\/s140-bodaq","og_locale":"en_US","og_type":"article","og_title":"S140 - Solid Black - Wrap Design","og_description":"S140 Solid Black : film architectural noir mat, durable et facile \u00e0 poser. Parfait pour r\u00e9novation r\u00e9sidentielle et commerciale sans d\u00e9molition.","og_url":"https:\/\/wrapdesign.ca\/en\/product\/s140-bodaq","og_site_name":"Wrap Design","article_modified_time":"2026-03-09T14:44:21+00:00","og_image":[{"width":1240,"height":1753,"url":"https:\/\/wrapdesign.ca\/wp-content\/uploads\/2025\/07\/S140.jpg","type":"image\/jpeg"}],"twitter_card":"summary_large_image","twitter_misc":{"Est. reading time":"1 minute"},"schema":{"@context":"https:\/\/schema.org","@graph":[{"@type":"WebPage","@id":"https:\/\/wrapdesign.ca\/product\/s140-bodaq\/","url":"https:\/\/wrapdesign.ca\/product\/s140-bodaq\/","name":"S140 - Solid Black - Wrap Design","isPartOf":{"@id":"https:\/\/wrapdesign.ca\/#website"},"primaryImageOfPage":{"@id":"https:\/\/wrapdesign.ca\/product\/s140-bodaq\/#primaryimage"},"image":{"@id":"https:\/\/wrapdesign.ca\/product\/s140-bodaq\/#primaryimage"},"thumbnailUrl":"https:\/\/wrapdesign.ca\/wp-content\/uploads\/2025\/07\/S140.jpg","datePublished":"2025-07-07T01:05:53+00:00","dateModified":"2026-03-09T14:44:21+00:00","description":"S140 Solid Black : film architectural noir mat, durable et facile \u00e0 poser. Parfait pour r\u00e9novation r\u00e9sidentielle et commerciale sans d\u00e9molition.","breadcrumb":{"@id":"https:\/\/wrapdesign.ca\/product\/s140-bodaq\/#breadcrumb"},"inLanguage":"en-US","potentialAction":[{"@type":"ReadAction","target":["https:\/\/wrapdesign.ca\/product\/s140-bodaq\/"]}]},{"@type":"ImageObject","inLanguage":"en-US","@id":"https:\/\/wrapdesign.ca\/product\/s140-bodaq\/#primaryimage","url":"https:\/\/wrapdesign.ca\/wp-content\/uploads\/2025\/07\/S140.jpg","contentUrl":"https:\/\/wrapdesign.ca\/wp-content\/uploads\/2025\/07\/S140.jpg","width":1240,"height":1753},{"@type":"BreadcrumbList","@id":"https:\/\/wrapdesign.ca\/product\/s140-bodaq\/#breadcrumb","itemListElement":[{"@type":"ListItem","position":1,"name":"Home","item":"https:\/\/wrapdesign.ca\/"},{"@type":"ListItem","position":2,"name":"boutique","item":"https:\/\/wrapdesign.ca\/boutique\/"},{"@type":"ListItem","position":3,"name":"S140 &#8211; Solid Black"}]},{"@type":"WebSite","@id":"https:\/\/wrapdesign.ca\/#website","url":"https:\/\/wrapdesign.ca\/","name":"Wrap Design","description":"","potentialAction":[{"@type":"SearchAction","target":{"@type":"EntryPoint","urlTemplate":"https:\/\/wrapdesign.ca\/?s={search_term_string}"},"query-input":"required name=search_term_string"}],"inLanguage":"en-US"}]}},"_links":{"self":[{"href":"https:\/\/wrapdesign.ca\/en\/wp-json\/wp\/v2\/product\/3585","targetHints":{"allow":["GET"]}}],"collection":[{"href":"https:\/\/wrapdesign.ca\/en\/wp-json\/wp\/v2\/product"}],"about":[{"href":"https:\/\/wrapdesign.ca\/en\/wp-json\/wp\/v2\/types\/product"}],"wp:featuredmedia":[{"embeddable":true,"href":"https:\/\/wrapdesign.ca\/en\/wp-json\/wp\/v2\/media\/3588"}],"wp:attachment":[{"href":"https:\/\/wrapdesign.ca\/en\/wp-json\/wp\/v2\/media?parent=3585"}],"wp:term":[{"taxonomy":"product_cat","embeddable":true,"href":"https:\/\/wrapdesign.ca\/en\/wp-json\/wp\/v2\/product_cat?post=3585"},{"taxonomy":"product_tag","embeddable":true,"href":"https:\/\/wrapdesign.ca\/en\/wp-json\/wp\/v2\/product_tag?post=3585"}],"curies":[{"name":"wp","href":"https:\/\/api.w.org\/{rel}","templated":true}]}}