{"id":3658,"date":"2025-07-07T01:40:19","date_gmt":"2025-07-07T01:40:19","guid":{"rendered":"https:\/\/wrapdesign.ca\/?post_type=product&#038;p=3658"},"modified":"2026-02-24T01:51:05","modified_gmt":"2026-02-24T01:51:05","slug":"smt16-bodaq","status":"publish","type":"product","link":"https:\/\/wrapdesign.ca\/en\/product\/smt16-bodaq\/","title":{"rendered":"SMT16 &#8211; Cotton"},"content":{"rendered":"<table>\n<tbody>\n<tr>\n<th>Length of a full roll<\/th>\n<td>164 pieds<\/td>\n<\/tr>\n<tr>\n<th>Width<\/th>\n<td>4 feet<\/td>\n<\/tr>\n<tr>\n<th>Poids<\/th>\n<td>~ 55 lb<\/td>\n<\/tr>\n<tr>\n<th>Product type<\/th>\n<td>PVC<\/td>\n<\/tr>\n<tr>\n<th>Surface finish<\/th>\n<td>Soft Touch<\/td>\n<\/tr>\n<tr>\n<th>Stretchy<\/th>\n<td>Yes<\/td>\n<\/tr>\n<tr>\n<th>Warranty<\/th>\n<td>10 years<\/td>\n<\/tr>\n<tr>\n<th>Scratch resistance<\/th>\n<td>7000 Taber Cycles<\/td>\n<\/tr>\n<tr>\n<th>R\u00e9sistance au feu<\/th>\n<td>Classe A \u2013 Classification au feu ASTM E84<\/td>\n<\/tr>\n<\/tbody>\n<\/table>","protected":false},"excerpt":{"rendered":"<p>Le <strong data-start=\"192\" data-end=\"220\">SMT16 Cotton Super Matte<\/strong> propose une teinte blanche douce et apaisante avec une <strong data-start=\"276\" data-end=\"310\">finition ultra mate et soyeuse<\/strong>, parfaite pour les <strong data-start=\"330\" data-end=\"369\">projets r\u00e9sidentiels et commerciaux<\/strong>. Ce <strong data-start=\"374\" data-end=\"402\">film architectural Bodaq<\/strong>, \u00e0 la fois <strong data-start=\"414\" data-end=\"443\">durable et facile \u00e0 poser<\/strong>, permet un <strong data-start=\"455\" data-end=\"481\">resurfa\u00e7age de meubles<\/strong>, d\u2019armoires ou de murs sans d\u00e9molition. Il offre un <strong data-start=\"534\" data-end=\"569\">look \u00e9pur\u00e9, moderne et lumineux<\/strong>, id\u00e9al pour les cuisines, les h\u00f4tels, les bureaux ou les boutiques.<\/p>","protected":false},"featured_media":5920,"template":"","meta":{"_acf_changed":false},"product_cat":[47,29,23],"product_tag":[],"class_list":{"0":"post-3658","1":"product","2":"type-product","3":"status-publish","4":"has-post-thumbnail","6":"product_cat-selection-wrap-design","7":"product_cat-pellicules-adhesives","8":"product_cat-soft-touch","10":"first","11":"instock","12":"taxable","13":"shipping-taxable","14":"purchasable","15":"product-type-simple"},"acf":[],"yoast_head":"<!-- This site is optimized with the Yoast SEO plugin v22.3 - https:\/\/yoast.com\/wordpress\/plugins\/seo\/ -->\n<title>SMT16 - Cotton - Wrap Design<\/title>\n<meta name=\"description\" content=\"SMT16 Cotton : vinyle autocollant blanc mat et \u00e9l\u00e9gant, id\u00e9al pour murs et meubles. Durable, facile \u00e0 poser, parfait pour toute r\u00e9novation int\u00e9rieure.\" \/>\n<meta name=\"robots\" content=\"index, follow, max-snippet:-1, max-image-preview:large, max-video-preview:-1\" \/>\n<link rel=\"canonical\" href=\"https:\/\/wrapdesign.ca\/en\/product\/smt16-bodaq\" \/>\n<meta property=\"og:locale\" content=\"en_US\" \/>\n<meta property=\"og:type\" content=\"article\" \/>\n<meta property=\"og:title\" content=\"SMT16 - Cotton - Wrap Design\" \/>\n<meta property=\"og:description\" content=\"SMT16 Cotton : vinyle autocollant blanc mat et \u00e9l\u00e9gant, id\u00e9al pour murs et meubles. Durable, facile \u00e0 poser, parfait pour toute r\u00e9novation int\u00e9rieure.\" \/>\n<meta property=\"og:url\" content=\"https:\/\/wrapdesign.ca\/en\/product\/smt16-bodaq\" \/>\n<meta property=\"og:site_name\" content=\"Wrap Design\" \/>\n<meta property=\"article:modified_time\" content=\"2026-02-24T01:51:05+00:00\" \/>\n<meta property=\"og:image\" content=\"https:\/\/wrapdesign.ca\/wp-content\/uploads\/2025\/07\/4c71f79b-0740-450b-a7ac-10b528bd9d34-1.png\" \/>\n\t<meta property=\"og:image:width\" content=\"1024\" \/>\n\t<meta property=\"og:image:height\" content=\"1024\" \/>\n\t<meta property=\"og:image:type\" content=\"image\/png\" \/>\n<meta name=\"twitter:card\" content=\"summary_large_image\" \/>\n<meta name=\"twitter:label1\" content=\"Est. reading time\" \/>\n\t<meta name=\"twitter:data1\" content=\"1 minute\" \/>\n<script type=\"application\/ld+json\" class=\"yoast-schema-graph\">{\"@context\":\"https:\/\/schema.org\",\"@graph\":[{\"@type\":\"WebPage\",\"@id\":\"https:\/\/wrapdesign.ca\/product\/smt16-bodaq\/\",\"url\":\"https:\/\/wrapdesign.ca\/product\/smt16-bodaq\/\",\"name\":\"SMT16 - Cotton - Wrap Design\",\"isPartOf\":{\"@id\":\"https:\/\/wrapdesign.ca\/#website\"},\"primaryImageOfPage\":{\"@id\":\"https:\/\/wrapdesign.ca\/product\/smt16-bodaq\/#primaryimage\"},\"image\":{\"@id\":\"https:\/\/wrapdesign.ca\/product\/smt16-bodaq\/#primaryimage\"},\"thumbnailUrl\":\"https:\/\/wrapdesign.ca\/wp-content\/uploads\/2025\/07\/4c71f79b-0740-450b-a7ac-10b528bd9d34-1.png\",\"datePublished\":\"2025-07-07T01:40:19+00:00\",\"dateModified\":\"2026-02-24T01:51:05+00:00\",\"description\":\"SMT16 Cotton : vinyle autocollant blanc mat et \u00e9l\u00e9gant, id\u00e9al pour murs et meubles. Durable, facile \u00e0 poser, parfait pour toute r\u00e9novation int\u00e9rieure.\",\"breadcrumb\":{\"@id\":\"https:\/\/wrapdesign.ca\/product\/smt16-bodaq\/#breadcrumb\"},\"inLanguage\":\"en-US\",\"potentialAction\":[{\"@type\":\"ReadAction\",\"target\":[\"https:\/\/wrapdesign.ca\/product\/smt16-bodaq\/\"]}]},{\"@type\":\"ImageObject\",\"inLanguage\":\"en-US\",\"@id\":\"https:\/\/wrapdesign.ca\/product\/smt16-bodaq\/#primaryimage\",\"url\":\"https:\/\/wrapdesign.ca\/wp-content\/uploads\/2025\/07\/4c71f79b-0740-450b-a7ac-10b528bd9d34-1.png\",\"contentUrl\":\"https:\/\/wrapdesign.ca\/wp-content\/uploads\/2025\/07\/4c71f79b-0740-450b-a7ac-10b528bd9d34-1.png\",\"width\":1024,\"height\":1024},{\"@type\":\"BreadcrumbList\",\"@id\":\"https:\/\/wrapdesign.ca\/product\/smt16-bodaq\/#breadcrumb\",\"itemListElement\":[{\"@type\":\"ListItem\",\"position\":1,\"name\":\"Home\",\"item\":\"https:\/\/wrapdesign.ca\/\"},{\"@type\":\"ListItem\",\"position\":2,\"name\":\"boutique\",\"item\":\"https:\/\/wrapdesign.ca\/boutique\/\"},{\"@type\":\"ListItem\",\"position\":3,\"name\":\"SMT16 &#8211; Cotton\"}]},{\"@type\":\"WebSite\",\"@id\":\"https:\/\/wrapdesign.ca\/#website\",\"url\":\"https:\/\/wrapdesign.ca\/\",\"name\":\"Wrap Design\",\"description\":\"\",\"potentialAction\":[{\"@type\":\"SearchAction\",\"target\":{\"@type\":\"EntryPoint\",\"urlTemplate\":\"https:\/\/wrapdesign.ca\/?s={search_term_string}\"},\"query-input\":\"required name=search_term_string\"}],\"inLanguage\":\"en-US\"}]}<\/script>\n<!-- \/ Yoast SEO plugin. -->","yoast_head_json":{"title":"SMT16 - Cotton - Wrap Design","description":"SMT16 Cotton : vinyle autocollant blanc mat et \u00e9l\u00e9gant, id\u00e9al pour murs et meubles. Durable, facile \u00e0 poser, parfait pour toute r\u00e9novation int\u00e9rieure.","robots":{"index":"index","follow":"follow","max-snippet":"max-snippet:-1","max-image-preview":"max-image-preview:large","max-video-preview":"max-video-preview:-1"},"canonical":"https:\/\/wrapdesign.ca\/en\/product\/smt16-bodaq","og_locale":"en_US","og_type":"article","og_title":"SMT16 - Cotton - Wrap Design","og_description":"SMT16 Cotton : vinyle autocollant blanc mat et \u00e9l\u00e9gant, id\u00e9al pour murs et meubles. Durable, facile \u00e0 poser, parfait pour toute r\u00e9novation int\u00e9rieure.","og_url":"https:\/\/wrapdesign.ca\/en\/product\/smt16-bodaq","og_site_name":"Wrap Design","article_modified_time":"2026-02-24T01:51:05+00:00","og_image":[{"width":1024,"height":1024,"url":"https:\/\/wrapdesign.ca\/wp-content\/uploads\/2025\/07\/4c71f79b-0740-450b-a7ac-10b528bd9d34-1.png","type":"image\/png"}],"twitter_card":"summary_large_image","twitter_misc":{"Est. reading time":"1 minute"},"schema":{"@context":"https:\/\/schema.org","@graph":[{"@type":"WebPage","@id":"https:\/\/wrapdesign.ca\/product\/smt16-bodaq\/","url":"https:\/\/wrapdesign.ca\/product\/smt16-bodaq\/","name":"SMT16 - Cotton - Wrap Design","isPartOf":{"@id":"https:\/\/wrapdesign.ca\/#website"},"primaryImageOfPage":{"@id":"https:\/\/wrapdesign.ca\/product\/smt16-bodaq\/#primaryimage"},"image":{"@id":"https:\/\/wrapdesign.ca\/product\/smt16-bodaq\/#primaryimage"},"thumbnailUrl":"https:\/\/wrapdesign.ca\/wp-content\/uploads\/2025\/07\/4c71f79b-0740-450b-a7ac-10b528bd9d34-1.png","datePublished":"2025-07-07T01:40:19+00:00","dateModified":"2026-02-24T01:51:05+00:00","description":"SMT16 Cotton : vinyle autocollant blanc mat et \u00e9l\u00e9gant, id\u00e9al pour murs et meubles. Durable, facile \u00e0 poser, parfait pour toute r\u00e9novation int\u00e9rieure.","breadcrumb":{"@id":"https:\/\/wrapdesign.ca\/product\/smt16-bodaq\/#breadcrumb"},"inLanguage":"en-US","potentialAction":[{"@type":"ReadAction","target":["https:\/\/wrapdesign.ca\/product\/smt16-bodaq\/"]}]},{"@type":"ImageObject","inLanguage":"en-US","@id":"https:\/\/wrapdesign.ca\/product\/smt16-bodaq\/#primaryimage","url":"https:\/\/wrapdesign.ca\/wp-content\/uploads\/2025\/07\/4c71f79b-0740-450b-a7ac-10b528bd9d34-1.png","contentUrl":"https:\/\/wrapdesign.ca\/wp-content\/uploads\/2025\/07\/4c71f79b-0740-450b-a7ac-10b528bd9d34-1.png","width":1024,"height":1024},{"@type":"BreadcrumbList","@id":"https:\/\/wrapdesign.ca\/product\/smt16-bodaq\/#breadcrumb","itemListElement":[{"@type":"ListItem","position":1,"name":"Home","item":"https:\/\/wrapdesign.ca\/"},{"@type":"ListItem","position":2,"name":"boutique","item":"https:\/\/wrapdesign.ca\/boutique\/"},{"@type":"ListItem","position":3,"name":"SMT16 &#8211; Cotton"}]},{"@type":"WebSite","@id":"https:\/\/wrapdesign.ca\/#website","url":"https:\/\/wrapdesign.ca\/","name":"Wrap Design","description":"","potentialAction":[{"@type":"SearchAction","target":{"@type":"EntryPoint","urlTemplate":"https:\/\/wrapdesign.ca\/?s={search_term_string}"},"query-input":"required name=search_term_string"}],"inLanguage":"en-US"}]}},"_links":{"self":[{"href":"https:\/\/wrapdesign.ca\/en\/wp-json\/wp\/v2\/product\/3658","targetHints":{"allow":["GET"]}}],"collection":[{"href":"https:\/\/wrapdesign.ca\/en\/wp-json\/wp\/v2\/product"}],"about":[{"href":"https:\/\/wrapdesign.ca\/en\/wp-json\/wp\/v2\/types\/product"}],"wp:featuredmedia":[{"embeddable":true,"href":"https:\/\/wrapdesign.ca\/en\/wp-json\/wp\/v2\/media\/5920"}],"wp:attachment":[{"href":"https:\/\/wrapdesign.ca\/en\/wp-json\/wp\/v2\/media?parent=3658"}],"wp:term":[{"taxonomy":"product_cat","embeddable":true,"href":"https:\/\/wrapdesign.ca\/en\/wp-json\/wp\/v2\/product_cat?post=3658"},{"taxonomy":"product_tag","embeddable":true,"href":"https:\/\/wrapdesign.ca\/en\/wp-json\/wp\/v2\/product_tag?post=3658"}],"curies":[{"name":"wp","href":"https:\/\/api.w.org\/{rel}","templated":true}]}}