{"id":5625,"date":"2025-11-27T01:19:33","date_gmt":"2025-11-27T01:19:33","guid":{"rendered":"https:\/\/wrapdesign.ca\/?post_type=product&#038;p=5625"},"modified":"2025-11-27T03:28:46","modified_gmt":"2025-11-27T03:28:46","slug":"smt24-classic-white-blanc-super-mat-soft-touch-vinyle-architectural-haut-de-gamme","status":"publish","type":"product","link":"https:\/\/wrapdesign.ca\/en\/product\/smt24-classic-white-blanc-super-mat-soft-touch-vinyle-architectural-haut-de-gamme\/","title":{"rendered":"SMT24 &#8211; Classic White"},"content":{"rendered":"<table>\n<tbody>\n<tr>\n<th>Length of a full roll<\/th>\n<td>164 pieds<\/td>\n<\/tr>\n<tr>\n<th>Width<\/th>\n<td>4 feet<\/td>\n<\/tr>\n<tr>\n<th>Poids<\/th>\n<td>~ 55 lb<\/td>\n<\/tr>\n<tr>\n<th>Product type<\/th>\n<td>PVC<\/td>\n<\/tr>\n<tr>\n<th>Surface finish<\/th>\n<td>Soft Touch<\/td>\n<\/tr>\n<tr>\n<th>Stretchy<\/th>\n<td>Yes<\/td>\n<\/tr>\n<tr>\n<th>Warranty<\/th>\n<td>10 years<\/td>\n<\/tr>\n<tr>\n<th>Scratch resistance<\/th>\n<td>7000 Taber Cycles<\/td>\n<\/tr>\n<tr>\n<th>R\u00e9sistance au feu<\/th>\n<td>Classe A \u2013 Classification au feu ASTM E84<\/td>\n<\/tr>\n<\/tbody>\n<\/table>","protected":false},"excerpt":{"rendered":"<p>Le mod\u00e8le <strong data-start=\"455\" data-end=\"478\">SMT24 Classic White<\/strong> pr\u00e9sente un blanc pur au fini super mat, rehauss\u00e9 d\u2019une texture <em data-start=\"543\" data-end=\"555\">soft touch<\/em> douce et luxueuse. Son esth\u00e9tique \u00e9pur\u00e9e cr\u00e9e des espaces modernes, lumineux et haut de gamme, parfaits pour cuisines, armoires, murs ou mobilier. Con\u00e7u pour un resurfa\u00e7age sans d\u00e9molition, ce vinyle architectural allie sobri\u00e9t\u00e9, sophistication et durabilit\u00e9. Facile \u00e0 entretenir et r\u00e9sistant aux traces, il est id\u00e9al pour les projets r\u00e9sidentiels et commerciaux cherchant un design minimaliste et \u00e9l\u00e9gant. Une solution premium pour transformer un d\u00e9cor avec finesse.<\/p>","protected":false},"featured_media":5626,"template":"","meta":{"_acf_changed":false},"product_cat":[29,23],"product_tag":[],"class_list":{"0":"post-5625","1":"product","2":"type-product","3":"status-publish","4":"has-post-thumbnail","6":"product_cat-pellicules-adhesives","7":"product_cat-soft-touch","9":"first","10":"instock","11":"taxable","12":"shipping-taxable","13":"purchasable","14":"product-type-simple"},"acf":[],"yoast_head":"<!-- This site is optimized with the Yoast SEO plugin v22.3 - https:\/\/yoast.com\/wordpress\/plugins\/seo\/ -->\n<title>SMT24 - Classic White - Wrap Design<\/title>\n<meta name=\"description\" content=\"SMT24 Classic White, fini blanc super mat soft touch. Vinyle architectural haut de gamme, durable et \u00e9l\u00e9gant pour murs, armoires et mobilier.\" \/>\n<meta name=\"robots\" content=\"index, follow, max-snippet:-1, max-image-preview:large, max-video-preview:-1\" \/>\n<link rel=\"canonical\" href=\"https:\/\/wrapdesign.ca\/en\/product\/smt24-classic-white-blanc-super-mat-soft-touch-vinyle-architectural-haut-de-gamme\" \/>\n<meta property=\"og:locale\" content=\"en_US\" \/>\n<meta property=\"og:type\" content=\"article\" \/>\n<meta property=\"og:title\" content=\"SMT24 - Classic White - Wrap Design\" \/>\n<meta property=\"og:description\" content=\"SMT24 Classic White, fini blanc super mat soft touch. Vinyle architectural haut de gamme, durable et \u00e9l\u00e9gant pour murs, armoires et mobilier.\" \/>\n<meta property=\"og:url\" content=\"https:\/\/wrapdesign.ca\/en\/product\/smt24-classic-white-blanc-super-mat-soft-touch-vinyle-architectural-haut-de-gamme\" \/>\n<meta property=\"og:site_name\" content=\"Wrap Design\" \/>\n<meta property=\"article:modified_time\" content=\"2025-11-27T03:28:46+00:00\" \/>\n<meta property=\"og:image\" content=\"https:\/\/wrapdesign.ca\/wp-content\/uploads\/2025\/11\/SMT24_NEW-min.jpg\" \/>\n\t<meta property=\"og:image:width\" content=\"1240\" \/>\n\t<meta property=\"og:image:height\" content=\"1754\" \/>\n\t<meta property=\"og:image:type\" content=\"image\/jpeg\" \/>\n<meta name=\"twitter:card\" content=\"summary_large_image\" \/>\n<meta name=\"twitter:label1\" content=\"Est. reading time\" \/>\n\t<meta name=\"twitter:data1\" content=\"1 minute\" \/>\n<script type=\"application\/ld+json\" class=\"yoast-schema-graph\">{\"@context\":\"https:\/\/schema.org\",\"@graph\":[{\"@type\":\"WebPage\",\"@id\":\"https:\/\/wrapdesign.ca\/product\/smt24-classic-white-blanc-super-mat-soft-touch-vinyle-architectural-haut-de-gamme\/\",\"url\":\"https:\/\/wrapdesign.ca\/product\/smt24-classic-white-blanc-super-mat-soft-touch-vinyle-architectural-haut-de-gamme\/\",\"name\":\"SMT24 - Classic White - Wrap Design\",\"isPartOf\":{\"@id\":\"https:\/\/wrapdesign.ca\/#website\"},\"primaryImageOfPage\":{\"@id\":\"https:\/\/wrapdesign.ca\/product\/smt24-classic-white-blanc-super-mat-soft-touch-vinyle-architectural-haut-de-gamme\/#primaryimage\"},\"image\":{\"@id\":\"https:\/\/wrapdesign.ca\/product\/smt24-classic-white-blanc-super-mat-soft-touch-vinyle-architectural-haut-de-gamme\/#primaryimage\"},\"thumbnailUrl\":\"https:\/\/wrapdesign.ca\/wp-content\/uploads\/2025\/11\/SMT24_NEW-min.jpg\",\"datePublished\":\"2025-11-27T01:19:33+00:00\",\"dateModified\":\"2025-11-27T03:28:46+00:00\",\"description\":\"SMT24 Classic White, fini blanc super mat soft touch. Vinyle architectural haut de gamme, durable et \u00e9l\u00e9gant pour murs, armoires et mobilier.\",\"breadcrumb\":{\"@id\":\"https:\/\/wrapdesign.ca\/product\/smt24-classic-white-blanc-super-mat-soft-touch-vinyle-architectural-haut-de-gamme\/#breadcrumb\"},\"inLanguage\":\"en-US\",\"potentialAction\":[{\"@type\":\"ReadAction\",\"target\":[\"https:\/\/wrapdesign.ca\/product\/smt24-classic-white-blanc-super-mat-soft-touch-vinyle-architectural-haut-de-gamme\/\"]}]},{\"@type\":\"ImageObject\",\"inLanguage\":\"en-US\",\"@id\":\"https:\/\/wrapdesign.ca\/product\/smt24-classic-white-blanc-super-mat-soft-touch-vinyle-architectural-haut-de-gamme\/#primaryimage\",\"url\":\"https:\/\/wrapdesign.ca\/wp-content\/uploads\/2025\/11\/SMT24_NEW-min.jpg\",\"contentUrl\":\"https:\/\/wrapdesign.ca\/wp-content\/uploads\/2025\/11\/SMT24_NEW-min.jpg\",\"width\":1240,\"height\":1754},{\"@type\":\"BreadcrumbList\",\"@id\":\"https:\/\/wrapdesign.ca\/product\/smt24-classic-white-blanc-super-mat-soft-touch-vinyle-architectural-haut-de-gamme\/#breadcrumb\",\"itemListElement\":[{\"@type\":\"ListItem\",\"position\":1,\"name\":\"Home\",\"item\":\"https:\/\/wrapdesign.ca\/\"},{\"@type\":\"ListItem\",\"position\":2,\"name\":\"boutique\",\"item\":\"https:\/\/wrapdesign.ca\/boutique\/\"},{\"@type\":\"ListItem\",\"position\":3,\"name\":\"SMT24 &#8211; Classic White\"}]},{\"@type\":\"WebSite\",\"@id\":\"https:\/\/wrapdesign.ca\/#website\",\"url\":\"https:\/\/wrapdesign.ca\/\",\"name\":\"Wrap Design\",\"description\":\"\",\"potentialAction\":[{\"@type\":\"SearchAction\",\"target\":{\"@type\":\"EntryPoint\",\"urlTemplate\":\"https:\/\/wrapdesign.ca\/?s={search_term_string}\"},\"query-input\":\"required name=search_term_string\"}],\"inLanguage\":\"en-US\"}]}<\/script>\n<!-- \/ Yoast SEO plugin. -->","yoast_head_json":{"title":"SMT24 - Classic White - Wrap Design","description":"SMT24 Classic White, fini blanc super mat soft touch. Vinyle architectural haut de gamme, durable et \u00e9l\u00e9gant pour murs, armoires et mobilier.","robots":{"index":"index","follow":"follow","max-snippet":"max-snippet:-1","max-image-preview":"max-image-preview:large","max-video-preview":"max-video-preview:-1"},"canonical":"https:\/\/wrapdesign.ca\/en\/product\/smt24-classic-white-blanc-super-mat-soft-touch-vinyle-architectural-haut-de-gamme","og_locale":"en_US","og_type":"article","og_title":"SMT24 - Classic White - Wrap Design","og_description":"SMT24 Classic White, fini blanc super mat soft touch. Vinyle architectural haut de gamme, durable et \u00e9l\u00e9gant pour murs, armoires et mobilier.","og_url":"https:\/\/wrapdesign.ca\/en\/product\/smt24-classic-white-blanc-super-mat-soft-touch-vinyle-architectural-haut-de-gamme","og_site_name":"Wrap Design","article_modified_time":"2025-11-27T03:28:46+00:00","og_image":[{"width":1240,"height":1754,"url":"https:\/\/wrapdesign.ca\/wp-content\/uploads\/2025\/11\/SMT24_NEW-min.jpg","type":"image\/jpeg"}],"twitter_card":"summary_large_image","twitter_misc":{"Est. reading time":"1 minute"},"schema":{"@context":"https:\/\/schema.org","@graph":[{"@type":"WebPage","@id":"https:\/\/wrapdesign.ca\/product\/smt24-classic-white-blanc-super-mat-soft-touch-vinyle-architectural-haut-de-gamme\/","url":"https:\/\/wrapdesign.ca\/product\/smt24-classic-white-blanc-super-mat-soft-touch-vinyle-architectural-haut-de-gamme\/","name":"SMT24 - Classic White - Wrap Design","isPartOf":{"@id":"https:\/\/wrapdesign.ca\/#website"},"primaryImageOfPage":{"@id":"https:\/\/wrapdesign.ca\/product\/smt24-classic-white-blanc-super-mat-soft-touch-vinyle-architectural-haut-de-gamme\/#primaryimage"},"image":{"@id":"https:\/\/wrapdesign.ca\/product\/smt24-classic-white-blanc-super-mat-soft-touch-vinyle-architectural-haut-de-gamme\/#primaryimage"},"thumbnailUrl":"https:\/\/wrapdesign.ca\/wp-content\/uploads\/2025\/11\/SMT24_NEW-min.jpg","datePublished":"2025-11-27T01:19:33+00:00","dateModified":"2025-11-27T03:28:46+00:00","description":"SMT24 Classic White, fini blanc super mat soft touch. Vinyle architectural haut de gamme, durable et \u00e9l\u00e9gant pour murs, armoires et mobilier.","breadcrumb":{"@id":"https:\/\/wrapdesign.ca\/product\/smt24-classic-white-blanc-super-mat-soft-touch-vinyle-architectural-haut-de-gamme\/#breadcrumb"},"inLanguage":"en-US","potentialAction":[{"@type":"ReadAction","target":["https:\/\/wrapdesign.ca\/product\/smt24-classic-white-blanc-super-mat-soft-touch-vinyle-architectural-haut-de-gamme\/"]}]},{"@type":"ImageObject","inLanguage":"en-US","@id":"https:\/\/wrapdesign.ca\/product\/smt24-classic-white-blanc-super-mat-soft-touch-vinyle-architectural-haut-de-gamme\/#primaryimage","url":"https:\/\/wrapdesign.ca\/wp-content\/uploads\/2025\/11\/SMT24_NEW-min.jpg","contentUrl":"https:\/\/wrapdesign.ca\/wp-content\/uploads\/2025\/11\/SMT24_NEW-min.jpg","width":1240,"height":1754},{"@type":"BreadcrumbList","@id":"https:\/\/wrapdesign.ca\/product\/smt24-classic-white-blanc-super-mat-soft-touch-vinyle-architectural-haut-de-gamme\/#breadcrumb","itemListElement":[{"@type":"ListItem","position":1,"name":"Home","item":"https:\/\/wrapdesign.ca\/"},{"@type":"ListItem","position":2,"name":"boutique","item":"https:\/\/wrapdesign.ca\/boutique\/"},{"@type":"ListItem","position":3,"name":"SMT24 &#8211; Classic White"}]},{"@type":"WebSite","@id":"https:\/\/wrapdesign.ca\/#website","url":"https:\/\/wrapdesign.ca\/","name":"Wrap Design","description":"","potentialAction":[{"@type":"SearchAction","target":{"@type":"EntryPoint","urlTemplate":"https:\/\/wrapdesign.ca\/?s={search_term_string}"},"query-input":"required name=search_term_string"}],"inLanguage":"en-US"}]}},"_links":{"self":[{"href":"https:\/\/wrapdesign.ca\/en\/wp-json\/wp\/v2\/product\/5625","targetHints":{"allow":["GET"]}}],"collection":[{"href":"https:\/\/wrapdesign.ca\/en\/wp-json\/wp\/v2\/product"}],"about":[{"href":"https:\/\/wrapdesign.ca\/en\/wp-json\/wp\/v2\/types\/product"}],"wp:featuredmedia":[{"embeddable":true,"href":"https:\/\/wrapdesign.ca\/en\/wp-json\/wp\/v2\/media\/5626"}],"wp:attachment":[{"href":"https:\/\/wrapdesign.ca\/en\/wp-json\/wp\/v2\/media?parent=5625"}],"wp:term":[{"taxonomy":"product_cat","embeddable":true,"href":"https:\/\/wrapdesign.ca\/en\/wp-json\/wp\/v2\/product_cat?post=5625"},{"taxonomy":"product_tag","embeddable":true,"href":"https:\/\/wrapdesign.ca\/en\/wp-json\/wp\/v2\/product_tag?post=5625"}],"curies":[{"name":"wp","href":"https:\/\/api.w.org\/{rel}","templated":true}]}}