{"id":5634,"date":"2025-11-27T01:32:29","date_gmt":"2025-11-27T01:32:29","guid":{"rendered":"https:\/\/wrapdesign.ca\/?post_type=product&#038;p=5634"},"modified":"2025-11-27T03:28:32","modified_gmt":"2025-11-27T03:28:32","slug":"spw15-velvet-oak-fini-chene-veloute-vinyle-architectural-haut-de-gamme","status":"publish","type":"product","link":"https:\/\/wrapdesign.ca\/en\/product\/spw15-velvet-oak-fini-chene-veloute-vinyle-architectural-haut-de-gamme\/","title":{"rendered":"SPW15 &#8211; Velvet Oak"},"content":{"rendered":"<table>\n<tbody>\n<tr>\n<th>Length of a full roll<\/th>\n<td>164 pieds<\/td>\n<\/tr>\n<tr>\n<th>Width<\/th>\n<td>4 feet<\/td>\n<\/tr>\n<tr>\n<th>Poids<\/th>\n<td>~ 55 lb<\/td>\n<\/tr>\n<tr>\n<th>Product type<\/th>\n<td>PVC<\/td>\n<\/tr>\n<tr>\n<th>Surface finish<\/th>\n<td>Bois (Origine)<\/td>\n<\/tr>\n<tr>\n<th>Stretchy<\/th>\n<td>Yes<\/td>\n<\/tr>\n<tr>\n<th>Warranty<\/th>\n<td>10 years<\/td>\n<\/tr>\n<tr>\n<th>Scratch resistance<\/th>\n<td>7000 Taber Cycles<\/td>\n<\/tr>\n<tr>\n<th>R\u00e9sistance au feu<\/th>\n<td>Classe A \u2013 Classification au feu ASTM E84<\/td>\n<\/tr>\n<\/tbody>\n<\/table>","protected":false},"excerpt":{"rendered":"<p>Le mod\u00e8le <strong data-start=\"429\" data-end=\"449\">SPW15 Velvet Oak<\/strong> offre un fini ch\u00eane velout\u00e9 d\u2019une grande finesse, combinant nuances chaleureuses et texture bois r\u00e9aliste. Sa profondeur visuelle et son aspect naturel rehaussent imm\u00e9diatement armoires, murs, portes et meubles. Issu de la <strong data-start=\"673\" data-end=\"699\">Origin Wood Collection<\/strong>, il propose un rendu haut de gamme parfaitement adapt\u00e9 aux projets r\u00e9sidentiels et commerciaux. Durable, raffin\u00e9 et facile \u00e0 installer sans d\u00e9molition, ce vinyle architectural assure une transformation \u00e9l\u00e9gante et durable. Une solution premium qui marie authenticit\u00e9, modernit\u00e9 et performance.<\/p>","protected":false},"featured_media":5636,"template":"","meta":{"_acf_changed":false},"product_cat":[29,40],"product_tag":[],"class_list":{"0":"post-5634","1":"product","2":"type-product","3":"status-publish","4":"has-post-thumbnail","6":"product_cat-pellicules-adhesives","7":"product_cat-bois-origine","9":"first","10":"instock","11":"taxable","12":"shipping-taxable","13":"purchasable","14":"product-type-simple"},"acf":[],"yoast_head":"<!-- This site is optimized with the Yoast SEO plugin v22.3 - https:\/\/yoast.com\/wordpress\/plugins\/seo\/ -->\n<title>SPW15 - Velvet Oak - Wrap Design<\/title>\n<meta name=\"description\" content=\"SPW15 Velvet Oak, fini ch\u00eane velout\u00e9 riche et naturel. Vinyle architectural haut de gamme id\u00e9al pour murs, armoires, portes et mobilier.\" \/>\n<meta name=\"robots\" content=\"index, follow, max-snippet:-1, max-image-preview:large, max-video-preview:-1\" \/>\n<link rel=\"canonical\" href=\"https:\/\/wrapdesign.ca\/en\/product\/spw15-velvet-oak-fini-chene-veloute-vinyle-architectural-haut-de-gamme\" \/>\n<meta property=\"og:locale\" content=\"en_US\" \/>\n<meta property=\"og:type\" content=\"article\" \/>\n<meta property=\"og:title\" content=\"SPW15 - Velvet Oak - Wrap Design\" \/>\n<meta property=\"og:description\" content=\"SPW15 Velvet Oak, fini ch\u00eane velout\u00e9 riche et naturel. Vinyle architectural haut de gamme id\u00e9al pour murs, armoires, portes et mobilier.\" \/>\n<meta property=\"og:url\" content=\"https:\/\/wrapdesign.ca\/en\/product\/spw15-velvet-oak-fini-chene-veloute-vinyle-architectural-haut-de-gamme\" \/>\n<meta property=\"og:site_name\" content=\"Wrap Design\" \/>\n<meta property=\"article:modified_time\" content=\"2025-11-27T03:28:32+00:00\" \/>\n<meta property=\"og:image\" content=\"https:\/\/wrapdesign.ca\/wp-content\/uploads\/2025\/11\/SPW15-2023.jpg\" \/>\n\t<meta property=\"og:image:width\" content=\"1240\" \/>\n\t<meta property=\"og:image:height\" content=\"1753\" \/>\n\t<meta property=\"og:image:type\" content=\"image\/jpeg\" \/>\n<meta name=\"twitter:card\" content=\"summary_large_image\" \/>\n<meta name=\"twitter:label1\" content=\"Est. reading time\" \/>\n\t<meta name=\"twitter:data1\" content=\"1 minute\" \/>\n<script type=\"application\/ld+json\" class=\"yoast-schema-graph\">{\"@context\":\"https:\/\/schema.org\",\"@graph\":[{\"@type\":\"WebPage\",\"@id\":\"https:\/\/wrapdesign.ca\/product\/spw15-velvet-oak-fini-chene-veloute-vinyle-architectural-haut-de-gamme\/\",\"url\":\"https:\/\/wrapdesign.ca\/product\/spw15-velvet-oak-fini-chene-veloute-vinyle-architectural-haut-de-gamme\/\",\"name\":\"SPW15 - Velvet Oak - Wrap Design\",\"isPartOf\":{\"@id\":\"https:\/\/wrapdesign.ca\/#website\"},\"primaryImageOfPage\":{\"@id\":\"https:\/\/wrapdesign.ca\/product\/spw15-velvet-oak-fini-chene-veloute-vinyle-architectural-haut-de-gamme\/#primaryimage\"},\"image\":{\"@id\":\"https:\/\/wrapdesign.ca\/product\/spw15-velvet-oak-fini-chene-veloute-vinyle-architectural-haut-de-gamme\/#primaryimage\"},\"thumbnailUrl\":\"https:\/\/wrapdesign.ca\/wp-content\/uploads\/2025\/11\/SPW15-2023.jpg\",\"datePublished\":\"2025-11-27T01:32:29+00:00\",\"dateModified\":\"2025-11-27T03:28:32+00:00\",\"description\":\"SPW15 Velvet Oak, fini ch\u00eane velout\u00e9 riche et naturel. Vinyle architectural haut de gamme id\u00e9al pour murs, armoires, portes et mobilier.\",\"breadcrumb\":{\"@id\":\"https:\/\/wrapdesign.ca\/product\/spw15-velvet-oak-fini-chene-veloute-vinyle-architectural-haut-de-gamme\/#breadcrumb\"},\"inLanguage\":\"en-US\",\"potentialAction\":[{\"@type\":\"ReadAction\",\"target\":[\"https:\/\/wrapdesign.ca\/product\/spw15-velvet-oak-fini-chene-veloute-vinyle-architectural-haut-de-gamme\/\"]}]},{\"@type\":\"ImageObject\",\"inLanguage\":\"en-US\",\"@id\":\"https:\/\/wrapdesign.ca\/product\/spw15-velvet-oak-fini-chene-veloute-vinyle-architectural-haut-de-gamme\/#primaryimage\",\"url\":\"https:\/\/wrapdesign.ca\/wp-content\/uploads\/2025\/11\/SPW15-2023.jpg\",\"contentUrl\":\"https:\/\/wrapdesign.ca\/wp-content\/uploads\/2025\/11\/SPW15-2023.jpg\",\"width\":1240,\"height\":1753},{\"@type\":\"BreadcrumbList\",\"@id\":\"https:\/\/wrapdesign.ca\/product\/spw15-velvet-oak-fini-chene-veloute-vinyle-architectural-haut-de-gamme\/#breadcrumb\",\"itemListElement\":[{\"@type\":\"ListItem\",\"position\":1,\"name\":\"Home\",\"item\":\"https:\/\/wrapdesign.ca\/\"},{\"@type\":\"ListItem\",\"position\":2,\"name\":\"boutique\",\"item\":\"https:\/\/wrapdesign.ca\/boutique\/\"},{\"@type\":\"ListItem\",\"position\":3,\"name\":\"SPW15 &#8211; Velvet Oak\"}]},{\"@type\":\"WebSite\",\"@id\":\"https:\/\/wrapdesign.ca\/#website\",\"url\":\"https:\/\/wrapdesign.ca\/\",\"name\":\"Wrap Design\",\"description\":\"\",\"potentialAction\":[{\"@type\":\"SearchAction\",\"target\":{\"@type\":\"EntryPoint\",\"urlTemplate\":\"https:\/\/wrapdesign.ca\/?s={search_term_string}\"},\"query-input\":\"required name=search_term_string\"}],\"inLanguage\":\"en-US\"}]}<\/script>\n<!-- \/ Yoast SEO plugin. -->","yoast_head_json":{"title":"SPW15 - Velvet Oak - Wrap Design","description":"SPW15 Velvet Oak, fini ch\u00eane velout\u00e9 riche et naturel. Vinyle architectural haut de gamme id\u00e9al pour murs, armoires, portes et mobilier.","robots":{"index":"index","follow":"follow","max-snippet":"max-snippet:-1","max-image-preview":"max-image-preview:large","max-video-preview":"max-video-preview:-1"},"canonical":"https:\/\/wrapdesign.ca\/en\/product\/spw15-velvet-oak-fini-chene-veloute-vinyle-architectural-haut-de-gamme","og_locale":"en_US","og_type":"article","og_title":"SPW15 - Velvet Oak - Wrap Design","og_description":"SPW15 Velvet Oak, fini ch\u00eane velout\u00e9 riche et naturel. Vinyle architectural haut de gamme id\u00e9al pour murs, armoires, portes et mobilier.","og_url":"https:\/\/wrapdesign.ca\/en\/product\/spw15-velvet-oak-fini-chene-veloute-vinyle-architectural-haut-de-gamme","og_site_name":"Wrap Design","article_modified_time":"2025-11-27T03:28:32+00:00","og_image":[{"width":1240,"height":1753,"url":"https:\/\/wrapdesign.ca\/wp-content\/uploads\/2025\/11\/SPW15-2023.jpg","type":"image\/jpeg"}],"twitter_card":"summary_large_image","twitter_misc":{"Est. reading time":"1 minute"},"schema":{"@context":"https:\/\/schema.org","@graph":[{"@type":"WebPage","@id":"https:\/\/wrapdesign.ca\/product\/spw15-velvet-oak-fini-chene-veloute-vinyle-architectural-haut-de-gamme\/","url":"https:\/\/wrapdesign.ca\/product\/spw15-velvet-oak-fini-chene-veloute-vinyle-architectural-haut-de-gamme\/","name":"SPW15 - Velvet Oak - Wrap Design","isPartOf":{"@id":"https:\/\/wrapdesign.ca\/#website"},"primaryImageOfPage":{"@id":"https:\/\/wrapdesign.ca\/product\/spw15-velvet-oak-fini-chene-veloute-vinyle-architectural-haut-de-gamme\/#primaryimage"},"image":{"@id":"https:\/\/wrapdesign.ca\/product\/spw15-velvet-oak-fini-chene-veloute-vinyle-architectural-haut-de-gamme\/#primaryimage"},"thumbnailUrl":"https:\/\/wrapdesign.ca\/wp-content\/uploads\/2025\/11\/SPW15-2023.jpg","datePublished":"2025-11-27T01:32:29+00:00","dateModified":"2025-11-27T03:28:32+00:00","description":"SPW15 Velvet Oak, fini ch\u00eane velout\u00e9 riche et naturel. Vinyle architectural haut de gamme id\u00e9al pour murs, armoires, portes et mobilier.","breadcrumb":{"@id":"https:\/\/wrapdesign.ca\/product\/spw15-velvet-oak-fini-chene-veloute-vinyle-architectural-haut-de-gamme\/#breadcrumb"},"inLanguage":"en-US","potentialAction":[{"@type":"ReadAction","target":["https:\/\/wrapdesign.ca\/product\/spw15-velvet-oak-fini-chene-veloute-vinyle-architectural-haut-de-gamme\/"]}]},{"@type":"ImageObject","inLanguage":"en-US","@id":"https:\/\/wrapdesign.ca\/product\/spw15-velvet-oak-fini-chene-veloute-vinyle-architectural-haut-de-gamme\/#primaryimage","url":"https:\/\/wrapdesign.ca\/wp-content\/uploads\/2025\/11\/SPW15-2023.jpg","contentUrl":"https:\/\/wrapdesign.ca\/wp-content\/uploads\/2025\/11\/SPW15-2023.jpg","width":1240,"height":1753},{"@type":"BreadcrumbList","@id":"https:\/\/wrapdesign.ca\/product\/spw15-velvet-oak-fini-chene-veloute-vinyle-architectural-haut-de-gamme\/#breadcrumb","itemListElement":[{"@type":"ListItem","position":1,"name":"Home","item":"https:\/\/wrapdesign.ca\/"},{"@type":"ListItem","position":2,"name":"boutique","item":"https:\/\/wrapdesign.ca\/boutique\/"},{"@type":"ListItem","position":3,"name":"SPW15 &#8211; Velvet Oak"}]},{"@type":"WebSite","@id":"https:\/\/wrapdesign.ca\/#website","url":"https:\/\/wrapdesign.ca\/","name":"Wrap Design","description":"","potentialAction":[{"@type":"SearchAction","target":{"@type":"EntryPoint","urlTemplate":"https:\/\/wrapdesign.ca\/?s={search_term_string}"},"query-input":"required name=search_term_string"}],"inLanguage":"en-US"}]}},"_links":{"self":[{"href":"https:\/\/wrapdesign.ca\/en\/wp-json\/wp\/v2\/product\/5634","targetHints":{"allow":["GET"]}}],"collection":[{"href":"https:\/\/wrapdesign.ca\/en\/wp-json\/wp\/v2\/product"}],"about":[{"href":"https:\/\/wrapdesign.ca\/en\/wp-json\/wp\/v2\/types\/product"}],"wp:featuredmedia":[{"embeddable":true,"href":"https:\/\/wrapdesign.ca\/en\/wp-json\/wp\/v2\/media\/5636"}],"wp:attachment":[{"href":"https:\/\/wrapdesign.ca\/en\/wp-json\/wp\/v2\/media?parent=5634"}],"wp:term":[{"taxonomy":"product_cat","embeddable":true,"href":"https:\/\/wrapdesign.ca\/en\/wp-json\/wp\/v2\/product_cat?post=5634"},{"taxonomy":"product_tag","embeddable":true,"href":"https:\/\/wrapdesign.ca\/en\/wp-json\/wp\/v2\/product_tag?post=5634"}],"curies":[{"name":"wp","href":"https:\/\/api.w.org\/{rel}","templated":true}]}}