{"id":5662,"date":"2025-11-27T02:00:26","date_gmt":"2025-11-27T02:00:26","guid":{"rendered":"https:\/\/wrapdesign.ca\/?post_type=product&#038;p=5662"},"modified":"2026-02-24T01:35:28","modified_gmt":"2026-02-24T01:35:28","slug":"lw104-amber-sonoma-oak-fini-chene-ambre-vinyle-architectural-haut-de-gamme","status":"publish","type":"product","link":"https:\/\/wrapdesign.ca\/en\/product\/lw104-amber-sonoma-oak-fini-chene-ambre-vinyle-architectural-haut-de-gamme\/","title":{"rendered":"LW104 &#8211; Amber Sonoma Oak"},"content":{"rendered":"<table>\n<tbody>\n<tr>\n<th>Length of a full roll<\/th>\n<td>164 pieds<\/td>\n<\/tr>\n<tr>\n<th>Width<\/th>\n<td>4 feet<\/td>\n<\/tr>\n<tr>\n<th>Poids<\/th>\n<td>~ 55 lb<\/td>\n<\/tr>\n<tr>\n<th>Product type<\/th>\n<td>PVC<\/td>\n<\/tr>\n<tr>\n<th>Surface finish<\/th>\n<td>Bois (Long Wood)<\/td>\n<\/tr>\n<tr>\n<th>Stretchy<\/th>\n<td>Yes<\/td>\n<\/tr>\n<tr>\n<th>Warranty<\/th>\n<td>10 years<\/td>\n<\/tr>\n<tr>\n<th>Scratch resistance<\/th>\n<td>7000 Taber Cycles<\/td>\n<\/tr>\n<tr>\n<th>R\u00e9sistance au feu<\/th>\n<td>Classe A \u2013 Classification au feu ASTM E84<\/td>\n<\/tr>\n<\/tbody>\n<\/table>","protected":false},"excerpt":{"rendered":"<article class=\"text-token-text-primary w-full focus:outline-none [--shadow-height:45px] has-data-writing-block:pointer-events-none has-data-writing-block:-mt-(--shadow-height) has-data-writing-block:pt-(--shadow-height) [&amp;:has([data-writing-block])&gt;*]:pointer-events-auto scroll-mt-[calc(var(--header-height)+min(200px,max(70px,20svh)))]\" dir=\"auto\" style=\"font-style: normal; font-variant-caps: normal; font-weight: 400; letter-spacing: normal; orphans: auto; text-align: start; text-indent: 0px; text-transform: none; white-space: normal; widows: auto; word-spacing: 0px; -webkit-text-stroke-width: 0px; text-decoration: none; caret-color: #000000; color: #000000;\" tabindex=\"-1\" data-turn-id=\"request-6923c2f7-2d14-8326-aab6-36fc46339369-11\" data-testid=\"conversation-turn-14\" data-scroll-anchor=\"true\" data-turn=\"assistant\">\n<div class=\"text-base my-auto mx-auto pb-10 [--thread-content-margin:--spacing(4)] thread-sm:[--thread-content-margin:--spacing(6)] thread-lg:[--thread-content-margin:--spacing(16)] px-(--thread-content-margin)\">\n<div class=\"[--thread-content-max-width:40rem] thread-lg:[--thread-content-max-width:48rem] mx-auto max-w-(--thread-content-max-width) flex-1 group\/turn-messages focus-visible:outline-hidden relative flex w-full min-w-0 flex-col agent-turn\" tabindex=\"-1\">\n<div class=\"flex max-w-full flex-col grow\">\n<div class=\"min-h-8 text-message relative flex w-full flex-col items-end gap-2 text-start break-words whitespace-normal [.text-message+&amp;]:mt-1\" dir=\"auto\" data-message-author-role=\"assistant\" data-message-id=\"9f735355-a533-4057-804c-b002a95723f5\" data-message-model-slug=\"gpt-5-1\">\n<div class=\"flex w-full flex-col gap-1 empty:hidden first:pt-[1px]\">\n<div class=\"markdown prose dark:prose-invert w-full break-words dark markdown-new-styling\">\n<article class=\"text-token-text-primary w-full focus:outline-none [--shadow-height:45px] has-data-writing-block:pointer-events-none has-data-writing-block:-mt-(--shadow-height) has-data-writing-block:pt-(--shadow-height) [&amp;:has([data-writing-block])&gt;*]:pointer-events-auto scroll-mt-[calc(var(--header-height)+min(200px,max(70px,20svh)))]\" dir=\"auto\" style=\"font-style: normal; font-variant-caps: normal; font-weight: 400; letter-spacing: normal; orphans: auto; text-align: start; text-indent: 0px; text-transform: none; white-space: normal; widows: auto; word-spacing: 0px; -webkit-text-stroke-width: 0px; text-decoration: none; caret-color: #000000; color: #000000;\" tabindex=\"-1\" data-turn-id=\"request-6923c2f7-2d14-8326-aab6-36fc46339369-23\" data-testid=\"conversation-turn-38\" data-scroll-anchor=\"true\" data-turn=\"assistant\">\n<div class=\"text-base my-auto mx-auto pb-10 [--thread-content-margin:--spacing(4)] thread-sm:[--thread-content-margin:--spacing(6)] thread-lg:[--thread-content-margin:--spacing(16)] px-(--thread-content-margin)\">\n<div class=\"[--thread-content-max-width:40rem] thread-lg:[--thread-content-max-width:48rem] mx-auto max-w-(--thread-content-max-width) flex-1 group\/turn-messages focus-visible:outline-hidden relative flex w-full min-w-0 flex-col agent-turn\" tabindex=\"-1\">\n<div class=\"flex max-w-full flex-col grow\">\n<div class=\"min-h-8 text-message relative flex w-full flex-col items-end gap-2 text-start break-words whitespace-normal [.text-message+&amp;]:mt-1\" dir=\"auto\" data-message-author-role=\"assistant\" data-message-id=\"0c31cbc2-5234-4d0b-8ebe-2f0ea543d773\" data-message-model-slug=\"gpt-5-1\">\n<div class=\"flex w-full flex-col gap-1 empty:hidden first:pt-[1px]\">\n<div class=\"markdown prose dark:prose-invert w-full break-words dark markdown-new-styling\">\n<p data-start=\"410\" data-end=\"960\" data-is-last-node=\"\" data-is-only-node=\"\">Le mod\u00e8le <strong data-start=\"420\" data-end=\"446\">LW104 Amber Sonoma Oak<\/strong> pr\u00e9sente un fini ch\u00eane ambr\u00e9 riche, aux nuances chaleureuses et aux grains naturels qui rappellent le bois v\u00e9ritable. Id\u00e9al pour rehausser armoires, meubles, portes ou murs, il apporte une ambiance accueillante et haut de gamme aux projets r\u00e9sidentiels et commerciaux. Durable et facile \u00e0 installer, ce vinyle architectural permet un resurfa\u00e7age propre, rapide et sans d\u00e9molition. Sa texture r\u00e9aliste et son \u00e9l\u00e9gance naturelle offrent une solution premium pour transformer un espace avec charme et sophistication.<\/p>\n<\/div>\n<\/div>\n<\/div>\n<\/div>\n<\/div>\n<\/div>\n<\/article>\n<\/div>\n<\/div>\n<\/div>\n<\/div>\n<\/div>\n<\/div>\n<\/article>","protected":false},"featured_media":5663,"template":"","meta":{"_acf_changed":false},"product_cat":[47,29,40],"product_tag":[],"class_list":{"0":"post-5662","1":"product","2":"type-product","3":"status-publish","4":"has-post-thumbnail","6":"product_cat-selection-wrap-design","7":"product_cat-pellicules-adhesives","8":"product_cat-bois-origine","10":"first","11":"instock","12":"taxable","13":"shipping-taxable","14":"purchasable","15":"product-type-simple"},"acf":[],"yoast_head":"<!-- This site is optimized with the Yoast SEO plugin v22.3 - https:\/\/yoast.com\/wordpress\/plugins\/seo\/ -->\n<title>LW104 - Amber Sonoma Oak - Wrap Design<\/title>\n<meta name=\"description\" content=\"LW104 Amber Sonoma Oak offre un ch\u00eane ambr\u00e9 chaleureux et r\u00e9aliste. Vinyle architectural durable pour murs, meubles et armoires haut de gamme.\" \/>\n<meta name=\"robots\" content=\"index, follow, max-snippet:-1, max-image-preview:large, max-video-preview:-1\" \/>\n<link rel=\"canonical\" href=\"https:\/\/wrapdesign.ca\/en\/product\/lw104-amber-sonoma-oak-fini-chene-ambre-vinyle-architectural-haut-de-gamme\" \/>\n<meta property=\"og:locale\" content=\"en_US\" \/>\n<meta property=\"og:type\" content=\"article\" \/>\n<meta property=\"og:title\" content=\"LW104 - Amber Sonoma Oak - Wrap Design\" \/>\n<meta property=\"og:description\" content=\"LW104 Amber Sonoma Oak offre un ch\u00eane ambr\u00e9 chaleureux et r\u00e9aliste. Vinyle architectural durable pour murs, meubles et armoires haut de gamme.\" \/>\n<meta property=\"og:url\" content=\"https:\/\/wrapdesign.ca\/en\/product\/lw104-amber-sonoma-oak-fini-chene-ambre-vinyle-architectural-haut-de-gamme\" \/>\n<meta property=\"og:site_name\" content=\"Wrap Design\" \/>\n<meta property=\"article:modified_time\" content=\"2026-02-24T01:35:28+00:00\" \/>\n<meta property=\"og:image\" content=\"https:\/\/wrapdesign.ca\/wp-content\/uploads\/2025\/11\/LW104_NEW-min.jpg\" \/>\n\t<meta property=\"og:image:width\" content=\"1240\" \/>\n\t<meta property=\"og:image:height\" content=\"1754\" \/>\n\t<meta property=\"og:image:type\" content=\"image\/jpeg\" \/>\n<meta name=\"twitter:card\" content=\"summary_large_image\" \/>\n<meta name=\"twitter:label1\" content=\"Est. reading time\" \/>\n\t<meta name=\"twitter:data1\" content=\"1 minute\" \/>\n<script type=\"application\/ld+json\" class=\"yoast-schema-graph\">{\"@context\":\"https:\/\/schema.org\",\"@graph\":[{\"@type\":\"WebPage\",\"@id\":\"https:\/\/wrapdesign.ca\/product\/lw104-amber-sonoma-oak-fini-chene-ambre-vinyle-architectural-haut-de-gamme\/\",\"url\":\"https:\/\/wrapdesign.ca\/product\/lw104-amber-sonoma-oak-fini-chene-ambre-vinyle-architectural-haut-de-gamme\/\",\"name\":\"LW104 - Amber Sonoma Oak - Wrap Design\",\"isPartOf\":{\"@id\":\"https:\/\/wrapdesign.ca\/#website\"},\"primaryImageOfPage\":{\"@id\":\"https:\/\/wrapdesign.ca\/product\/lw104-amber-sonoma-oak-fini-chene-ambre-vinyle-architectural-haut-de-gamme\/#primaryimage\"},\"image\":{\"@id\":\"https:\/\/wrapdesign.ca\/product\/lw104-amber-sonoma-oak-fini-chene-ambre-vinyle-architectural-haut-de-gamme\/#primaryimage\"},\"thumbnailUrl\":\"https:\/\/wrapdesign.ca\/wp-content\/uploads\/2025\/11\/LW104_NEW-min.jpg\",\"datePublished\":\"2025-11-27T02:00:26+00:00\",\"dateModified\":\"2026-02-24T01:35:28+00:00\",\"description\":\"LW104 Amber Sonoma Oak offre un ch\u00eane ambr\u00e9 chaleureux et r\u00e9aliste. Vinyle architectural durable pour murs, meubles et armoires haut de gamme.\",\"breadcrumb\":{\"@id\":\"https:\/\/wrapdesign.ca\/product\/lw104-amber-sonoma-oak-fini-chene-ambre-vinyle-architectural-haut-de-gamme\/#breadcrumb\"},\"inLanguage\":\"en-US\",\"potentialAction\":[{\"@type\":\"ReadAction\",\"target\":[\"https:\/\/wrapdesign.ca\/product\/lw104-amber-sonoma-oak-fini-chene-ambre-vinyle-architectural-haut-de-gamme\/\"]}]},{\"@type\":\"ImageObject\",\"inLanguage\":\"en-US\",\"@id\":\"https:\/\/wrapdesign.ca\/product\/lw104-amber-sonoma-oak-fini-chene-ambre-vinyle-architectural-haut-de-gamme\/#primaryimage\",\"url\":\"https:\/\/wrapdesign.ca\/wp-content\/uploads\/2025\/11\/LW104_NEW-min.jpg\",\"contentUrl\":\"https:\/\/wrapdesign.ca\/wp-content\/uploads\/2025\/11\/LW104_NEW-min.jpg\",\"width\":1240,\"height\":1754},{\"@type\":\"BreadcrumbList\",\"@id\":\"https:\/\/wrapdesign.ca\/product\/lw104-amber-sonoma-oak-fini-chene-ambre-vinyle-architectural-haut-de-gamme\/#breadcrumb\",\"itemListElement\":[{\"@type\":\"ListItem\",\"position\":1,\"name\":\"Home\",\"item\":\"https:\/\/wrapdesign.ca\/\"},{\"@type\":\"ListItem\",\"position\":2,\"name\":\"boutique\",\"item\":\"https:\/\/wrapdesign.ca\/boutique\/\"},{\"@type\":\"ListItem\",\"position\":3,\"name\":\"LW104 &#8211; Amber Sonoma Oak\"}]},{\"@type\":\"WebSite\",\"@id\":\"https:\/\/wrapdesign.ca\/#website\",\"url\":\"https:\/\/wrapdesign.ca\/\",\"name\":\"Wrap Design\",\"description\":\"\",\"potentialAction\":[{\"@type\":\"SearchAction\",\"target\":{\"@type\":\"EntryPoint\",\"urlTemplate\":\"https:\/\/wrapdesign.ca\/?s={search_term_string}\"},\"query-input\":\"required name=search_term_string\"}],\"inLanguage\":\"en-US\"}]}<\/script>\n<!-- \/ Yoast SEO plugin. -->","yoast_head_json":{"title":"LW104 - Amber Sonoma Oak - Wrap Design","description":"LW104 Amber Sonoma Oak offre un ch\u00eane ambr\u00e9 chaleureux et r\u00e9aliste. Vinyle architectural durable pour murs, meubles et armoires haut de gamme.","robots":{"index":"index","follow":"follow","max-snippet":"max-snippet:-1","max-image-preview":"max-image-preview:large","max-video-preview":"max-video-preview:-1"},"canonical":"https:\/\/wrapdesign.ca\/en\/product\/lw104-amber-sonoma-oak-fini-chene-ambre-vinyle-architectural-haut-de-gamme","og_locale":"en_US","og_type":"article","og_title":"LW104 - Amber Sonoma Oak - Wrap Design","og_description":"LW104 Amber Sonoma Oak offre un ch\u00eane ambr\u00e9 chaleureux et r\u00e9aliste. Vinyle architectural durable pour murs, meubles et armoires haut de gamme.","og_url":"https:\/\/wrapdesign.ca\/en\/product\/lw104-amber-sonoma-oak-fini-chene-ambre-vinyle-architectural-haut-de-gamme","og_site_name":"Wrap Design","article_modified_time":"2026-02-24T01:35:28+00:00","og_image":[{"width":1240,"height":1754,"url":"https:\/\/wrapdesign.ca\/wp-content\/uploads\/2025\/11\/LW104_NEW-min.jpg","type":"image\/jpeg"}],"twitter_card":"summary_large_image","twitter_misc":{"Est. reading time":"1 minute"},"schema":{"@context":"https:\/\/schema.org","@graph":[{"@type":"WebPage","@id":"https:\/\/wrapdesign.ca\/product\/lw104-amber-sonoma-oak-fini-chene-ambre-vinyle-architectural-haut-de-gamme\/","url":"https:\/\/wrapdesign.ca\/product\/lw104-amber-sonoma-oak-fini-chene-ambre-vinyle-architectural-haut-de-gamme\/","name":"LW104 - Amber Sonoma Oak - Wrap Design","isPartOf":{"@id":"https:\/\/wrapdesign.ca\/#website"},"primaryImageOfPage":{"@id":"https:\/\/wrapdesign.ca\/product\/lw104-amber-sonoma-oak-fini-chene-ambre-vinyle-architectural-haut-de-gamme\/#primaryimage"},"image":{"@id":"https:\/\/wrapdesign.ca\/product\/lw104-amber-sonoma-oak-fini-chene-ambre-vinyle-architectural-haut-de-gamme\/#primaryimage"},"thumbnailUrl":"https:\/\/wrapdesign.ca\/wp-content\/uploads\/2025\/11\/LW104_NEW-min.jpg","datePublished":"2025-11-27T02:00:26+00:00","dateModified":"2026-02-24T01:35:28+00:00","description":"LW104 Amber Sonoma Oak offre un ch\u00eane ambr\u00e9 chaleureux et r\u00e9aliste. Vinyle architectural durable pour murs, meubles et armoires haut de gamme.","breadcrumb":{"@id":"https:\/\/wrapdesign.ca\/product\/lw104-amber-sonoma-oak-fini-chene-ambre-vinyle-architectural-haut-de-gamme\/#breadcrumb"},"inLanguage":"en-US","potentialAction":[{"@type":"ReadAction","target":["https:\/\/wrapdesign.ca\/product\/lw104-amber-sonoma-oak-fini-chene-ambre-vinyle-architectural-haut-de-gamme\/"]}]},{"@type":"ImageObject","inLanguage":"en-US","@id":"https:\/\/wrapdesign.ca\/product\/lw104-amber-sonoma-oak-fini-chene-ambre-vinyle-architectural-haut-de-gamme\/#primaryimage","url":"https:\/\/wrapdesign.ca\/wp-content\/uploads\/2025\/11\/LW104_NEW-min.jpg","contentUrl":"https:\/\/wrapdesign.ca\/wp-content\/uploads\/2025\/11\/LW104_NEW-min.jpg","width":1240,"height":1754},{"@type":"BreadcrumbList","@id":"https:\/\/wrapdesign.ca\/product\/lw104-amber-sonoma-oak-fini-chene-ambre-vinyle-architectural-haut-de-gamme\/#breadcrumb","itemListElement":[{"@type":"ListItem","position":1,"name":"Home","item":"https:\/\/wrapdesign.ca\/"},{"@type":"ListItem","position":2,"name":"boutique","item":"https:\/\/wrapdesign.ca\/boutique\/"},{"@type":"ListItem","position":3,"name":"LW104 &#8211; Amber Sonoma Oak"}]},{"@type":"WebSite","@id":"https:\/\/wrapdesign.ca\/#website","url":"https:\/\/wrapdesign.ca\/","name":"Wrap Design","description":"","potentialAction":[{"@type":"SearchAction","target":{"@type":"EntryPoint","urlTemplate":"https:\/\/wrapdesign.ca\/?s={search_term_string}"},"query-input":"required name=search_term_string"}],"inLanguage":"en-US"}]}},"_links":{"self":[{"href":"https:\/\/wrapdesign.ca\/en\/wp-json\/wp\/v2\/product\/5662","targetHints":{"allow":["GET"]}}],"collection":[{"href":"https:\/\/wrapdesign.ca\/en\/wp-json\/wp\/v2\/product"}],"about":[{"href":"https:\/\/wrapdesign.ca\/en\/wp-json\/wp\/v2\/types\/product"}],"wp:featuredmedia":[{"embeddable":true,"href":"https:\/\/wrapdesign.ca\/en\/wp-json\/wp\/v2\/media\/5663"}],"wp:attachment":[{"href":"https:\/\/wrapdesign.ca\/en\/wp-json\/wp\/v2\/media?parent=5662"}],"wp:term":[{"taxonomy":"product_cat","embeddable":true,"href":"https:\/\/wrapdesign.ca\/en\/wp-json\/wp\/v2\/product_cat?post=5662"},{"taxonomy":"product_tag","embeddable":true,"href":"https:\/\/wrapdesign.ca\/en\/wp-json\/wp\/v2\/product_tag?post=5662"}],"curies":[{"name":"wp","href":"https:\/\/api.w.org\/{rel}","templated":true}]}}