{"id":5699,"date":"2025-11-27T02:43:34","date_gmt":"2025-11-27T02:43:34","guid":{"rendered":"https:\/\/wrapdesign.ca\/?post_type=product&#038;p=5699"},"modified":"2025-11-27T03:26:05","modified_gmt":"2025-11-27T03:26:05","slug":"w260-walnut-fini-noyer-naturel-vinyle-architectural-haut-de-gamme","status":"publish","type":"product","link":"https:\/\/wrapdesign.ca\/en\/product\/w260-walnut-fini-noyer-naturel-vinyle-architectural-haut-de-gamme\/","title":{"rendered":"W260 &#8211; Walnut"},"content":{"rendered":"<table>\n<tbody>\n<tr>\n<th>Length of a full roll<\/th>\n<td>164 pieds<\/td>\n<\/tr>\n<tr>\n<th>Width<\/th>\n<td>4 feet<\/td>\n<\/tr>\n<tr>\n<th>Poids<\/th>\n<td>~ 55 lb<\/td>\n<\/tr>\n<tr>\n<th>Product type<\/th>\n<td>PVC<\/td>\n<\/tr>\n<tr>\n<th>Surface finish<\/th>\n<td>Bois (Standard)<\/td>\n<\/tr>\n<tr>\n<th>Stretchy<\/th>\n<td>Yes<\/td>\n<\/tr>\n<tr>\n<th>Warranty<\/th>\n<td>10 years<\/td>\n<\/tr>\n<tr>\n<th>Scratch resistance<\/th>\n<td>7000 Taber Cycles<\/td>\n<\/tr>\n<tr>\n<th>R\u00e9sistance au feu<\/th>\n<td>Classe A \u2013 Classification au feu ASTM E84<\/td>\n<\/tr>\n<\/tbody>\n<\/table>","protected":false},"excerpt":{"rendered":"<article class=\"text-token-text-primary w-full focus:outline-none [--shadow-height:45px] has-data-writing-block:pointer-events-none has-data-writing-block:-mt-(--shadow-height) has-data-writing-block:pt-(--shadow-height) [&amp;:has([data-writing-block])&gt;*]:pointer-events-auto scroll-mt-[calc(var(--header-height)+min(200px,max(70px,20svh)))]\" dir=\"auto\" style=\"font-style: normal; font-variant-caps: normal; font-weight: 400; letter-spacing: normal; orphans: auto; text-align: start; text-indent: 0px; text-transform: none; white-space: normal; widows: auto; word-spacing: 0px; -webkit-text-stroke-width: 0px; text-decoration: none; caret-color: #000000; color: #000000;\" tabindex=\"-1\" data-turn-id=\"request-6923c2f7-2d14-8326-aab6-36fc46339369-37\" data-testid=\"conversation-turn-66\" data-scroll-anchor=\"true\" data-turn=\"assistant\">\n<div class=\"text-base my-auto mx-auto pb-10 [--thread-content-margin:--spacing(4)] thread-sm:[--thread-content-margin:--spacing(6)] thread-lg:[--thread-content-margin:--spacing(16)] px-(--thread-content-margin)\">\n<div class=\"[--thread-content-max-width:40rem] thread-lg:[--thread-content-max-width:48rem] mx-auto max-w-(--thread-content-max-width) flex-1 group\/turn-messages focus-visible:outline-hidden relative flex w-full min-w-0 flex-col agent-turn\" tabindex=\"-1\">\n<div class=\"flex max-w-full flex-col grow\">\n<div class=\"min-h-8 text-message relative flex w-full flex-col items-end gap-2 text-start break-words whitespace-normal [.text-message+&amp;]:mt-1\" dir=\"auto\" data-message-author-role=\"assistant\" data-message-id=\"09c268c8-a5fc-46f3-9675-fb13583e18b5\" data-message-model-slug=\"gpt-5-1\">\n<div class=\"flex w-full flex-col gap-1 empty:hidden first:pt-[1px]\">\n<div class=\"markdown prose dark:prose-invert w-full break-words dark markdown-new-styling\">\n<p data-start=\"409\" data-end=\"962\" data-is-last-node=\"\" data-is-only-node=\"\">Le mod\u00e8le <strong data-start=\"419\" data-end=\"434\">W260 Walnut<\/strong> pr\u00e9sente un fini noyer naturel aux tons riches et aux veines authentiques, \u00e9voquant la beaut\u00e9 du bois v\u00e9ritable. Parfait pour transformer armoires, murs, portes et mobilier, il apporte une ambiance chaleureuse, \u00e9l\u00e9gante et intemporelle. Issu de la collection bois standard, ce vinyle architectural combine r\u00e9alisme, durabilit\u00e9 et facilit\u00e9 d\u2019installation sans d\u00e9molition. Adapt\u00e9 autant aux d\u00e9cors modernes que classiques, il constitue une solution haut de gamme pour rehausser un espace avec raffinement, naturel et performance.<\/p>\n<\/div>\n<\/div>\n<\/div>\n<\/div>\n<\/div>\n<\/div>\n<\/article>","protected":false},"featured_media":5700,"template":"","meta":{"_acf_changed":false},"product_cat":[29,37],"product_tag":[],"class_list":{"0":"post-5699","1":"product","2":"type-product","3":"status-publish","4":"has-post-thumbnail","6":"product_cat-pellicules-adhesives","7":"product_cat-bois-standard","9":"first","10":"instock","11":"taxable","12":"shipping-taxable","13":"purchasable","14":"product-type-simple"},"acf":[],"yoast_head":"<!-- This site is optimized with the Yoast SEO plugin v22.3 - https:\/\/yoast.com\/wordpress\/plugins\/seo\/ -->\n<title>W260 - Walnut - Wrap Design<\/title>\n<meta name=\"description\" content=\"W260 Walnut offre un fini noyer naturel chaleureux et r\u00e9aliste. Vinyle architectural durable pour murs, armoires, meubles et projets r\u00e9sidentiels ou commerciaux.\" \/>\n<meta name=\"robots\" content=\"index, follow, max-snippet:-1, max-image-preview:large, max-video-preview:-1\" \/>\n<link rel=\"canonical\" href=\"https:\/\/wrapdesign.ca\/en\/product\/w260-walnut-fini-noyer-naturel-vinyle-architectural-haut-de-gamme\" \/>\n<meta property=\"og:locale\" content=\"en_US\" \/>\n<meta property=\"og:type\" content=\"article\" \/>\n<meta property=\"og:title\" content=\"W260 - Walnut - Wrap Design\" \/>\n<meta property=\"og:description\" content=\"W260 Walnut offre un fini noyer naturel chaleureux et r\u00e9aliste. Vinyle architectural durable pour murs, armoires, meubles et projets r\u00e9sidentiels ou commerciaux.\" \/>\n<meta property=\"og:url\" content=\"https:\/\/wrapdesign.ca\/en\/product\/w260-walnut-fini-noyer-naturel-vinyle-architectural-haut-de-gamme\" \/>\n<meta property=\"og:site_name\" content=\"Wrap Design\" \/>\n<meta property=\"article:modified_time\" content=\"2025-11-27T03:26:05+00:00\" \/>\n<meta property=\"og:image\" content=\"https:\/\/wrapdesign.ca\/wp-content\/uploads\/2025\/11\/W260-2023.jpg\" \/>\n\t<meta property=\"og:image:width\" content=\"1240\" \/>\n\t<meta property=\"og:image:height\" content=\"1753\" \/>\n\t<meta property=\"og:image:type\" content=\"image\/jpeg\" \/>\n<meta name=\"twitter:card\" content=\"summary_large_image\" \/>\n<meta name=\"twitter:label1\" content=\"Est. reading time\" \/>\n\t<meta name=\"twitter:data1\" content=\"1 minute\" \/>\n<script type=\"application\/ld+json\" class=\"yoast-schema-graph\">{\"@context\":\"https:\/\/schema.org\",\"@graph\":[{\"@type\":\"WebPage\",\"@id\":\"https:\/\/wrapdesign.ca\/product\/w260-walnut-fini-noyer-naturel-vinyle-architectural-haut-de-gamme\/\",\"url\":\"https:\/\/wrapdesign.ca\/product\/w260-walnut-fini-noyer-naturel-vinyle-architectural-haut-de-gamme\/\",\"name\":\"W260 - Walnut - Wrap Design\",\"isPartOf\":{\"@id\":\"https:\/\/wrapdesign.ca\/#website\"},\"primaryImageOfPage\":{\"@id\":\"https:\/\/wrapdesign.ca\/product\/w260-walnut-fini-noyer-naturel-vinyle-architectural-haut-de-gamme\/#primaryimage\"},\"image\":{\"@id\":\"https:\/\/wrapdesign.ca\/product\/w260-walnut-fini-noyer-naturel-vinyle-architectural-haut-de-gamme\/#primaryimage\"},\"thumbnailUrl\":\"https:\/\/wrapdesign.ca\/wp-content\/uploads\/2025\/11\/W260-2023.jpg\",\"datePublished\":\"2025-11-27T02:43:34+00:00\",\"dateModified\":\"2025-11-27T03:26:05+00:00\",\"description\":\"W260 Walnut offre un fini noyer naturel chaleureux et r\u00e9aliste. Vinyle architectural durable pour murs, armoires, meubles et projets r\u00e9sidentiels ou commerciaux.\",\"breadcrumb\":{\"@id\":\"https:\/\/wrapdesign.ca\/product\/w260-walnut-fini-noyer-naturel-vinyle-architectural-haut-de-gamme\/#breadcrumb\"},\"inLanguage\":\"en-US\",\"potentialAction\":[{\"@type\":\"ReadAction\",\"target\":[\"https:\/\/wrapdesign.ca\/product\/w260-walnut-fini-noyer-naturel-vinyle-architectural-haut-de-gamme\/\"]}]},{\"@type\":\"ImageObject\",\"inLanguage\":\"en-US\",\"@id\":\"https:\/\/wrapdesign.ca\/product\/w260-walnut-fini-noyer-naturel-vinyle-architectural-haut-de-gamme\/#primaryimage\",\"url\":\"https:\/\/wrapdesign.ca\/wp-content\/uploads\/2025\/11\/W260-2023.jpg\",\"contentUrl\":\"https:\/\/wrapdesign.ca\/wp-content\/uploads\/2025\/11\/W260-2023.jpg\",\"width\":1240,\"height\":1753},{\"@type\":\"BreadcrumbList\",\"@id\":\"https:\/\/wrapdesign.ca\/product\/w260-walnut-fini-noyer-naturel-vinyle-architectural-haut-de-gamme\/#breadcrumb\",\"itemListElement\":[{\"@type\":\"ListItem\",\"position\":1,\"name\":\"Home\",\"item\":\"https:\/\/wrapdesign.ca\/\"},{\"@type\":\"ListItem\",\"position\":2,\"name\":\"boutique\",\"item\":\"https:\/\/wrapdesign.ca\/boutique\/\"},{\"@type\":\"ListItem\",\"position\":3,\"name\":\"W260 &#8211; Walnut\"}]},{\"@type\":\"WebSite\",\"@id\":\"https:\/\/wrapdesign.ca\/#website\",\"url\":\"https:\/\/wrapdesign.ca\/\",\"name\":\"Wrap Design\",\"description\":\"\",\"potentialAction\":[{\"@type\":\"SearchAction\",\"target\":{\"@type\":\"EntryPoint\",\"urlTemplate\":\"https:\/\/wrapdesign.ca\/?s={search_term_string}\"},\"query-input\":\"required name=search_term_string\"}],\"inLanguage\":\"en-US\"}]}<\/script>\n<!-- \/ Yoast SEO plugin. -->","yoast_head_json":{"title":"W260 - Walnut - Wrap Design","description":"W260 Walnut offre un fini noyer naturel chaleureux et r\u00e9aliste. Vinyle architectural durable pour murs, armoires, meubles et projets r\u00e9sidentiels ou commerciaux.","robots":{"index":"index","follow":"follow","max-snippet":"max-snippet:-1","max-image-preview":"max-image-preview:large","max-video-preview":"max-video-preview:-1"},"canonical":"https:\/\/wrapdesign.ca\/en\/product\/w260-walnut-fini-noyer-naturel-vinyle-architectural-haut-de-gamme","og_locale":"en_US","og_type":"article","og_title":"W260 - Walnut - Wrap Design","og_description":"W260 Walnut offre un fini noyer naturel chaleureux et r\u00e9aliste. Vinyle architectural durable pour murs, armoires, meubles et projets r\u00e9sidentiels ou commerciaux.","og_url":"https:\/\/wrapdesign.ca\/en\/product\/w260-walnut-fini-noyer-naturel-vinyle-architectural-haut-de-gamme","og_site_name":"Wrap Design","article_modified_time":"2025-11-27T03:26:05+00:00","og_image":[{"width":1240,"height":1753,"url":"https:\/\/wrapdesign.ca\/wp-content\/uploads\/2025\/11\/W260-2023.jpg","type":"image\/jpeg"}],"twitter_card":"summary_large_image","twitter_misc":{"Est. reading time":"1 minute"},"schema":{"@context":"https:\/\/schema.org","@graph":[{"@type":"WebPage","@id":"https:\/\/wrapdesign.ca\/product\/w260-walnut-fini-noyer-naturel-vinyle-architectural-haut-de-gamme\/","url":"https:\/\/wrapdesign.ca\/product\/w260-walnut-fini-noyer-naturel-vinyle-architectural-haut-de-gamme\/","name":"W260 - Walnut - Wrap Design","isPartOf":{"@id":"https:\/\/wrapdesign.ca\/#website"},"primaryImageOfPage":{"@id":"https:\/\/wrapdesign.ca\/product\/w260-walnut-fini-noyer-naturel-vinyle-architectural-haut-de-gamme\/#primaryimage"},"image":{"@id":"https:\/\/wrapdesign.ca\/product\/w260-walnut-fini-noyer-naturel-vinyle-architectural-haut-de-gamme\/#primaryimage"},"thumbnailUrl":"https:\/\/wrapdesign.ca\/wp-content\/uploads\/2025\/11\/W260-2023.jpg","datePublished":"2025-11-27T02:43:34+00:00","dateModified":"2025-11-27T03:26:05+00:00","description":"W260 Walnut offre un fini noyer naturel chaleureux et r\u00e9aliste. Vinyle architectural durable pour murs, armoires, meubles et projets r\u00e9sidentiels ou commerciaux.","breadcrumb":{"@id":"https:\/\/wrapdesign.ca\/product\/w260-walnut-fini-noyer-naturel-vinyle-architectural-haut-de-gamme\/#breadcrumb"},"inLanguage":"en-US","potentialAction":[{"@type":"ReadAction","target":["https:\/\/wrapdesign.ca\/product\/w260-walnut-fini-noyer-naturel-vinyle-architectural-haut-de-gamme\/"]}]},{"@type":"ImageObject","inLanguage":"en-US","@id":"https:\/\/wrapdesign.ca\/product\/w260-walnut-fini-noyer-naturel-vinyle-architectural-haut-de-gamme\/#primaryimage","url":"https:\/\/wrapdesign.ca\/wp-content\/uploads\/2025\/11\/W260-2023.jpg","contentUrl":"https:\/\/wrapdesign.ca\/wp-content\/uploads\/2025\/11\/W260-2023.jpg","width":1240,"height":1753},{"@type":"BreadcrumbList","@id":"https:\/\/wrapdesign.ca\/product\/w260-walnut-fini-noyer-naturel-vinyle-architectural-haut-de-gamme\/#breadcrumb","itemListElement":[{"@type":"ListItem","position":1,"name":"Home","item":"https:\/\/wrapdesign.ca\/"},{"@type":"ListItem","position":2,"name":"boutique","item":"https:\/\/wrapdesign.ca\/boutique\/"},{"@type":"ListItem","position":3,"name":"W260 &#8211; Walnut"}]},{"@type":"WebSite","@id":"https:\/\/wrapdesign.ca\/#website","url":"https:\/\/wrapdesign.ca\/","name":"Wrap Design","description":"","potentialAction":[{"@type":"SearchAction","target":{"@type":"EntryPoint","urlTemplate":"https:\/\/wrapdesign.ca\/?s={search_term_string}"},"query-input":"required name=search_term_string"}],"inLanguage":"en-US"}]}},"_links":{"self":[{"href":"https:\/\/wrapdesign.ca\/en\/wp-json\/wp\/v2\/product\/5699","targetHints":{"allow":["GET"]}}],"collection":[{"href":"https:\/\/wrapdesign.ca\/en\/wp-json\/wp\/v2\/product"}],"about":[{"href":"https:\/\/wrapdesign.ca\/en\/wp-json\/wp\/v2\/types\/product"}],"wp:featuredmedia":[{"embeddable":true,"href":"https:\/\/wrapdesign.ca\/en\/wp-json\/wp\/v2\/media\/5700"}],"wp:attachment":[{"href":"https:\/\/wrapdesign.ca\/en\/wp-json\/wp\/v2\/media?parent=5699"}],"wp:term":[{"taxonomy":"product_cat","embeddable":true,"href":"https:\/\/wrapdesign.ca\/en\/wp-json\/wp\/v2\/product_cat?post=5699"},{"taxonomy":"product_tag","embeddable":true,"href":"https:\/\/wrapdesign.ca\/en\/wp-json\/wp\/v2\/product_tag?post=5699"}],"curies":[{"name":"wp","href":"https:\/\/api.w.org\/{rel}","templated":true}]}}