{"id":931,"date":"2024-02-13T02:02:55","date_gmt":"2024-02-13T02:02:55","guid":{"rendered":"https:\/\/wrapdesign.ca\/?post_type=product&#038;p=931"},"modified":"2025-07-10T01:45:57","modified_gmt":"2025-07-10T01:45:57","slug":"modele-handle-black-7-7-8-po","status":"publish","type":"product","link":"https:\/\/wrapdesign.ca\/en\/product\/modele-handle-black-7-7-8-po\/","title":{"rendered":"Mod\u00e8le Handle Black &#8211; 200 mm"},"content":{"rendered":"","protected":false},"excerpt":{"rendered":"<p>Add a timeless touch to your cabinets and furniture with our matte black solid steel handle. This sleek and sturdy bar, crafted from robust steel, resists corrosion for long-lasting durability. The rounded corners add a user-friendly feel, making it pleasant to touch. Supplied with the necessary screws, this handle offers easy installation to elevate the style of your cabinets with elegance and everyday durability. Choose our matte black robust steel handle as the perfect accessory for refined design and reliable strength.<\/p>\n<p>&nbsp;<\/p>\n<p>Screws not included with your purchase.<\/p>","protected":false},"featured_media":1229,"template":"","meta":{"_acf_changed":false},"product_cat":[32],"product_tag":[],"class_list":{"0":"post-931","1":"product","2":"type-product","3":"status-publish","4":"has-post-thumbnail","6":"product_cat-accessoires","8":"first","9":"instock","10":"taxable","11":"shipping-taxable","12":"purchasable","13":"product-type-simple"},"acf":[],"yoast_head":"<!-- This site is optimized with the Yoast SEO plugin v22.3 - https:\/\/yoast.com\/wordpress\/plugins\/seo\/ -->\n<title>Mod\u00e8le Handle Black - 200 mm - Wrap Design<\/title>\n<meta name=\"description\" content=\"Rehaussez l&#039;\u00e9l\u00e9gance intemporelle de votre cuisine et meubles avec notre poign\u00e9e en acier massif noir mat. R\u00e9sistante \u00e0 la corrosion et facile \u00e0 installer, cette barre profil\u00e9e offre durabilit\u00e9 et style. Optez pour le raffinement et la fiabilit\u00e9 avec notre accessoire de design.\" \/>\n<meta name=\"robots\" content=\"index, follow, max-snippet:-1, max-image-preview:large, max-video-preview:-1\" \/>\n<link rel=\"canonical\" href=\"https:\/\/wrapdesign.ca\/en\/product\/modele-handle-black-7-7-8-po\" \/>\n<meta property=\"og:locale\" content=\"en_US\" \/>\n<meta property=\"og:type\" content=\"article\" \/>\n<meta property=\"og:title\" content=\"Mod\u00e8le Handle Black - 200 mm - Wrap Design\" \/>\n<meta property=\"og:description\" content=\"Rehaussez l&#039;\u00e9l\u00e9gance intemporelle de votre cuisine et meubles avec notre poign\u00e9e en acier massif noir mat. R\u00e9sistante \u00e0 la corrosion et facile \u00e0 installer, cette barre profil\u00e9e offre durabilit\u00e9 et style. Optez pour le raffinement et la fiabilit\u00e9 avec notre accessoire de design.\" \/>\n<meta property=\"og:url\" content=\"https:\/\/wrapdesign.ca\/en\/product\/modele-handle-black-7-7-8-po\" \/>\n<meta property=\"og:site_name\" content=\"Wrap Design\" \/>\n<meta property=\"article:modified_time\" content=\"2025-07-10T01:45:57+00:00\" \/>\n<meta property=\"og:image\" content=\"https:\/\/wrapdesign.ca\/wp-content\/uploads\/2024\/02\/HAM07282-scaled.jpg\" \/>\n\t<meta property=\"og:image:width\" content=\"2560\" \/>\n\t<meta property=\"og:image:height\" content=\"1707\" \/>\n\t<meta property=\"og:image:type\" content=\"image\/jpeg\" \/>\n<meta name=\"twitter:card\" content=\"summary_large_image\" \/>\n<meta name=\"twitter:label1\" content=\"Est. reading time\" \/>\n\t<meta name=\"twitter:data1\" content=\"1 minute\" \/>\n<script type=\"application\/ld+json\" class=\"yoast-schema-graph\">{\"@context\":\"https:\/\/schema.org\",\"@graph\":[{\"@type\":\"WebPage\",\"@id\":\"https:\/\/wrapdesign.ca\/product\/modele-handle-black-7-7-8-po\/\",\"url\":\"https:\/\/wrapdesign.ca\/product\/modele-handle-black-7-7-8-po\/\",\"name\":\"Mod\u00e8le Handle Black - 200 mm - Wrap Design\",\"isPartOf\":{\"@id\":\"https:\/\/wrapdesign.ca\/#website\"},\"primaryImageOfPage\":{\"@id\":\"https:\/\/wrapdesign.ca\/product\/modele-handle-black-7-7-8-po\/#primaryimage\"},\"image\":{\"@id\":\"https:\/\/wrapdesign.ca\/product\/modele-handle-black-7-7-8-po\/#primaryimage\"},\"thumbnailUrl\":\"https:\/\/wrapdesign.ca\/wp-content\/uploads\/2024\/02\/HAM07282-scaled.jpg\",\"datePublished\":\"2024-02-13T02:02:55+00:00\",\"dateModified\":\"2025-07-10T01:45:57+00:00\",\"description\":\"Rehaussez l'\u00e9l\u00e9gance intemporelle de votre cuisine et meubles avec notre poign\u00e9e en acier massif noir mat. R\u00e9sistante \u00e0 la corrosion et facile \u00e0 installer, cette barre profil\u00e9e offre durabilit\u00e9 et style. Optez pour le raffinement et la fiabilit\u00e9 avec notre accessoire de design.\",\"breadcrumb\":{\"@id\":\"https:\/\/wrapdesign.ca\/product\/modele-handle-black-7-7-8-po\/#breadcrumb\"},\"inLanguage\":\"en-US\",\"potentialAction\":[{\"@type\":\"ReadAction\",\"target\":[\"https:\/\/wrapdesign.ca\/product\/modele-handle-black-7-7-8-po\/\"]}]},{\"@type\":\"ImageObject\",\"inLanguage\":\"en-US\",\"@id\":\"https:\/\/wrapdesign.ca\/product\/modele-handle-black-7-7-8-po\/#primaryimage\",\"url\":\"https:\/\/wrapdesign.ca\/wp-content\/uploads\/2024\/02\/HAM07282-scaled.jpg\",\"contentUrl\":\"https:\/\/wrapdesign.ca\/wp-content\/uploads\/2024\/02\/HAM07282-scaled.jpg\",\"width\":2560,\"height\":1707},{\"@type\":\"BreadcrumbList\",\"@id\":\"https:\/\/wrapdesign.ca\/product\/modele-handle-black-7-7-8-po\/#breadcrumb\",\"itemListElement\":[{\"@type\":\"ListItem\",\"position\":1,\"name\":\"Home\",\"item\":\"https:\/\/wrapdesign.ca\/\"},{\"@type\":\"ListItem\",\"position\":2,\"name\":\"boutique\",\"item\":\"https:\/\/wrapdesign.ca\/boutique\/\"},{\"@type\":\"ListItem\",\"position\":3,\"name\":\"Mod\u00e8le Handle Black &#8211; 200 mm\"}]},{\"@type\":\"WebSite\",\"@id\":\"https:\/\/wrapdesign.ca\/#website\",\"url\":\"https:\/\/wrapdesign.ca\/\",\"name\":\"Wrap Design\",\"description\":\"\",\"potentialAction\":[{\"@type\":\"SearchAction\",\"target\":{\"@type\":\"EntryPoint\",\"urlTemplate\":\"https:\/\/wrapdesign.ca\/?s={search_term_string}\"},\"query-input\":\"required name=search_term_string\"}],\"inLanguage\":\"en-US\"}]}<\/script>\n<!-- \/ Yoast SEO plugin. -->","yoast_head_json":{"title":"Mod\u00e8le Handle Black - 200 mm - Wrap Design","description":"Rehaussez l'\u00e9l\u00e9gance intemporelle de votre cuisine et meubles avec notre poign\u00e9e en acier massif noir mat. R\u00e9sistante \u00e0 la corrosion et facile \u00e0 installer, cette barre profil\u00e9e offre durabilit\u00e9 et style. Optez pour le raffinement et la fiabilit\u00e9 avec notre accessoire de design.","robots":{"index":"index","follow":"follow","max-snippet":"max-snippet:-1","max-image-preview":"max-image-preview:large","max-video-preview":"max-video-preview:-1"},"canonical":"https:\/\/wrapdesign.ca\/en\/product\/modele-handle-black-7-7-8-po","og_locale":"en_US","og_type":"article","og_title":"Mod\u00e8le Handle Black - 200 mm - Wrap Design","og_description":"Rehaussez l'\u00e9l\u00e9gance intemporelle de votre cuisine et meubles avec notre poign\u00e9e en acier massif noir mat. R\u00e9sistante \u00e0 la corrosion et facile \u00e0 installer, cette barre profil\u00e9e offre durabilit\u00e9 et style. Optez pour le raffinement et la fiabilit\u00e9 avec notre accessoire de design.","og_url":"https:\/\/wrapdesign.ca\/en\/product\/modele-handle-black-7-7-8-po","og_site_name":"Wrap Design","article_modified_time":"2025-07-10T01:45:57+00:00","og_image":[{"width":2560,"height":1707,"url":"https:\/\/wrapdesign.ca\/wp-content\/uploads\/2024\/02\/HAM07282-scaled.jpg","type":"image\/jpeg"}],"twitter_card":"summary_large_image","twitter_misc":{"Est. reading time":"1 minute"},"schema":{"@context":"https:\/\/schema.org","@graph":[{"@type":"WebPage","@id":"https:\/\/wrapdesign.ca\/product\/modele-handle-black-7-7-8-po\/","url":"https:\/\/wrapdesign.ca\/product\/modele-handle-black-7-7-8-po\/","name":"Mod\u00e8le Handle Black - 200 mm - Wrap Design","isPartOf":{"@id":"https:\/\/wrapdesign.ca\/#website"},"primaryImageOfPage":{"@id":"https:\/\/wrapdesign.ca\/product\/modele-handle-black-7-7-8-po\/#primaryimage"},"image":{"@id":"https:\/\/wrapdesign.ca\/product\/modele-handle-black-7-7-8-po\/#primaryimage"},"thumbnailUrl":"https:\/\/wrapdesign.ca\/wp-content\/uploads\/2024\/02\/HAM07282-scaled.jpg","datePublished":"2024-02-13T02:02:55+00:00","dateModified":"2025-07-10T01:45:57+00:00","description":"Rehaussez l'\u00e9l\u00e9gance intemporelle de votre cuisine et meubles avec notre poign\u00e9e en acier massif noir mat. R\u00e9sistante \u00e0 la corrosion et facile \u00e0 installer, cette barre profil\u00e9e offre durabilit\u00e9 et style. Optez pour le raffinement et la fiabilit\u00e9 avec notre accessoire de design.","breadcrumb":{"@id":"https:\/\/wrapdesign.ca\/product\/modele-handle-black-7-7-8-po\/#breadcrumb"},"inLanguage":"en-US","potentialAction":[{"@type":"ReadAction","target":["https:\/\/wrapdesign.ca\/product\/modele-handle-black-7-7-8-po\/"]}]},{"@type":"ImageObject","inLanguage":"en-US","@id":"https:\/\/wrapdesign.ca\/product\/modele-handle-black-7-7-8-po\/#primaryimage","url":"https:\/\/wrapdesign.ca\/wp-content\/uploads\/2024\/02\/HAM07282-scaled.jpg","contentUrl":"https:\/\/wrapdesign.ca\/wp-content\/uploads\/2024\/02\/HAM07282-scaled.jpg","width":2560,"height":1707},{"@type":"BreadcrumbList","@id":"https:\/\/wrapdesign.ca\/product\/modele-handle-black-7-7-8-po\/#breadcrumb","itemListElement":[{"@type":"ListItem","position":1,"name":"Home","item":"https:\/\/wrapdesign.ca\/"},{"@type":"ListItem","position":2,"name":"boutique","item":"https:\/\/wrapdesign.ca\/boutique\/"},{"@type":"ListItem","position":3,"name":"Mod\u00e8le Handle Black &#8211; 200 mm"}]},{"@type":"WebSite","@id":"https:\/\/wrapdesign.ca\/#website","url":"https:\/\/wrapdesign.ca\/","name":"Wrap Design","description":"","potentialAction":[{"@type":"SearchAction","target":{"@type":"EntryPoint","urlTemplate":"https:\/\/wrapdesign.ca\/?s={search_term_string}"},"query-input":"required name=search_term_string"}],"inLanguage":"en-US"}]}},"_links":{"self":[{"href":"https:\/\/wrapdesign.ca\/en\/wp-json\/wp\/v2\/product\/931","targetHints":{"allow":["GET"]}}],"collection":[{"href":"https:\/\/wrapdesign.ca\/en\/wp-json\/wp\/v2\/product"}],"about":[{"href":"https:\/\/wrapdesign.ca\/en\/wp-json\/wp\/v2\/types\/product"}],"wp:featuredmedia":[{"embeddable":true,"href":"https:\/\/wrapdesign.ca\/en\/wp-json\/wp\/v2\/media\/1229"}],"wp:attachment":[{"href":"https:\/\/wrapdesign.ca\/en\/wp-json\/wp\/v2\/media?parent=931"}],"wp:term":[{"taxonomy":"product_cat","embeddable":true,"href":"https:\/\/wrapdesign.ca\/en\/wp-json\/wp\/v2\/product_cat?post=931"},{"taxonomy":"product_tag","embeddable":true,"href":"https:\/\/wrapdesign.ca\/en\/wp-json\/wp\/v2\/product_tag?post=931"}],"curies":[{"name":"wp","href":"https:\/\/api.w.org\/{rel}","templated":true}]}}