{"id":934,"date":"2024-02-13T02:09:22","date_gmt":"2024-02-13T02:09:22","guid":{"rendered":"https:\/\/wrapdesign.ca\/?post_type=product&#038;p=934"},"modified":"2025-07-10T01:44:54","modified_gmt":"2025-07-10T01:44:54","slug":"modele-handle-silver-11-3-4-po","status":"publish","type":"product","link":"https:\/\/wrapdesign.ca\/en\/product\/modele-handle-silver-11-3-4-po\/","title":{"rendered":"Mod\u00e8le Handle Silver &#8211; 300 mm"},"content":{"rendered":"","protected":false},"excerpt":{"rendered":"<p>Add a timeless touch to your cabinets and furniture with our solid steel handle. This sleek and sturdy bar, crafted from robust stainless steel, resists corrosion for long-lasting durability. The rounded corners add a user-friendly feel, making it pleasant to touch. Supplied with the necessary screws, this handle offers easy installation to elevate the style of your furniture with elegance and everyday durability. Choose our stainless steel handle as the perfect accessory for refined design and reliable strength.<\/p>\n<p>&nbsp;<\/p>\n<p>Screws not included with your purchase.<\/p>","protected":false},"featured_media":1230,"template":"","meta":{"_acf_changed":false},"product_cat":[32],"product_tag":[],"class_list":{"0":"post-934","1":"product","2":"type-product","3":"status-publish","4":"has-post-thumbnail","6":"product_cat-accessoires","8":"first","9":"instock","10":"taxable","11":"shipping-taxable","12":"purchasable","13":"product-type-simple"},"acf":[],"yoast_head":"<!-- This site is optimized with the Yoast SEO plugin v22.3 - https:\/\/yoast.com\/wordpress\/plugins\/seo\/ -->\n<title>Mod\u00e8le Handle Silver - 300 mm - Wrap Design<\/title>\n<meta name=\"description\" content=\"Optez pour notre poign\u00e9e en acier inoxydable : une touche intemporelle pour votre cuisine. Profil robuste, r\u00e9sistance \u00e0 la corrosion, installation facile. Le choix parfait pour un design raffin\u00e9 et durable.\" \/>\n<meta name=\"robots\" content=\"index, follow, max-snippet:-1, max-image-preview:large, max-video-preview:-1\" \/>\n<link rel=\"canonical\" href=\"https:\/\/wrapdesign.ca\/en\/product\/modele-handle-silver-11-3-4-po\" \/>\n<meta property=\"og:locale\" content=\"en_US\" \/>\n<meta property=\"og:type\" content=\"article\" \/>\n<meta property=\"og:title\" content=\"Mod\u00e8le Handle Silver - 300 mm - Wrap Design\" \/>\n<meta property=\"og:description\" content=\"Optez pour notre poign\u00e9e en acier inoxydable : une touche intemporelle pour votre cuisine. Profil robuste, r\u00e9sistance \u00e0 la corrosion, installation facile. Le choix parfait pour un design raffin\u00e9 et durable.\" \/>\n<meta property=\"og:url\" content=\"https:\/\/wrapdesign.ca\/en\/product\/modele-handle-silver-11-3-4-po\" \/>\n<meta property=\"og:site_name\" content=\"Wrap Design\" \/>\n<meta property=\"article:modified_time\" content=\"2025-07-10T01:44:54+00:00\" \/>\n<meta property=\"og:image\" content=\"https:\/\/wrapdesign.ca\/wp-content\/uploads\/2024\/02\/HAM07287-scaled.jpg\" \/>\n\t<meta property=\"og:image:width\" content=\"2560\" \/>\n\t<meta property=\"og:image:height\" content=\"1707\" \/>\n\t<meta property=\"og:image:type\" content=\"image\/jpeg\" \/>\n<meta name=\"twitter:card\" content=\"summary_large_image\" \/>\n<meta name=\"twitter:label1\" content=\"Est. reading time\" \/>\n\t<meta name=\"twitter:data1\" content=\"1 minute\" \/>\n<script type=\"application\/ld+json\" class=\"yoast-schema-graph\">{\"@context\":\"https:\/\/schema.org\",\"@graph\":[{\"@type\":\"WebPage\",\"@id\":\"https:\/\/wrapdesign.ca\/product\/modele-handle-silver-11-3-4-po\/\",\"url\":\"https:\/\/wrapdesign.ca\/product\/modele-handle-silver-11-3-4-po\/\",\"name\":\"Mod\u00e8le Handle Silver - 300 mm - Wrap Design\",\"isPartOf\":{\"@id\":\"https:\/\/wrapdesign.ca\/#website\"},\"primaryImageOfPage\":{\"@id\":\"https:\/\/wrapdesign.ca\/product\/modele-handle-silver-11-3-4-po\/#primaryimage\"},\"image\":{\"@id\":\"https:\/\/wrapdesign.ca\/product\/modele-handle-silver-11-3-4-po\/#primaryimage\"},\"thumbnailUrl\":\"https:\/\/wrapdesign.ca\/wp-content\/uploads\/2024\/02\/HAM07287-scaled.jpg\",\"datePublished\":\"2024-02-13T02:09:22+00:00\",\"dateModified\":\"2025-07-10T01:44:54+00:00\",\"description\":\"Optez pour notre poign\u00e9e en acier inoxydable : une touche intemporelle pour votre cuisine. Profil robuste, r\u00e9sistance \u00e0 la corrosion, installation facile. Le choix parfait pour un design raffin\u00e9 et durable.\",\"breadcrumb\":{\"@id\":\"https:\/\/wrapdesign.ca\/product\/modele-handle-silver-11-3-4-po\/#breadcrumb\"},\"inLanguage\":\"en-US\",\"potentialAction\":[{\"@type\":\"ReadAction\",\"target\":[\"https:\/\/wrapdesign.ca\/product\/modele-handle-silver-11-3-4-po\/\"]}]},{\"@type\":\"ImageObject\",\"inLanguage\":\"en-US\",\"@id\":\"https:\/\/wrapdesign.ca\/product\/modele-handle-silver-11-3-4-po\/#primaryimage\",\"url\":\"https:\/\/wrapdesign.ca\/wp-content\/uploads\/2024\/02\/HAM07287-scaled.jpg\",\"contentUrl\":\"https:\/\/wrapdesign.ca\/wp-content\/uploads\/2024\/02\/HAM07287-scaled.jpg\",\"width\":2560,\"height\":1707},{\"@type\":\"BreadcrumbList\",\"@id\":\"https:\/\/wrapdesign.ca\/product\/modele-handle-silver-11-3-4-po\/#breadcrumb\",\"itemListElement\":[{\"@type\":\"ListItem\",\"position\":1,\"name\":\"Home\",\"item\":\"https:\/\/wrapdesign.ca\/\"},{\"@type\":\"ListItem\",\"position\":2,\"name\":\"boutique\",\"item\":\"https:\/\/wrapdesign.ca\/boutique\/\"},{\"@type\":\"ListItem\",\"position\":3,\"name\":\"Mod\u00e8le Handle Silver &#8211; 300 mm\"}]},{\"@type\":\"WebSite\",\"@id\":\"https:\/\/wrapdesign.ca\/#website\",\"url\":\"https:\/\/wrapdesign.ca\/\",\"name\":\"Wrap Design\",\"description\":\"\",\"potentialAction\":[{\"@type\":\"SearchAction\",\"target\":{\"@type\":\"EntryPoint\",\"urlTemplate\":\"https:\/\/wrapdesign.ca\/?s={search_term_string}\"},\"query-input\":\"required name=search_term_string\"}],\"inLanguage\":\"en-US\"}]}<\/script>\n<!-- \/ Yoast SEO plugin. -->","yoast_head_json":{"title":"Mod\u00e8le Handle Silver - 300 mm - Wrap Design","description":"Optez pour notre poign\u00e9e en acier inoxydable : une touche intemporelle pour votre cuisine. Profil robuste, r\u00e9sistance \u00e0 la corrosion, installation facile. Le choix parfait pour un design raffin\u00e9 et durable.","robots":{"index":"index","follow":"follow","max-snippet":"max-snippet:-1","max-image-preview":"max-image-preview:large","max-video-preview":"max-video-preview:-1"},"canonical":"https:\/\/wrapdesign.ca\/en\/product\/modele-handle-silver-11-3-4-po","og_locale":"en_US","og_type":"article","og_title":"Mod\u00e8le Handle Silver - 300 mm - Wrap Design","og_description":"Optez pour notre poign\u00e9e en acier inoxydable : une touche intemporelle pour votre cuisine. Profil robuste, r\u00e9sistance \u00e0 la corrosion, installation facile. Le choix parfait pour un design raffin\u00e9 et durable.","og_url":"https:\/\/wrapdesign.ca\/en\/product\/modele-handle-silver-11-3-4-po","og_site_name":"Wrap Design","article_modified_time":"2025-07-10T01:44:54+00:00","og_image":[{"width":2560,"height":1707,"url":"https:\/\/wrapdesign.ca\/wp-content\/uploads\/2024\/02\/HAM07287-scaled.jpg","type":"image\/jpeg"}],"twitter_card":"summary_large_image","twitter_misc":{"Est. reading time":"1 minute"},"schema":{"@context":"https:\/\/schema.org","@graph":[{"@type":"WebPage","@id":"https:\/\/wrapdesign.ca\/product\/modele-handle-silver-11-3-4-po\/","url":"https:\/\/wrapdesign.ca\/product\/modele-handle-silver-11-3-4-po\/","name":"Mod\u00e8le Handle Silver - 300 mm - Wrap Design","isPartOf":{"@id":"https:\/\/wrapdesign.ca\/#website"},"primaryImageOfPage":{"@id":"https:\/\/wrapdesign.ca\/product\/modele-handle-silver-11-3-4-po\/#primaryimage"},"image":{"@id":"https:\/\/wrapdesign.ca\/product\/modele-handle-silver-11-3-4-po\/#primaryimage"},"thumbnailUrl":"https:\/\/wrapdesign.ca\/wp-content\/uploads\/2024\/02\/HAM07287-scaled.jpg","datePublished":"2024-02-13T02:09:22+00:00","dateModified":"2025-07-10T01:44:54+00:00","description":"Optez pour notre poign\u00e9e en acier inoxydable : une touche intemporelle pour votre cuisine. Profil robuste, r\u00e9sistance \u00e0 la corrosion, installation facile. Le choix parfait pour un design raffin\u00e9 et durable.","breadcrumb":{"@id":"https:\/\/wrapdesign.ca\/product\/modele-handle-silver-11-3-4-po\/#breadcrumb"},"inLanguage":"en-US","potentialAction":[{"@type":"ReadAction","target":["https:\/\/wrapdesign.ca\/product\/modele-handle-silver-11-3-4-po\/"]}]},{"@type":"ImageObject","inLanguage":"en-US","@id":"https:\/\/wrapdesign.ca\/product\/modele-handle-silver-11-3-4-po\/#primaryimage","url":"https:\/\/wrapdesign.ca\/wp-content\/uploads\/2024\/02\/HAM07287-scaled.jpg","contentUrl":"https:\/\/wrapdesign.ca\/wp-content\/uploads\/2024\/02\/HAM07287-scaled.jpg","width":2560,"height":1707},{"@type":"BreadcrumbList","@id":"https:\/\/wrapdesign.ca\/product\/modele-handle-silver-11-3-4-po\/#breadcrumb","itemListElement":[{"@type":"ListItem","position":1,"name":"Home","item":"https:\/\/wrapdesign.ca\/"},{"@type":"ListItem","position":2,"name":"boutique","item":"https:\/\/wrapdesign.ca\/boutique\/"},{"@type":"ListItem","position":3,"name":"Mod\u00e8le Handle Silver &#8211; 300 mm"}]},{"@type":"WebSite","@id":"https:\/\/wrapdesign.ca\/#website","url":"https:\/\/wrapdesign.ca\/","name":"Wrap Design","description":"","potentialAction":[{"@type":"SearchAction","target":{"@type":"EntryPoint","urlTemplate":"https:\/\/wrapdesign.ca\/?s={search_term_string}"},"query-input":"required name=search_term_string"}],"inLanguage":"en-US"}]}},"_links":{"self":[{"href":"https:\/\/wrapdesign.ca\/en\/wp-json\/wp\/v2\/product\/934","targetHints":{"allow":["GET"]}}],"collection":[{"href":"https:\/\/wrapdesign.ca\/en\/wp-json\/wp\/v2\/product"}],"about":[{"href":"https:\/\/wrapdesign.ca\/en\/wp-json\/wp\/v2\/types\/product"}],"wp:featuredmedia":[{"embeddable":true,"href":"https:\/\/wrapdesign.ca\/en\/wp-json\/wp\/v2\/media\/1230"}],"wp:attachment":[{"href":"https:\/\/wrapdesign.ca\/en\/wp-json\/wp\/v2\/media?parent=934"}],"wp:term":[{"taxonomy":"product_cat","embeddable":true,"href":"https:\/\/wrapdesign.ca\/en\/wp-json\/wp\/v2\/product_cat?post=934"},{"taxonomy":"product_tag","embeddable":true,"href":"https:\/\/wrapdesign.ca\/en\/wp-json\/wp\/v2\/product_tag?post=934"}],"curies":[{"name":"wp","href":"https:\/\/api.w.org\/{rel}","templated":true}]}}