{"id":2802,"date":"2025-06-26T18:04:48","date_gmt":"2025-06-26T18:04:48","guid":{"rendered":"https:\/\/wrapdesign.ca\/?page_id=2802"},"modified":"2025-06-26T18:16:39","modified_gmt":"2025-06-26T18:16:39","slug":"distribution","status":"publish","type":"page","link":"https:\/\/wrapdesign.ca\/fr\/distribution\/","title":{"rendered":"distribution"},"content":{"rendered":"","protected":false},"excerpt":{"rendered":"","protected":false},"author":1,"featured_media":0,"parent":0,"menu_order":0,"comment_status":"closed","ping_status":"closed","template":"","meta":{"_acf_changed":false,"footnotes":""},"class_list":["post-2802","page","type-page","status-publish","hentry"],"acf":[],"yoast_head":"<!-- This site is optimized with the Yoast SEO plugin v22.3 - https:\/\/yoast.com\/wordpress\/plugins\/seo\/ -->\n<title>Wrap Design \u2013 Distributeur autoris\u00e9 Bodaq au Qu\u00e9bec et dans les Maritimes<\/title>\n<meta name=\"description\" content=\"Devenez revendeur des pellicules architecturales Bodaq. Acc\u00e8s au catalogue complet, prix distributeurs, d\u00e9lais de livraison rapides et plateforme r\u00e9serv\u00e9e aux partenaires. Demandez votre acc\u00e8s d\u00e8s aujourd\u2019hui.\" \/>\n<meta name=\"robots\" content=\"index, follow, max-snippet:-1, max-image-preview:large, max-video-preview:-1\" \/>\n<link rel=\"canonical\" href=\"https:\/\/wrapdesign.ca\/fr\/distribution\" \/>\n<meta property=\"og:locale\" content=\"fr_CA\" \/>\n<meta property=\"og:type\" content=\"article\" \/>\n<meta property=\"og:title\" content=\"Wrap Design \u2013 Distributeur autoris\u00e9 Bodaq au Qu\u00e9bec et dans les Maritimes\" \/>\n<meta property=\"og:description\" content=\"Devenez revendeur des pellicules architecturales Bodaq. Acc\u00e8s au catalogue complet, prix distributeurs, d\u00e9lais de livraison rapides et plateforme r\u00e9serv\u00e9e aux partenaires. Demandez votre acc\u00e8s d\u00e8s aujourd\u2019hui.\" \/>\n<meta property=\"og:url\" content=\"https:\/\/wrapdesign.ca\/fr\/distribution\" \/>\n<meta property=\"og:site_name\" content=\"Wrap Design\" \/>\n<meta property=\"article:modified_time\" content=\"2025-06-26T18:16:39+00:00\" \/>\n<meta name=\"twitter:card\" content=\"summary_large_image\" \/>\n<script type=\"application\/ld+json\" class=\"yoast-schema-graph\">{\"@context\":\"https:\/\/schema.org\",\"@graph\":[{\"@type\":\"WebPage\",\"@id\":\"https:\/\/wrapdesign.ca\/distribution\/\",\"url\":\"https:\/\/wrapdesign.ca\/distribution\/\",\"name\":\"Wrap Design \u2013 Distributeur autoris\u00e9 Bodaq au Qu\u00e9bec et dans les Maritimes\",\"isPartOf\":{\"@id\":\"https:\/\/wrapdesign.ca\/#website\"},\"datePublished\":\"2025-06-26T18:04:48+00:00\",\"dateModified\":\"2025-06-26T18:16:39+00:00\",\"description\":\"Devenez revendeur des pellicules architecturales Bodaq. Acc\u00e8s au catalogue complet, prix distributeurs, d\u00e9lais de livraison rapides et plateforme r\u00e9serv\u00e9e aux partenaires. Demandez votre acc\u00e8s d\u00e8s aujourd\u2019hui.\",\"breadcrumb\":{\"@id\":\"https:\/\/wrapdesign.ca\/distribution\/#breadcrumb\"},\"inLanguage\":\"fr-CA\",\"potentialAction\":[{\"@type\":\"ReadAction\",\"target\":[\"https:\/\/wrapdesign.ca\/distribution\/\"]}]},{\"@type\":\"BreadcrumbList\",\"@id\":\"https:\/\/wrapdesign.ca\/distribution\/#breadcrumb\",\"itemListElement\":[{\"@type\":\"ListItem\",\"position\":1,\"name\":\"Home\",\"item\":\"https:\/\/wrapdesign.ca\/\"},{\"@type\":\"ListItem\",\"position\":2,\"name\":\"distribution\"}]},{\"@type\":\"WebSite\",\"@id\":\"https:\/\/wrapdesign.ca\/#website\",\"url\":\"https:\/\/wrapdesign.ca\/\",\"name\":\"Wrap Design\",\"description\":\"\",\"potentialAction\":[{\"@type\":\"SearchAction\",\"target\":{\"@type\":\"EntryPoint\",\"urlTemplate\":\"https:\/\/wrapdesign.ca\/?s={search_term_string}\"},\"query-input\":\"required name=search_term_string\"}],\"inLanguage\":\"fr-CA\"}]}<\/script>\n<!-- \/ Yoast SEO plugin. -->","yoast_head_json":{"title":"Wrap Design \u2013 Distributeur autoris\u00e9 Bodaq au Qu\u00e9bec et dans les Maritimes","description":"Devenez revendeur des pellicules architecturales Bodaq. Acc\u00e8s au catalogue complet, prix distributeurs, d\u00e9lais de livraison rapides et plateforme r\u00e9serv\u00e9e aux partenaires. Demandez votre acc\u00e8s d\u00e8s aujourd\u2019hui.","robots":{"index":"index","follow":"follow","max-snippet":"max-snippet:-1","max-image-preview":"max-image-preview:large","max-video-preview":"max-video-preview:-1"},"canonical":"https:\/\/wrapdesign.ca\/fr\/distribution","og_locale":"fr_CA","og_type":"article","og_title":"Wrap Design \u2013 Distributeur autoris\u00e9 Bodaq au Qu\u00e9bec et dans les Maritimes","og_description":"Devenez revendeur des pellicules architecturales Bodaq. Acc\u00e8s au catalogue complet, prix distributeurs, d\u00e9lais de livraison rapides et plateforme r\u00e9serv\u00e9e aux partenaires. Demandez votre acc\u00e8s d\u00e8s aujourd\u2019hui.","og_url":"https:\/\/wrapdesign.ca\/fr\/distribution","og_site_name":"Wrap Design","article_modified_time":"2025-06-26T18:16:39+00:00","twitter_card":"summary_large_image","schema":{"@context":"https:\/\/schema.org","@graph":[{"@type":"WebPage","@id":"https:\/\/wrapdesign.ca\/distribution\/","url":"https:\/\/wrapdesign.ca\/distribution\/","name":"Wrap Design \u2013 Distributeur autoris\u00e9 Bodaq au Qu\u00e9bec et dans les Maritimes","isPartOf":{"@id":"https:\/\/wrapdesign.ca\/#website"},"datePublished":"2025-06-26T18:04:48+00:00","dateModified":"2025-06-26T18:16:39+00:00","description":"Devenez revendeur des pellicules architecturales Bodaq. Acc\u00e8s au catalogue complet, prix distributeurs, d\u00e9lais de livraison rapides et plateforme r\u00e9serv\u00e9e aux partenaires. Demandez votre acc\u00e8s d\u00e8s aujourd\u2019hui.","breadcrumb":{"@id":"https:\/\/wrapdesign.ca\/distribution\/#breadcrumb"},"inLanguage":"fr-CA","potentialAction":[{"@type":"ReadAction","target":["https:\/\/wrapdesign.ca\/distribution\/"]}]},{"@type":"BreadcrumbList","@id":"https:\/\/wrapdesign.ca\/distribution\/#breadcrumb","itemListElement":[{"@type":"ListItem","position":1,"name":"Home","item":"https:\/\/wrapdesign.ca\/"},{"@type":"ListItem","position":2,"name":"distribution"}]},{"@type":"WebSite","@id":"https:\/\/wrapdesign.ca\/#website","url":"https:\/\/wrapdesign.ca\/","name":"Wrap Design","description":"","potentialAction":[{"@type":"SearchAction","target":{"@type":"EntryPoint","urlTemplate":"https:\/\/wrapdesign.ca\/?s={search_term_string}"},"query-input":"required name=search_term_string"}],"inLanguage":"fr-CA"}]}},"_links":{"self":[{"href":"https:\/\/wrapdesign.ca\/fr\/wp-json\/wp\/v2\/pages\/2802","targetHints":{"allow":["GET"]}}],"collection":[{"href":"https:\/\/wrapdesign.ca\/fr\/wp-json\/wp\/v2\/pages"}],"about":[{"href":"https:\/\/wrapdesign.ca\/fr\/wp-json\/wp\/v2\/types\/page"}],"author":[{"embeddable":true,"href":"https:\/\/wrapdesign.ca\/fr\/wp-json\/wp\/v2\/users\/1"}],"replies":[{"embeddable":true,"href":"https:\/\/wrapdesign.ca\/fr\/wp-json\/wp\/v2\/comments?post=2802"}],"version-history":[{"count":2,"href":"https:\/\/wrapdesign.ca\/fr\/wp-json\/wp\/v2\/pages\/2802\/revisions"}],"predecessor-version":[{"id":4644,"href":"https:\/\/wrapdesign.ca\/fr\/wp-json\/wp\/v2\/pages\/2802\/revisions\/4644"}],"wp:attachment":[{"href":"https:\/\/wrapdesign.ca\/fr\/wp-json\/wp\/v2\/media?parent=2802"}],"curies":[{"name":"wp","href":"https:\/\/api.w.org\/{rel}","templated":true}]}}