{"id":3150,"date":"2025-07-05T01:39:25","date_gmt":"2025-07-05T01:39:25","guid":{"rendered":"https:\/\/wrapdesign.ca\/?post_type=product&#038;p=3150"},"modified":"2025-07-16T02:47:43","modified_gmt":"2025-07-16T02:47:43","slug":"w141-bodaq","status":"publish","type":"product","link":"https:\/\/wrapdesign.ca\/fr\/product\/w141-bodaq\/","title":{"rendered":"W141 &#8211; Rich Walnut"},"content":{"rendered":"<table>\n<tbody>\n<tr>\n<th>Longueur d&rsquo;un rouleau complet<\/th>\n<td>164 pieds<\/td>\n<\/tr>\n<tr>\n<th>Largeur<\/th>\n<td>4 pieds<\/td>\n<\/tr>\n<tr>\n<th>Poids<\/th>\n<td>~ 55 lb<\/td>\n<\/tr>\n<tr>\n<th>Type de produit<\/th>\n<td>PVC<\/td>\n<\/tr>\n<tr>\n<th>Finition surface<\/th>\n<td>Bois (Standard)<\/td>\n<\/tr>\n<tr>\n<th>\u00c9tirable<\/th>\n<td>Oui<\/td>\n<\/tr>\n<tr>\n<th>Garantie<\/th>\n<td>10 ans<\/td>\n<\/tr>\n<tr>\n<th>R\u00e9sistance aux rayures<\/th>\n<td>7000 Taber Cycles<\/td>\n<\/tr>\n<tr>\n<th>R\u00e9sistance au feu<\/th>\n<td>Classe A \u2013 Classification au feu ASTM E84<\/td>\n<\/tr>\n<\/tbody>\n<\/table>\n","protected":false},"excerpt":{"rendered":"<p>Apportez chaleur et distinction \u00e0 vos espaces avec le <strong data-start=\"511\" data-end=\"556\">film architectural Bodaq W141 Rich Walnut<\/strong>, un <strong data-start=\"561\" data-end=\"601\">vinyle autocollant effet noyer fonc\u00e9<\/strong> de la <strong data-start=\"608\" data-end=\"636\">collection Standard Wood<\/strong>. Sa texture bois riche et ses tons bruns profonds \u00e9voquent l\u2019\u00e9l\u00e9gance intemporelle du noyer naturel. Id\u00e9al pour le <strong data-start=\"752\" data-end=\"778\">resurfa\u00e7age de meubles<\/strong>, les <strong data-start=\"784\" data-end=\"819\">rev\u00eatements muraux autocollants<\/strong>et la <strong data-start=\"826\" data-end=\"856\">r\u00e9novation sans d\u00e9molition<\/strong>, ce rev\u00eatement <strong data-start=\"872\" data-end=\"901\">durable et facile \u00e0 poser<\/strong> est parfait pour tout <strong data-start=\"924\" data-end=\"960\">projet r\u00e9sidentiel ou commercial<\/strong>.<\/p>\n","protected":false},"featured_media":3153,"template":"","meta":{"_acf_changed":false},"product_cat":[29,37],"product_tag":[],"class_list":{"0":"post-3150","1":"product","2":"type-product","3":"status-publish","4":"has-post-thumbnail","6":"product_cat-pellicules-adhesives","7":"product_cat-bois-standard","9":"first","10":"instock","11":"taxable","12":"shipping-taxable","13":"purchasable","14":"product-type-simple"},"acf":[],"yoast_head":"<!-- This site is optimized with the Yoast SEO plugin v22.3 - https:\/\/yoast.com\/wordpress\/plugins\/seo\/ -->\n<title>W141 - Rich Walnut - Wrap Design<\/title>\n<meta name=\"description\" content=\"Vinyle Bodaq W141 Rich Walnut : effet bois noyer riche, durable et facile \u00e0 poser. Parfait pour murs, meubles, projets r\u00e9sidentiels ou commerciaux.\" \/>\n<meta name=\"robots\" content=\"index, follow, max-snippet:-1, max-image-preview:large, max-video-preview:-1\" \/>\n<link rel=\"canonical\" href=\"https:\/\/wrapdesign.ca\/fr\/product\/w141-bodaq\" \/>\n<meta property=\"og:locale\" content=\"fr_CA\" \/>\n<meta property=\"og:type\" content=\"article\" \/>\n<meta property=\"og:title\" content=\"W141 - Rich Walnut - Wrap Design\" \/>\n<meta property=\"og:description\" content=\"Vinyle Bodaq W141 Rich Walnut : effet bois noyer riche, durable et facile \u00e0 poser. Parfait pour murs, meubles, projets r\u00e9sidentiels ou commerciaux.\" \/>\n<meta property=\"og:url\" content=\"https:\/\/wrapdesign.ca\/fr\/product\/w141-bodaq\" \/>\n<meta property=\"og:site_name\" content=\"Wrap Design\" \/>\n<meta property=\"article:modified_time\" content=\"2025-07-16T02:47:43+00:00\" \/>\n<meta property=\"og:image\" content=\"https:\/\/wrapdesign.ca\/wp-content\/uploads\/2025\/07\/W141-2023.jpg\" \/>\n\t<meta property=\"og:image:width\" content=\"1240\" \/>\n\t<meta property=\"og:image:height\" content=\"1753\" \/>\n\t<meta property=\"og:image:type\" content=\"image\/jpeg\" \/>\n<meta name=\"twitter:card\" content=\"summary_large_image\" \/>\n<meta name=\"twitter:label1\" content=\"Estimation du temps de lecture\" \/>\n\t<meta name=\"twitter:data1\" content=\"1 minute\" \/>\n<script type=\"application\/ld+json\" class=\"yoast-schema-graph\">{\"@context\":\"https:\/\/schema.org\",\"@graph\":[{\"@type\":\"WebPage\",\"@id\":\"https:\/\/wrapdesign.ca\/product\/w141-bodaq\/\",\"url\":\"https:\/\/wrapdesign.ca\/product\/w141-bodaq\/\",\"name\":\"W141 - Rich Walnut - Wrap Design\",\"isPartOf\":{\"@id\":\"https:\/\/wrapdesign.ca\/#website\"},\"primaryImageOfPage\":{\"@id\":\"https:\/\/wrapdesign.ca\/product\/w141-bodaq\/#primaryimage\"},\"image\":{\"@id\":\"https:\/\/wrapdesign.ca\/product\/w141-bodaq\/#primaryimage\"},\"thumbnailUrl\":\"https:\/\/wrapdesign.ca\/wp-content\/uploads\/2025\/07\/W141-2023.jpg\",\"datePublished\":\"2025-07-05T01:39:25+00:00\",\"dateModified\":\"2025-07-16T02:47:43+00:00\",\"description\":\"Vinyle Bodaq W141 Rich Walnut : effet bois noyer riche, durable et facile \u00e0 poser. Parfait pour murs, meubles, projets r\u00e9sidentiels ou commerciaux.\",\"breadcrumb\":{\"@id\":\"https:\/\/wrapdesign.ca\/product\/w141-bodaq\/#breadcrumb\"},\"inLanguage\":\"fr-CA\",\"potentialAction\":[{\"@type\":\"ReadAction\",\"target\":[\"https:\/\/wrapdesign.ca\/product\/w141-bodaq\/\"]}]},{\"@type\":\"ImageObject\",\"inLanguage\":\"fr-CA\",\"@id\":\"https:\/\/wrapdesign.ca\/product\/w141-bodaq\/#primaryimage\",\"url\":\"https:\/\/wrapdesign.ca\/wp-content\/uploads\/2025\/07\/W141-2023.jpg\",\"contentUrl\":\"https:\/\/wrapdesign.ca\/wp-content\/uploads\/2025\/07\/W141-2023.jpg\",\"width\":1240,\"height\":1753},{\"@type\":\"BreadcrumbList\",\"@id\":\"https:\/\/wrapdesign.ca\/product\/w141-bodaq\/#breadcrumb\",\"itemListElement\":[{\"@type\":\"ListItem\",\"position\":1,\"name\":\"Home\",\"item\":\"https:\/\/wrapdesign.ca\/\"},{\"@type\":\"ListItem\",\"position\":2,\"name\":\"boutique\",\"item\":\"https:\/\/wrapdesign.ca\/boutique\/\"},{\"@type\":\"ListItem\",\"position\":3,\"name\":\"W141 &#8211; Rich Walnut\"}]},{\"@type\":\"WebSite\",\"@id\":\"https:\/\/wrapdesign.ca\/#website\",\"url\":\"https:\/\/wrapdesign.ca\/\",\"name\":\"Wrap Design\",\"description\":\"\",\"potentialAction\":[{\"@type\":\"SearchAction\",\"target\":{\"@type\":\"EntryPoint\",\"urlTemplate\":\"https:\/\/wrapdesign.ca\/?s={search_term_string}\"},\"query-input\":\"required name=search_term_string\"}],\"inLanguage\":\"fr-CA\"}]}<\/script>\n<!-- \/ Yoast SEO plugin. -->","yoast_head_json":{"title":"W141 - Rich Walnut - Wrap Design","description":"Vinyle Bodaq W141 Rich Walnut : effet bois noyer riche, durable et facile \u00e0 poser. Parfait pour murs, meubles, projets r\u00e9sidentiels ou commerciaux.","robots":{"index":"index","follow":"follow","max-snippet":"max-snippet:-1","max-image-preview":"max-image-preview:large","max-video-preview":"max-video-preview:-1"},"canonical":"https:\/\/wrapdesign.ca\/fr\/product\/w141-bodaq","og_locale":"fr_CA","og_type":"article","og_title":"W141 - Rich Walnut - Wrap Design","og_description":"Vinyle Bodaq W141 Rich Walnut : effet bois noyer riche, durable et facile \u00e0 poser. Parfait pour murs, meubles, projets r\u00e9sidentiels ou commerciaux.","og_url":"https:\/\/wrapdesign.ca\/fr\/product\/w141-bodaq","og_site_name":"Wrap Design","article_modified_time":"2025-07-16T02:47:43+00:00","og_image":[{"width":1240,"height":1753,"url":"https:\/\/wrapdesign.ca\/wp-content\/uploads\/2025\/07\/W141-2023.jpg","type":"image\/jpeg"}],"twitter_card":"summary_large_image","twitter_misc":{"Estimation du temps de lecture":"1 minute"},"schema":{"@context":"https:\/\/schema.org","@graph":[{"@type":"WebPage","@id":"https:\/\/wrapdesign.ca\/product\/w141-bodaq\/","url":"https:\/\/wrapdesign.ca\/product\/w141-bodaq\/","name":"W141 - Rich Walnut - Wrap Design","isPartOf":{"@id":"https:\/\/wrapdesign.ca\/#website"},"primaryImageOfPage":{"@id":"https:\/\/wrapdesign.ca\/product\/w141-bodaq\/#primaryimage"},"image":{"@id":"https:\/\/wrapdesign.ca\/product\/w141-bodaq\/#primaryimage"},"thumbnailUrl":"https:\/\/wrapdesign.ca\/wp-content\/uploads\/2025\/07\/W141-2023.jpg","datePublished":"2025-07-05T01:39:25+00:00","dateModified":"2025-07-16T02:47:43+00:00","description":"Vinyle Bodaq W141 Rich Walnut : effet bois noyer riche, durable et facile \u00e0 poser. Parfait pour murs, meubles, projets r\u00e9sidentiels ou commerciaux.","breadcrumb":{"@id":"https:\/\/wrapdesign.ca\/product\/w141-bodaq\/#breadcrumb"},"inLanguage":"fr-CA","potentialAction":[{"@type":"ReadAction","target":["https:\/\/wrapdesign.ca\/product\/w141-bodaq\/"]}]},{"@type":"ImageObject","inLanguage":"fr-CA","@id":"https:\/\/wrapdesign.ca\/product\/w141-bodaq\/#primaryimage","url":"https:\/\/wrapdesign.ca\/wp-content\/uploads\/2025\/07\/W141-2023.jpg","contentUrl":"https:\/\/wrapdesign.ca\/wp-content\/uploads\/2025\/07\/W141-2023.jpg","width":1240,"height":1753},{"@type":"BreadcrumbList","@id":"https:\/\/wrapdesign.ca\/product\/w141-bodaq\/#breadcrumb","itemListElement":[{"@type":"ListItem","position":1,"name":"Home","item":"https:\/\/wrapdesign.ca\/"},{"@type":"ListItem","position":2,"name":"boutique","item":"https:\/\/wrapdesign.ca\/boutique\/"},{"@type":"ListItem","position":3,"name":"W141 &#8211; Rich Walnut"}]},{"@type":"WebSite","@id":"https:\/\/wrapdesign.ca\/#website","url":"https:\/\/wrapdesign.ca\/","name":"Wrap Design","description":"","potentialAction":[{"@type":"SearchAction","target":{"@type":"EntryPoint","urlTemplate":"https:\/\/wrapdesign.ca\/?s={search_term_string}"},"query-input":"required name=search_term_string"}],"inLanguage":"fr-CA"}]}},"_links":{"self":[{"href":"https:\/\/wrapdesign.ca\/fr\/wp-json\/wp\/v2\/product\/3150","targetHints":{"allow":["GET"]}}],"collection":[{"href":"https:\/\/wrapdesign.ca\/fr\/wp-json\/wp\/v2\/product"}],"about":[{"href":"https:\/\/wrapdesign.ca\/fr\/wp-json\/wp\/v2\/types\/product"}],"wp:featuredmedia":[{"embeddable":true,"href":"https:\/\/wrapdesign.ca\/fr\/wp-json\/wp\/v2\/media\/3153"}],"wp:attachment":[{"href":"https:\/\/wrapdesign.ca\/fr\/wp-json\/wp\/v2\/media?parent=3150"}],"wp:term":[{"taxonomy":"product_cat","embeddable":true,"href":"https:\/\/wrapdesign.ca\/fr\/wp-json\/wp\/v2\/product_cat?post=3150"},{"taxonomy":"product_tag","embeddable":true,"href":"https:\/\/wrapdesign.ca\/fr\/wp-json\/wp\/v2\/product_tag?post=3150"}],"curies":[{"name":"wp","href":"https:\/\/api.w.org\/{rel}","templated":true}]}}