{"id":3180,"date":"2025-07-05T02:09:55","date_gmt":"2025-07-05T02:09:55","guid":{"rendered":"https:\/\/wrapdesign.ca\/?post_type=product&#038;p=3180"},"modified":"2025-07-16T02:47:34","modified_gmt":"2025-07-16T02:47:34","slug":"hs204-bodaq","status":"publish","type":"product","link":"https:\/\/wrapdesign.ca\/fr\/product\/hs204-bodaq\/","title":{"rendered":"HS204 &#8211; White High Gloss"},"content":{"rendered":"<table>\n<tbody>\n<tr>\n<th>Longueur d&rsquo;un rouleau complet<\/th>\n<td>164 pieds<\/td>\n<\/tr>\n<tr>\n<th>Largeur<\/th>\n<td>4 pieds<\/td>\n<\/tr>\n<tr>\n<th>Poids<\/th>\n<td>~ 55 lb<\/td>\n<\/tr>\n<tr>\n<th>Type de produit<\/th>\n<td>PVC<\/td>\n<\/tr>\n<tr>\n<th>Finition surface<\/th>\n<td>High Gloss<\/td>\n<\/tr>\n<tr>\n<th>\u00c9tirable<\/th>\n<td>Oui<\/td>\n<\/tr>\n<tr>\n<th>Garantie<\/th>\n<td>10 ans<\/td>\n<\/tr>\n<tr>\n<th>R\u00e9sistance aux rayures<\/th>\n<td>7000 Taber Cycles<\/td>\n<\/tr>\n<tr>\n<th>R\u00e9sistance au feu<\/th>\n<td>Classe A \u2013 Classification au feu ASTM E84<\/td>\n<\/tr>\n<\/tbody>\n<\/table>\n","protected":false},"excerpt":{"rendered":"<p>Apportez \u00e9clat et modernit\u00e9 \u00e0 vos espaces avec le <strong data-start=\"313\" data-end=\"364\">film architectural Bodaq HS204 White High Gloss<\/strong>, un <strong data-start=\"369\" data-end=\"410\">vinyle autocollant blanc ultra lustr\u00e9<\/strong>. Id\u00e9al pour le <strong data-start=\"426\" data-end=\"452\">resurfa\u00e7age de meubles<\/strong>, les <strong data-start=\"458\" data-end=\"493\">rev\u00eatements muraux autocollants<\/strong> et la <strong data-start=\"500\" data-end=\"530\">r\u00e9novation sans d\u00e9molition<\/strong>, ce fini r\u00e9fl\u00e9chissant agrandit visuellement l\u2019espace tout en rehaussant l\u2019\u00e9l\u00e9gance de vos projets. <strong data-start=\"631\" data-end=\"658\">Durable, facile \u00e0 poser<\/strong>, parfait pour tout <strong data-start=\"678\" data-end=\"714\">projet r\u00e9sidentiel et commercial<\/strong>.<\/p>\n","protected":false},"featured_media":3182,"template":"","meta":{"_acf_changed":false},"product_cat":[29,22],"product_tag":[],"class_list":{"0":"post-3180","1":"product","2":"type-product","3":"status-publish","4":"has-post-thumbnail","6":"product_cat-pellicules-adhesives","7":"product_cat-couleur-unie","9":"first","10":"instock","11":"taxable","12":"shipping-taxable","13":"purchasable","14":"product-type-simple"},"acf":[],"yoast_head":"<!-- This site is optimized with the Yoast SEO plugin v22.3 - https:\/\/yoast.com\/wordpress\/plugins\/seo\/ -->\n<title>HS204 - White High Gloss - Wrap Design<\/title>\n<meta name=\"description\" content=\"Film Bodaq HS204 White High Gloss : vinyle autocollant blanc brillant, durable et facile \u00e0 poser. Id\u00e9al pour r\u00e9novation sans d\u00e9molition.\" \/>\n<meta name=\"robots\" content=\"index, follow, max-snippet:-1, max-image-preview:large, max-video-preview:-1\" \/>\n<link rel=\"canonical\" href=\"https:\/\/wrapdesign.ca\/fr\/product\/hs204-bodaq\" \/>\n<meta property=\"og:locale\" content=\"fr_CA\" \/>\n<meta property=\"og:type\" content=\"article\" \/>\n<meta property=\"og:title\" content=\"HS204 - White High Gloss - Wrap Design\" \/>\n<meta property=\"og:description\" content=\"Film Bodaq HS204 White High Gloss : vinyle autocollant blanc brillant, durable et facile \u00e0 poser. Id\u00e9al pour r\u00e9novation sans d\u00e9molition.\" \/>\n<meta property=\"og:url\" content=\"https:\/\/wrapdesign.ca\/fr\/product\/hs204-bodaq\" \/>\n<meta property=\"og:site_name\" content=\"Wrap Design\" \/>\n<meta property=\"article:modified_time\" content=\"2025-07-16T02:47:34+00:00\" \/>\n<meta property=\"og:image\" content=\"https:\/\/wrapdesign.ca\/wp-content\/uploads\/2025\/07\/HS204-White-High-Gloss-3-300x300-1.jpg\" \/>\n\t<meta property=\"og:image:width\" content=\"300\" \/>\n\t<meta property=\"og:image:height\" content=\"300\" \/>\n\t<meta property=\"og:image:type\" content=\"image\/jpeg\" \/>\n<meta name=\"twitter:card\" content=\"summary_large_image\" \/>\n<meta name=\"twitter:label1\" content=\"Estimation du temps de lecture\" \/>\n\t<meta name=\"twitter:data1\" content=\"1 minute\" \/>\n<script type=\"application\/ld+json\" class=\"yoast-schema-graph\">{\"@context\":\"https:\/\/schema.org\",\"@graph\":[{\"@type\":\"WebPage\",\"@id\":\"https:\/\/wrapdesign.ca\/product\/hs204-bodaq\/\",\"url\":\"https:\/\/wrapdesign.ca\/product\/hs204-bodaq\/\",\"name\":\"HS204 - White High Gloss - Wrap Design\",\"isPartOf\":{\"@id\":\"https:\/\/wrapdesign.ca\/#website\"},\"primaryImageOfPage\":{\"@id\":\"https:\/\/wrapdesign.ca\/product\/hs204-bodaq\/#primaryimage\"},\"image\":{\"@id\":\"https:\/\/wrapdesign.ca\/product\/hs204-bodaq\/#primaryimage\"},\"thumbnailUrl\":\"https:\/\/wrapdesign.ca\/wp-content\/uploads\/2025\/07\/HS204-White-High-Gloss-3-300x300-1.jpg\",\"datePublished\":\"2025-07-05T02:09:55+00:00\",\"dateModified\":\"2025-07-16T02:47:34+00:00\",\"description\":\"Film Bodaq HS204 White High Gloss : vinyle autocollant blanc brillant, durable et facile \u00e0 poser. Id\u00e9al pour r\u00e9novation sans d\u00e9molition.\",\"breadcrumb\":{\"@id\":\"https:\/\/wrapdesign.ca\/product\/hs204-bodaq\/#breadcrumb\"},\"inLanguage\":\"fr-CA\",\"potentialAction\":[{\"@type\":\"ReadAction\",\"target\":[\"https:\/\/wrapdesign.ca\/product\/hs204-bodaq\/\"]}]},{\"@type\":\"ImageObject\",\"inLanguage\":\"fr-CA\",\"@id\":\"https:\/\/wrapdesign.ca\/product\/hs204-bodaq\/#primaryimage\",\"url\":\"https:\/\/wrapdesign.ca\/wp-content\/uploads\/2025\/07\/HS204-White-High-Gloss-3-300x300-1.jpg\",\"contentUrl\":\"https:\/\/wrapdesign.ca\/wp-content\/uploads\/2025\/07\/HS204-White-High-Gloss-3-300x300-1.jpg\",\"width\":300,\"height\":300},{\"@type\":\"BreadcrumbList\",\"@id\":\"https:\/\/wrapdesign.ca\/product\/hs204-bodaq\/#breadcrumb\",\"itemListElement\":[{\"@type\":\"ListItem\",\"position\":1,\"name\":\"Home\",\"item\":\"https:\/\/wrapdesign.ca\/\"},{\"@type\":\"ListItem\",\"position\":2,\"name\":\"boutique\",\"item\":\"https:\/\/wrapdesign.ca\/boutique\/\"},{\"@type\":\"ListItem\",\"position\":3,\"name\":\"HS204 &#8211; White High Gloss\"}]},{\"@type\":\"WebSite\",\"@id\":\"https:\/\/wrapdesign.ca\/#website\",\"url\":\"https:\/\/wrapdesign.ca\/\",\"name\":\"Wrap Design\",\"description\":\"\",\"potentialAction\":[{\"@type\":\"SearchAction\",\"target\":{\"@type\":\"EntryPoint\",\"urlTemplate\":\"https:\/\/wrapdesign.ca\/?s={search_term_string}\"},\"query-input\":\"required name=search_term_string\"}],\"inLanguage\":\"fr-CA\"}]}<\/script>\n<!-- \/ Yoast SEO plugin. -->","yoast_head_json":{"title":"HS204 - White High Gloss - Wrap Design","description":"Film Bodaq HS204 White High Gloss : vinyle autocollant blanc brillant, durable et facile \u00e0 poser. Id\u00e9al pour r\u00e9novation sans d\u00e9molition.","robots":{"index":"index","follow":"follow","max-snippet":"max-snippet:-1","max-image-preview":"max-image-preview:large","max-video-preview":"max-video-preview:-1"},"canonical":"https:\/\/wrapdesign.ca\/fr\/product\/hs204-bodaq","og_locale":"fr_CA","og_type":"article","og_title":"HS204 - White High Gloss - Wrap Design","og_description":"Film Bodaq HS204 White High Gloss : vinyle autocollant blanc brillant, durable et facile \u00e0 poser. Id\u00e9al pour r\u00e9novation sans d\u00e9molition.","og_url":"https:\/\/wrapdesign.ca\/fr\/product\/hs204-bodaq","og_site_name":"Wrap Design","article_modified_time":"2025-07-16T02:47:34+00:00","og_image":[{"width":300,"height":300,"url":"https:\/\/wrapdesign.ca\/wp-content\/uploads\/2025\/07\/HS204-White-High-Gloss-3-300x300-1.jpg","type":"image\/jpeg"}],"twitter_card":"summary_large_image","twitter_misc":{"Estimation du temps de lecture":"1 minute"},"schema":{"@context":"https:\/\/schema.org","@graph":[{"@type":"WebPage","@id":"https:\/\/wrapdesign.ca\/product\/hs204-bodaq\/","url":"https:\/\/wrapdesign.ca\/product\/hs204-bodaq\/","name":"HS204 - White High Gloss - Wrap Design","isPartOf":{"@id":"https:\/\/wrapdesign.ca\/#website"},"primaryImageOfPage":{"@id":"https:\/\/wrapdesign.ca\/product\/hs204-bodaq\/#primaryimage"},"image":{"@id":"https:\/\/wrapdesign.ca\/product\/hs204-bodaq\/#primaryimage"},"thumbnailUrl":"https:\/\/wrapdesign.ca\/wp-content\/uploads\/2025\/07\/HS204-White-High-Gloss-3-300x300-1.jpg","datePublished":"2025-07-05T02:09:55+00:00","dateModified":"2025-07-16T02:47:34+00:00","description":"Film Bodaq HS204 White High Gloss : vinyle autocollant blanc brillant, durable et facile \u00e0 poser. Id\u00e9al pour r\u00e9novation sans d\u00e9molition.","breadcrumb":{"@id":"https:\/\/wrapdesign.ca\/product\/hs204-bodaq\/#breadcrumb"},"inLanguage":"fr-CA","potentialAction":[{"@type":"ReadAction","target":["https:\/\/wrapdesign.ca\/product\/hs204-bodaq\/"]}]},{"@type":"ImageObject","inLanguage":"fr-CA","@id":"https:\/\/wrapdesign.ca\/product\/hs204-bodaq\/#primaryimage","url":"https:\/\/wrapdesign.ca\/wp-content\/uploads\/2025\/07\/HS204-White-High-Gloss-3-300x300-1.jpg","contentUrl":"https:\/\/wrapdesign.ca\/wp-content\/uploads\/2025\/07\/HS204-White-High-Gloss-3-300x300-1.jpg","width":300,"height":300},{"@type":"BreadcrumbList","@id":"https:\/\/wrapdesign.ca\/product\/hs204-bodaq\/#breadcrumb","itemListElement":[{"@type":"ListItem","position":1,"name":"Home","item":"https:\/\/wrapdesign.ca\/"},{"@type":"ListItem","position":2,"name":"boutique","item":"https:\/\/wrapdesign.ca\/boutique\/"},{"@type":"ListItem","position":3,"name":"HS204 &#8211; White High Gloss"}]},{"@type":"WebSite","@id":"https:\/\/wrapdesign.ca\/#website","url":"https:\/\/wrapdesign.ca\/","name":"Wrap Design","description":"","potentialAction":[{"@type":"SearchAction","target":{"@type":"EntryPoint","urlTemplate":"https:\/\/wrapdesign.ca\/?s={search_term_string}"},"query-input":"required name=search_term_string"}],"inLanguage":"fr-CA"}]}},"_links":{"self":[{"href":"https:\/\/wrapdesign.ca\/fr\/wp-json\/wp\/v2\/product\/3180","targetHints":{"allow":["GET"]}}],"collection":[{"href":"https:\/\/wrapdesign.ca\/fr\/wp-json\/wp\/v2\/product"}],"about":[{"href":"https:\/\/wrapdesign.ca\/fr\/wp-json\/wp\/v2\/types\/product"}],"wp:featuredmedia":[{"embeddable":true,"href":"https:\/\/wrapdesign.ca\/fr\/wp-json\/wp\/v2\/media\/3182"}],"wp:attachment":[{"href":"https:\/\/wrapdesign.ca\/fr\/wp-json\/wp\/v2\/media?parent=3180"}],"wp:term":[{"taxonomy":"product_cat","embeddable":true,"href":"https:\/\/wrapdesign.ca\/fr\/wp-json\/wp\/v2\/product_cat?post=3180"},{"taxonomy":"product_tag","embeddable":true,"href":"https:\/\/wrapdesign.ca\/fr\/wp-json\/wp\/v2\/product_tag?post=3180"}],"curies":[{"name":"wp","href":"https:\/\/api.w.org\/{rel}","templated":true}]}}