{"id":3224,"date":"2025-07-05T02:48:04","date_gmt":"2025-07-05T02:48:04","guid":{"rendered":"https:\/\/wrapdesign.ca\/?post_type=product&#038;p=3224"},"modified":"2026-02-24T01:43:47","modified_gmt":"2026-02-24T01:43:47","slug":"ns401-bodaq","status":"publish","type":"product","link":"https:\/\/wrapdesign.ca\/fr\/product\/ns401-bodaq\/","title":{"rendered":"NS401 &#8211; Concrete"},"content":{"rendered":"<table>\n<tbody>\n<tr>\n<th>Longueur d&rsquo;un rouleau complet<\/th>\n<td>164 pieds<\/td>\n<\/tr>\n<tr>\n<th>Largeur<\/th>\n<td>4 pieds<\/td>\n<\/tr>\n<tr>\n<th>Poids<\/th>\n<td>~ 55 lb<\/td>\n<\/tr>\n<tr>\n<th>Type de produit<\/th>\n<td>PVC<\/td>\n<\/tr>\n<tr>\n<th>Finition surface<\/th>\n<td>B\u00e9ton<\/td>\n<\/tr>\n<tr>\n<th>\u00c9tirable<\/th>\n<td>Oui<\/td>\n<\/tr>\n<tr>\n<th>Garantie<\/th>\n<td>10 ans<\/td>\n<\/tr>\n<tr>\n<th>R\u00e9sistance aux rayures<\/th>\n<td>7000 Taber Cycles<\/td>\n<\/tr>\n<tr>\n<th>R\u00e9sistance au feu<\/th>\n<td>Classe A \u2013 Classification au feu ASTM E84<\/td>\n<\/tr>\n<\/tbody>\n<\/table>\n","protected":false},"excerpt":{"rendered":"<p>Apportez l\u2019\u00e9l\u00e9gance brute du b\u00e9ton \u00e0 vos projets avec <strong data-start=\"422\" data-end=\"440\">NS401 Concrete<\/strong>, un <strong data-start=\"445\" data-end=\"473\">film architectural Bodaq<\/strong> au fini ultra r\u00e9aliste. Ce <strong data-start=\"501\" data-end=\"523\">vinyle autocollant<\/strong> reproduit fid\u00e8lement la texture du b\u00e9ton p\u00e2le, id\u00e9al pour vos projets de <strong data-start=\"597\" data-end=\"623\">r\u00e9novation commerciale<\/strong> ou <strong data-start=\"627\" data-end=\"644\">r\u00e9sidentielle<\/strong>. Parfait pour les <strong data-start=\"663\" data-end=\"698\">rev\u00eatements muraux autocollants<\/strong>, le <strong data-start=\"703\" data-end=\"729\">resurfa\u00e7age de meubles<\/strong> et la <strong data-start=\"736\" data-end=\"766\">r\u00e9novation sans d\u00e9molition<\/strong>, il est <strong data-start=\"775\" data-end=\"802\">durable, facile \u00e0 poser<\/strong>, et s\u2019int\u00e8gre parfaitement \u00e0 tout style de <strong data-start=\"846\" data-end=\"868\">design d\u2019int\u00e9rieur<\/strong>contemporain ou industriel.<\/p>\n","protected":false},"featured_media":3223,"template":"","meta":{"_acf_changed":false},"product_cat":[47,29,42],"product_tag":[],"class_list":{"0":"post-3224","1":"product","2":"type-product","3":"status-publish","4":"has-post-thumbnail","6":"product_cat-selection-wrap-design","7":"product_cat-pellicules-adhesives","8":"product_cat-beton","10":"first","11":"instock","12":"taxable","13":"shipping-taxable","14":"purchasable","15":"product-type-simple"},"acf":[],"yoast_head":"<!-- This site is optimized with the Yoast SEO plugin v22.3 - https:\/\/yoast.com\/wordpress\/plugins\/seo\/ -->\n<title>NS401 - Concrete - Wrap Design<\/title>\n<meta name=\"description\" content=\"NS401 Concrete : film architectural Bodaq effet b\u00e9ton p\u00e2le r\u00e9aliste. Durable, autocollant, id\u00e9al pour projets r\u00e9sidentiels et commerciaux.\" \/>\n<meta name=\"robots\" content=\"index, follow, max-snippet:-1, max-image-preview:large, max-video-preview:-1\" \/>\n<link rel=\"canonical\" href=\"https:\/\/wrapdesign.ca\/fr\/product\/ns401-bodaq\" \/>\n<meta property=\"og:locale\" content=\"fr_CA\" \/>\n<meta property=\"og:type\" content=\"article\" \/>\n<meta property=\"og:title\" content=\"NS401 - Concrete - Wrap Design\" \/>\n<meta property=\"og:description\" content=\"NS401 Concrete : film architectural Bodaq effet b\u00e9ton p\u00e2le r\u00e9aliste. Durable, autocollant, id\u00e9al pour projets r\u00e9sidentiels et commerciaux.\" \/>\n<meta property=\"og:url\" content=\"https:\/\/wrapdesign.ca\/fr\/product\/ns401-bodaq\" \/>\n<meta property=\"og:site_name\" content=\"Wrap Design\" \/>\n<meta property=\"article:modified_time\" content=\"2026-02-24T01:43:47+00:00\" \/>\n<meta property=\"og:image\" content=\"https:\/\/wrapdesign.ca\/wp-content\/uploads\/2025\/07\/NS401.jpg\" \/>\n\t<meta property=\"og:image:width\" content=\"1240\" \/>\n\t<meta property=\"og:image:height\" content=\"1753\" \/>\n\t<meta property=\"og:image:type\" content=\"image\/jpeg\" \/>\n<meta name=\"twitter:card\" content=\"summary_large_image\" \/>\n<meta name=\"twitter:label1\" content=\"Estimation du temps de lecture\" \/>\n\t<meta name=\"twitter:data1\" content=\"1 minute\" \/>\n<script type=\"application\/ld+json\" class=\"yoast-schema-graph\">{\"@context\":\"https:\/\/schema.org\",\"@graph\":[{\"@type\":\"WebPage\",\"@id\":\"https:\/\/wrapdesign.ca\/product\/ns401-bodaq\/\",\"url\":\"https:\/\/wrapdesign.ca\/product\/ns401-bodaq\/\",\"name\":\"NS401 - Concrete - Wrap Design\",\"isPartOf\":{\"@id\":\"https:\/\/wrapdesign.ca\/#website\"},\"primaryImageOfPage\":{\"@id\":\"https:\/\/wrapdesign.ca\/product\/ns401-bodaq\/#primaryimage\"},\"image\":{\"@id\":\"https:\/\/wrapdesign.ca\/product\/ns401-bodaq\/#primaryimage\"},\"thumbnailUrl\":\"https:\/\/wrapdesign.ca\/wp-content\/uploads\/2025\/07\/NS401.jpg\",\"datePublished\":\"2025-07-05T02:48:04+00:00\",\"dateModified\":\"2026-02-24T01:43:47+00:00\",\"description\":\"NS401 Concrete : film architectural Bodaq effet b\u00e9ton p\u00e2le r\u00e9aliste. Durable, autocollant, id\u00e9al pour projets r\u00e9sidentiels et commerciaux.\",\"breadcrumb\":{\"@id\":\"https:\/\/wrapdesign.ca\/product\/ns401-bodaq\/#breadcrumb\"},\"inLanguage\":\"fr-CA\",\"potentialAction\":[{\"@type\":\"ReadAction\",\"target\":[\"https:\/\/wrapdesign.ca\/product\/ns401-bodaq\/\"]}]},{\"@type\":\"ImageObject\",\"inLanguage\":\"fr-CA\",\"@id\":\"https:\/\/wrapdesign.ca\/product\/ns401-bodaq\/#primaryimage\",\"url\":\"https:\/\/wrapdesign.ca\/wp-content\/uploads\/2025\/07\/NS401.jpg\",\"contentUrl\":\"https:\/\/wrapdesign.ca\/wp-content\/uploads\/2025\/07\/NS401.jpg\",\"width\":1240,\"height\":1753},{\"@type\":\"BreadcrumbList\",\"@id\":\"https:\/\/wrapdesign.ca\/product\/ns401-bodaq\/#breadcrumb\",\"itemListElement\":[{\"@type\":\"ListItem\",\"position\":1,\"name\":\"Home\",\"item\":\"https:\/\/wrapdesign.ca\/\"},{\"@type\":\"ListItem\",\"position\":2,\"name\":\"boutique\",\"item\":\"https:\/\/wrapdesign.ca\/boutique\/\"},{\"@type\":\"ListItem\",\"position\":3,\"name\":\"NS401 &#8211; Concrete\"}]},{\"@type\":\"WebSite\",\"@id\":\"https:\/\/wrapdesign.ca\/#website\",\"url\":\"https:\/\/wrapdesign.ca\/\",\"name\":\"Wrap Design\",\"description\":\"\",\"potentialAction\":[{\"@type\":\"SearchAction\",\"target\":{\"@type\":\"EntryPoint\",\"urlTemplate\":\"https:\/\/wrapdesign.ca\/?s={search_term_string}\"},\"query-input\":\"required name=search_term_string\"}],\"inLanguage\":\"fr-CA\"}]}<\/script>\n<!-- \/ Yoast SEO plugin. -->","yoast_head_json":{"title":"NS401 - Concrete - Wrap Design","description":"NS401 Concrete : film architectural Bodaq effet b\u00e9ton p\u00e2le r\u00e9aliste. Durable, autocollant, id\u00e9al pour projets r\u00e9sidentiels et commerciaux.","robots":{"index":"index","follow":"follow","max-snippet":"max-snippet:-1","max-image-preview":"max-image-preview:large","max-video-preview":"max-video-preview:-1"},"canonical":"https:\/\/wrapdesign.ca\/fr\/product\/ns401-bodaq","og_locale":"fr_CA","og_type":"article","og_title":"NS401 - Concrete - Wrap Design","og_description":"NS401 Concrete : film architectural Bodaq effet b\u00e9ton p\u00e2le r\u00e9aliste. Durable, autocollant, id\u00e9al pour projets r\u00e9sidentiels et commerciaux.","og_url":"https:\/\/wrapdesign.ca\/fr\/product\/ns401-bodaq","og_site_name":"Wrap Design","article_modified_time":"2026-02-24T01:43:47+00:00","og_image":[{"width":1240,"height":1753,"url":"https:\/\/wrapdesign.ca\/wp-content\/uploads\/2025\/07\/NS401.jpg","type":"image\/jpeg"}],"twitter_card":"summary_large_image","twitter_misc":{"Estimation du temps de lecture":"1 minute"},"schema":{"@context":"https:\/\/schema.org","@graph":[{"@type":"WebPage","@id":"https:\/\/wrapdesign.ca\/product\/ns401-bodaq\/","url":"https:\/\/wrapdesign.ca\/product\/ns401-bodaq\/","name":"NS401 - Concrete - Wrap Design","isPartOf":{"@id":"https:\/\/wrapdesign.ca\/#website"},"primaryImageOfPage":{"@id":"https:\/\/wrapdesign.ca\/product\/ns401-bodaq\/#primaryimage"},"image":{"@id":"https:\/\/wrapdesign.ca\/product\/ns401-bodaq\/#primaryimage"},"thumbnailUrl":"https:\/\/wrapdesign.ca\/wp-content\/uploads\/2025\/07\/NS401.jpg","datePublished":"2025-07-05T02:48:04+00:00","dateModified":"2026-02-24T01:43:47+00:00","description":"NS401 Concrete : film architectural Bodaq effet b\u00e9ton p\u00e2le r\u00e9aliste. Durable, autocollant, id\u00e9al pour projets r\u00e9sidentiels et commerciaux.","breadcrumb":{"@id":"https:\/\/wrapdesign.ca\/product\/ns401-bodaq\/#breadcrumb"},"inLanguage":"fr-CA","potentialAction":[{"@type":"ReadAction","target":["https:\/\/wrapdesign.ca\/product\/ns401-bodaq\/"]}]},{"@type":"ImageObject","inLanguage":"fr-CA","@id":"https:\/\/wrapdesign.ca\/product\/ns401-bodaq\/#primaryimage","url":"https:\/\/wrapdesign.ca\/wp-content\/uploads\/2025\/07\/NS401.jpg","contentUrl":"https:\/\/wrapdesign.ca\/wp-content\/uploads\/2025\/07\/NS401.jpg","width":1240,"height":1753},{"@type":"BreadcrumbList","@id":"https:\/\/wrapdesign.ca\/product\/ns401-bodaq\/#breadcrumb","itemListElement":[{"@type":"ListItem","position":1,"name":"Home","item":"https:\/\/wrapdesign.ca\/"},{"@type":"ListItem","position":2,"name":"boutique","item":"https:\/\/wrapdesign.ca\/boutique\/"},{"@type":"ListItem","position":3,"name":"NS401 &#8211; Concrete"}]},{"@type":"WebSite","@id":"https:\/\/wrapdesign.ca\/#website","url":"https:\/\/wrapdesign.ca\/","name":"Wrap Design","description":"","potentialAction":[{"@type":"SearchAction","target":{"@type":"EntryPoint","urlTemplate":"https:\/\/wrapdesign.ca\/?s={search_term_string}"},"query-input":"required name=search_term_string"}],"inLanguage":"fr-CA"}]}},"_links":{"self":[{"href":"https:\/\/wrapdesign.ca\/fr\/wp-json\/wp\/v2\/product\/3224","targetHints":{"allow":["GET"]}}],"collection":[{"href":"https:\/\/wrapdesign.ca\/fr\/wp-json\/wp\/v2\/product"}],"about":[{"href":"https:\/\/wrapdesign.ca\/fr\/wp-json\/wp\/v2\/types\/product"}],"wp:featuredmedia":[{"embeddable":true,"href":"https:\/\/wrapdesign.ca\/fr\/wp-json\/wp\/v2\/media\/3223"}],"wp:attachment":[{"href":"https:\/\/wrapdesign.ca\/fr\/wp-json\/wp\/v2\/media?parent=3224"}],"wp:term":[{"taxonomy":"product_cat","embeddable":true,"href":"https:\/\/wrapdesign.ca\/fr\/wp-json\/wp\/v2\/product_cat?post=3224"},{"taxonomy":"product_tag","embeddable":true,"href":"https:\/\/wrapdesign.ca\/fr\/wp-json\/wp\/v2\/product_tag?post=3224"}],"curies":[{"name":"wp","href":"https:\/\/api.w.org\/{rel}","templated":true}]}}