{"id":3305,"date":"2025-07-06T14:02:27","date_gmt":"2025-07-06T14:02:27","guid":{"rendered":"https:\/\/wrapdesign.ca\/?post_type=product&#038;p=3305"},"modified":"2025-11-27T03:21:02","modified_gmt":"2025-11-27T03:21:02","slug":"zx110-bodaq","status":"publish","type":"product","link":"https:\/\/wrapdesign.ca\/fr\/product\/zx110-bodaq\/","title":{"rendered":"ZX110 &#8211; Ember Ash"},"content":{"rendered":"<table>\n<tbody>\n<tr>\n<th>Longueur d&rsquo;un rouleau complet<\/th>\n<td>164 pieds<\/td>\n<\/tr>\n<tr>\n<th>Largeur<\/th>\n<td>4 pieds<\/td>\n<\/tr>\n<tr>\n<th>Poids<\/th>\n<td>~ 55 lb<\/td>\n<\/tr>\n<tr>\n<th>Type de produit<\/th>\n<td>PVC<\/td>\n<\/tr>\n<tr>\n<th>Finition surface<\/th>\n<td>Bois (Premium)<\/td>\n<\/tr>\n<tr>\n<th>\u00c9tirable<\/th>\n<td>Oui<\/td>\n<\/tr>\n<tr>\n<th>Garantie<\/th>\n<td>10 ans<\/td>\n<\/tr>\n<tr>\n<th>R\u00e9sistance aux rayures<\/th>\n<td>7000 Taber Cycles<\/td>\n<\/tr>\n<tr>\n<th>R\u00e9sistance au feu<\/th>\n<td>Classe A \u2013 Classification au feu ASTM E84<\/td>\n<\/tr>\n<\/tbody>\n<\/table>\n","protected":false},"excerpt":{"rendered":"<p>Le <strong data-start=\"190\" data-end=\"209\">ZX110 Ember Ash<\/strong> de la collection Rich Wood allie la richesse du bois de fr\u00eane \u00e0 des tons chaleureux brun gingembre. Ce <strong data-start=\"313\" data-end=\"341\">film architectural Bodaq<\/strong> au fini raffin\u00e9 apporte profondeur et charme \u00e0 tout <strong data-start=\"394\" data-end=\"430\">projet r\u00e9sidentiel ou commercial<\/strong>. Parfait pour le <strong data-start=\"448\" data-end=\"474\">resurfa\u00e7age de meubles<\/strong>, le <strong data-start=\"479\" data-end=\"511\">rev\u00eatement mural autocollant<\/strong> ou la <strong data-start=\"518\" data-end=\"548\">r\u00e9novation sans d\u00e9molition<\/strong>, il offre une solution <strong data-start=\"572\" data-end=\"583\">durable<\/strong>, <strong data-start=\"585\" data-end=\"603\">facile \u00e0 poser<\/strong>, et visuellement saisissante pour le <strong data-start=\"641\" data-end=\"663\">design d\u2019int\u00e9rieur<\/strong>.<\/p>\n","protected":false},"featured_media":3301,"template":"","meta":{"_acf_changed":false},"product_cat":[29,38],"product_tag":[],"class_list":{"0":"post-3305","1":"product","2":"type-product","3":"status-publish","4":"has-post-thumbnail","6":"product_cat-pellicules-adhesives","7":"product_cat-bois-premium","9":"first","10":"instock","11":"taxable","12":"shipping-taxable","13":"purchasable","14":"product-type-simple"},"acf":[],"yoast_head":"<!-- This site is optimized with the Yoast SEO plugin v22.3 - https:\/\/yoast.com\/wordpress\/plugins\/seo\/ -->\n<title>ZX110 - Ember Ash - Wrap Design<\/title>\n<meta name=\"description\" content=\"ZX110 Ember Ash : film Bodaq brun chaud effet bois, id\u00e9al pour un design durable et \u00e9l\u00e9gant en r\u00e9sidentiel ou en r\u00e9novation commerciale.\" \/>\n<meta name=\"robots\" content=\"index, follow, max-snippet:-1, max-image-preview:large, max-video-preview:-1\" \/>\n<link rel=\"canonical\" href=\"https:\/\/wrapdesign.ca\/fr\/product\/zx110-bodaq\" \/>\n<meta property=\"og:locale\" content=\"fr_CA\" \/>\n<meta property=\"og:type\" content=\"article\" \/>\n<meta property=\"og:title\" content=\"ZX110 - Ember Ash - Wrap Design\" \/>\n<meta property=\"og:description\" content=\"ZX110 Ember Ash : film Bodaq brun chaud effet bois, id\u00e9al pour un design durable et \u00e9l\u00e9gant en r\u00e9sidentiel ou en r\u00e9novation commerciale.\" \/>\n<meta property=\"og:url\" content=\"https:\/\/wrapdesign.ca\/fr\/product\/zx110-bodaq\" \/>\n<meta property=\"og:site_name\" content=\"Wrap Design\" \/>\n<meta property=\"article:modified_time\" content=\"2025-11-27T03:21:02+00:00\" \/>\n<meta property=\"og:image\" content=\"https:\/\/wrapdesign.ca\/wp-content\/uploads\/2025\/07\/ZX110-2023.jpg\" \/>\n\t<meta property=\"og:image:width\" content=\"1240\" \/>\n\t<meta property=\"og:image:height\" content=\"1753\" \/>\n\t<meta property=\"og:image:type\" content=\"image\/jpeg\" \/>\n<meta name=\"twitter:card\" content=\"summary_large_image\" \/>\n<meta name=\"twitter:label1\" content=\"Estimation du temps de lecture\" \/>\n\t<meta name=\"twitter:data1\" content=\"1 minute\" \/>\n<script type=\"application\/ld+json\" class=\"yoast-schema-graph\">{\"@context\":\"https:\/\/schema.org\",\"@graph\":[{\"@type\":\"WebPage\",\"@id\":\"https:\/\/wrapdesign.ca\/product\/zx110-bodaq\/\",\"url\":\"https:\/\/wrapdesign.ca\/product\/zx110-bodaq\/\",\"name\":\"ZX110 - Ember Ash - Wrap Design\",\"isPartOf\":{\"@id\":\"https:\/\/wrapdesign.ca\/#website\"},\"primaryImageOfPage\":{\"@id\":\"https:\/\/wrapdesign.ca\/product\/zx110-bodaq\/#primaryimage\"},\"image\":{\"@id\":\"https:\/\/wrapdesign.ca\/product\/zx110-bodaq\/#primaryimage\"},\"thumbnailUrl\":\"https:\/\/wrapdesign.ca\/wp-content\/uploads\/2025\/07\/ZX110-2023.jpg\",\"datePublished\":\"2025-07-06T14:02:27+00:00\",\"dateModified\":\"2025-11-27T03:21:02+00:00\",\"description\":\"ZX110 Ember Ash : film Bodaq brun chaud effet bois, id\u00e9al pour un design durable et \u00e9l\u00e9gant en r\u00e9sidentiel ou en r\u00e9novation commerciale.\",\"breadcrumb\":{\"@id\":\"https:\/\/wrapdesign.ca\/product\/zx110-bodaq\/#breadcrumb\"},\"inLanguage\":\"fr-CA\",\"potentialAction\":[{\"@type\":\"ReadAction\",\"target\":[\"https:\/\/wrapdesign.ca\/product\/zx110-bodaq\/\"]}]},{\"@type\":\"ImageObject\",\"inLanguage\":\"fr-CA\",\"@id\":\"https:\/\/wrapdesign.ca\/product\/zx110-bodaq\/#primaryimage\",\"url\":\"https:\/\/wrapdesign.ca\/wp-content\/uploads\/2025\/07\/ZX110-2023.jpg\",\"contentUrl\":\"https:\/\/wrapdesign.ca\/wp-content\/uploads\/2025\/07\/ZX110-2023.jpg\",\"width\":1240,\"height\":1753},{\"@type\":\"BreadcrumbList\",\"@id\":\"https:\/\/wrapdesign.ca\/product\/zx110-bodaq\/#breadcrumb\",\"itemListElement\":[{\"@type\":\"ListItem\",\"position\":1,\"name\":\"Home\",\"item\":\"https:\/\/wrapdesign.ca\/\"},{\"@type\":\"ListItem\",\"position\":2,\"name\":\"boutique\",\"item\":\"https:\/\/wrapdesign.ca\/boutique\/\"},{\"@type\":\"ListItem\",\"position\":3,\"name\":\"ZX110 &#8211; Ember Ash\"}]},{\"@type\":\"WebSite\",\"@id\":\"https:\/\/wrapdesign.ca\/#website\",\"url\":\"https:\/\/wrapdesign.ca\/\",\"name\":\"Wrap Design\",\"description\":\"\",\"potentialAction\":[{\"@type\":\"SearchAction\",\"target\":{\"@type\":\"EntryPoint\",\"urlTemplate\":\"https:\/\/wrapdesign.ca\/?s={search_term_string}\"},\"query-input\":\"required name=search_term_string\"}],\"inLanguage\":\"fr-CA\"}]}<\/script>\n<!-- \/ Yoast SEO plugin. -->","yoast_head_json":{"title":"ZX110 - Ember Ash - Wrap Design","description":"ZX110 Ember Ash : film Bodaq brun chaud effet bois, id\u00e9al pour un design durable et \u00e9l\u00e9gant en r\u00e9sidentiel ou en r\u00e9novation commerciale.","robots":{"index":"index","follow":"follow","max-snippet":"max-snippet:-1","max-image-preview":"max-image-preview:large","max-video-preview":"max-video-preview:-1"},"canonical":"https:\/\/wrapdesign.ca\/fr\/product\/zx110-bodaq","og_locale":"fr_CA","og_type":"article","og_title":"ZX110 - Ember Ash - Wrap Design","og_description":"ZX110 Ember Ash : film Bodaq brun chaud effet bois, id\u00e9al pour un design durable et \u00e9l\u00e9gant en r\u00e9sidentiel ou en r\u00e9novation commerciale.","og_url":"https:\/\/wrapdesign.ca\/fr\/product\/zx110-bodaq","og_site_name":"Wrap Design","article_modified_time":"2025-11-27T03:21:02+00:00","og_image":[{"width":1240,"height":1753,"url":"https:\/\/wrapdesign.ca\/wp-content\/uploads\/2025\/07\/ZX110-2023.jpg","type":"image\/jpeg"}],"twitter_card":"summary_large_image","twitter_misc":{"Estimation du temps de lecture":"1 minute"},"schema":{"@context":"https:\/\/schema.org","@graph":[{"@type":"WebPage","@id":"https:\/\/wrapdesign.ca\/product\/zx110-bodaq\/","url":"https:\/\/wrapdesign.ca\/product\/zx110-bodaq\/","name":"ZX110 - Ember Ash - Wrap Design","isPartOf":{"@id":"https:\/\/wrapdesign.ca\/#website"},"primaryImageOfPage":{"@id":"https:\/\/wrapdesign.ca\/product\/zx110-bodaq\/#primaryimage"},"image":{"@id":"https:\/\/wrapdesign.ca\/product\/zx110-bodaq\/#primaryimage"},"thumbnailUrl":"https:\/\/wrapdesign.ca\/wp-content\/uploads\/2025\/07\/ZX110-2023.jpg","datePublished":"2025-07-06T14:02:27+00:00","dateModified":"2025-11-27T03:21:02+00:00","description":"ZX110 Ember Ash : film Bodaq brun chaud effet bois, id\u00e9al pour un design durable et \u00e9l\u00e9gant en r\u00e9sidentiel ou en r\u00e9novation commerciale.","breadcrumb":{"@id":"https:\/\/wrapdesign.ca\/product\/zx110-bodaq\/#breadcrumb"},"inLanguage":"fr-CA","potentialAction":[{"@type":"ReadAction","target":["https:\/\/wrapdesign.ca\/product\/zx110-bodaq\/"]}]},{"@type":"ImageObject","inLanguage":"fr-CA","@id":"https:\/\/wrapdesign.ca\/product\/zx110-bodaq\/#primaryimage","url":"https:\/\/wrapdesign.ca\/wp-content\/uploads\/2025\/07\/ZX110-2023.jpg","contentUrl":"https:\/\/wrapdesign.ca\/wp-content\/uploads\/2025\/07\/ZX110-2023.jpg","width":1240,"height":1753},{"@type":"BreadcrumbList","@id":"https:\/\/wrapdesign.ca\/product\/zx110-bodaq\/#breadcrumb","itemListElement":[{"@type":"ListItem","position":1,"name":"Home","item":"https:\/\/wrapdesign.ca\/"},{"@type":"ListItem","position":2,"name":"boutique","item":"https:\/\/wrapdesign.ca\/boutique\/"},{"@type":"ListItem","position":3,"name":"ZX110 &#8211; Ember Ash"}]},{"@type":"WebSite","@id":"https:\/\/wrapdesign.ca\/#website","url":"https:\/\/wrapdesign.ca\/","name":"Wrap Design","description":"","potentialAction":[{"@type":"SearchAction","target":{"@type":"EntryPoint","urlTemplate":"https:\/\/wrapdesign.ca\/?s={search_term_string}"},"query-input":"required name=search_term_string"}],"inLanguage":"fr-CA"}]}},"_links":{"self":[{"href":"https:\/\/wrapdesign.ca\/fr\/wp-json\/wp\/v2\/product\/3305","targetHints":{"allow":["GET"]}}],"collection":[{"href":"https:\/\/wrapdesign.ca\/fr\/wp-json\/wp\/v2\/product"}],"about":[{"href":"https:\/\/wrapdesign.ca\/fr\/wp-json\/wp\/v2\/types\/product"}],"wp:featuredmedia":[{"embeddable":true,"href":"https:\/\/wrapdesign.ca\/fr\/wp-json\/wp\/v2\/media\/3301"}],"wp:attachment":[{"href":"https:\/\/wrapdesign.ca\/fr\/wp-json\/wp\/v2\/media?parent=3305"}],"wp:term":[{"taxonomy":"product_cat","embeddable":true,"href":"https:\/\/wrapdesign.ca\/fr\/wp-json\/wp\/v2\/product_cat?post=3305"},{"taxonomy":"product_tag","embeddable":true,"href":"https:\/\/wrapdesign.ca\/fr\/wp-json\/wp\/v2\/product_tag?post=3305"}],"curies":[{"name":"wp","href":"https:\/\/api.w.org\/{rel}","templated":true}]}}