{"id":3355,"date":"2025-07-06T14:37:11","date_gmt":"2025-07-06T14:37:11","guid":{"rendered":"https:\/\/wrapdesign.ca\/?post_type=product&#038;p=3355"},"modified":"2025-07-16T02:41:57","modified_gmt":"2025-07-16T02:41:57","slug":"zx154-bodaq","status":"publish","type":"product","link":"https:\/\/wrapdesign.ca\/fr\/product\/zx154-bodaq\/","title":{"rendered":"ZX154 &#8211; Harvest Oak"},"content":{"rendered":"<table>\n<tbody>\n<tr>\n<th>Longueur d&rsquo;un rouleau complet<\/th>\n<td>164 pieds<\/td>\n<\/tr>\n<tr>\n<th>Largeur<\/th>\n<td>4 pieds<\/td>\n<\/tr>\n<tr>\n<th>Poids<\/th>\n<td>~ 55 lb<\/td>\n<\/tr>\n<tr>\n<th>Type de produit<\/th>\n<td>PVC<\/td>\n<\/tr>\n<tr>\n<th>Finition surface<\/th>\n<td>Bois (Premium)<\/td>\n<\/tr>\n<tr>\n<th>\u00c9tirable<\/th>\n<td>Oui<\/td>\n<\/tr>\n<tr>\n<th>Garantie<\/th>\n<td>10 ans<\/td>\n<\/tr>\n<tr>\n<th>R\u00e9sistance aux rayures<\/th>\n<td>7000 Taber Cycles<\/td>\n<\/tr>\n<tr>\n<th>R\u00e9sistance au feu<\/th>\n<td>Classe A \u2013 Classification au feu ASTM E84<\/td>\n<\/tr>\n<\/tbody>\n<\/table>\n","protected":false},"excerpt":{"rendered":"<p>Le <strong data-start=\"166\" data-end=\"187\">ZX154 Harvest Oak<\/strong> de la collection Rich Wood marie chaleur traditionnelle et modernit\u00e9. Ce <strong data-start=\"261\" data-end=\"289\">film architectural Bodaq<\/strong> au ton ch\u00eane moyen avec des reflets dor\u00e9s offre une finition naturelle et \u00e9l\u00e9gante, id\u00e9ale pour le <strong data-start=\"389\" data-end=\"415\">resurfa\u00e7age de meubles<\/strong>, la <strong data-start=\"420\" data-end=\"446\">r\u00e9novation commerciale<\/strong> ou r\u00e9sidentielle. Gr\u00e2ce \u00e0 son <strong data-start=\"477\" data-end=\"499\">vinyle autocollant<\/strong> durable et <strong data-start=\"511\" data-end=\"529\">facile \u00e0 poser<\/strong>, transformez rapidement vos surfaces sans d\u00e9molition. Un <strong data-start=\"587\" data-end=\"619\">rev\u00eatement mural autocollant<\/strong> polyvalent pour tout <strong data-start=\"641\" data-end=\"673\">projet de design d\u2019int\u00e9rieur<\/strong>.<\/p>\n","protected":false},"featured_media":3354,"template":"","meta":{"_acf_changed":false},"product_cat":[29,38],"product_tag":[],"class_list":{"0":"post-3355","1":"product","2":"type-product","3":"status-publish","4":"has-post-thumbnail","6":"product_cat-pellicules-adhesives","7":"product_cat-bois-premium","9":"first","10":"instock","11":"taxable","12":"shipping-taxable","13":"purchasable","14":"product-type-simple"},"acf":[],"yoast_head":"<!-- This site is optimized with the Yoast SEO plugin v22.3 - https:\/\/yoast.com\/wordpress\/plugins\/seo\/ -->\n<title>ZX154 - Harvest Oak - Wrap Design<\/title>\n<meta name=\"description\" content=\"ZX154 Harvest Oak : vinyle autocollant Bodaq au ton ch\u00eane dor\u00e9, id\u00e9al pour la r\u00e9novation sans d\u00e9molition. Durable, \u00e9l\u00e9gant, facile \u00e0 poser.\" \/>\n<meta name=\"robots\" content=\"index, follow, max-snippet:-1, max-image-preview:large, max-video-preview:-1\" \/>\n<link rel=\"canonical\" href=\"https:\/\/wrapdesign.ca\/fr\/product\/zx154-bodaq\" \/>\n<meta property=\"og:locale\" content=\"fr_CA\" \/>\n<meta property=\"og:type\" content=\"article\" \/>\n<meta property=\"og:title\" content=\"ZX154 - Harvest Oak - Wrap Design\" \/>\n<meta property=\"og:description\" content=\"ZX154 Harvest Oak : vinyle autocollant Bodaq au ton ch\u00eane dor\u00e9, id\u00e9al pour la r\u00e9novation sans d\u00e9molition. Durable, \u00e9l\u00e9gant, facile \u00e0 poser.\" \/>\n<meta property=\"og:url\" content=\"https:\/\/wrapdesign.ca\/fr\/product\/zx154-bodaq\" \/>\n<meta property=\"og:site_name\" content=\"Wrap Design\" \/>\n<meta property=\"article:modified_time\" content=\"2025-07-16T02:41:57+00:00\" \/>\n<meta property=\"og:image\" content=\"https:\/\/wrapdesign.ca\/wp-content\/uploads\/2025\/07\/ZX154-2023.jpg\" \/>\n\t<meta property=\"og:image:width\" content=\"1240\" \/>\n\t<meta property=\"og:image:height\" content=\"1753\" \/>\n\t<meta property=\"og:image:type\" content=\"image\/jpeg\" \/>\n<meta name=\"twitter:card\" content=\"summary_large_image\" \/>\n<meta name=\"twitter:label1\" content=\"Estimation du temps de lecture\" \/>\n\t<meta name=\"twitter:data1\" content=\"1 minute\" \/>\n<script type=\"application\/ld+json\" class=\"yoast-schema-graph\">{\"@context\":\"https:\/\/schema.org\",\"@graph\":[{\"@type\":\"WebPage\",\"@id\":\"https:\/\/wrapdesign.ca\/product\/zx154-bodaq\/\",\"url\":\"https:\/\/wrapdesign.ca\/product\/zx154-bodaq\/\",\"name\":\"ZX154 - Harvest Oak - Wrap Design\",\"isPartOf\":{\"@id\":\"https:\/\/wrapdesign.ca\/#website\"},\"primaryImageOfPage\":{\"@id\":\"https:\/\/wrapdesign.ca\/product\/zx154-bodaq\/#primaryimage\"},\"image\":{\"@id\":\"https:\/\/wrapdesign.ca\/product\/zx154-bodaq\/#primaryimage\"},\"thumbnailUrl\":\"https:\/\/wrapdesign.ca\/wp-content\/uploads\/2025\/07\/ZX154-2023.jpg\",\"datePublished\":\"2025-07-06T14:37:11+00:00\",\"dateModified\":\"2025-07-16T02:41:57+00:00\",\"description\":\"ZX154 Harvest Oak : vinyle autocollant Bodaq au ton ch\u00eane dor\u00e9, id\u00e9al pour la r\u00e9novation sans d\u00e9molition. Durable, \u00e9l\u00e9gant, facile \u00e0 poser.\",\"breadcrumb\":{\"@id\":\"https:\/\/wrapdesign.ca\/product\/zx154-bodaq\/#breadcrumb\"},\"inLanguage\":\"fr-CA\",\"potentialAction\":[{\"@type\":\"ReadAction\",\"target\":[\"https:\/\/wrapdesign.ca\/product\/zx154-bodaq\/\"]}]},{\"@type\":\"ImageObject\",\"inLanguage\":\"fr-CA\",\"@id\":\"https:\/\/wrapdesign.ca\/product\/zx154-bodaq\/#primaryimage\",\"url\":\"https:\/\/wrapdesign.ca\/wp-content\/uploads\/2025\/07\/ZX154-2023.jpg\",\"contentUrl\":\"https:\/\/wrapdesign.ca\/wp-content\/uploads\/2025\/07\/ZX154-2023.jpg\",\"width\":1240,\"height\":1753},{\"@type\":\"BreadcrumbList\",\"@id\":\"https:\/\/wrapdesign.ca\/product\/zx154-bodaq\/#breadcrumb\",\"itemListElement\":[{\"@type\":\"ListItem\",\"position\":1,\"name\":\"Home\",\"item\":\"https:\/\/wrapdesign.ca\/\"},{\"@type\":\"ListItem\",\"position\":2,\"name\":\"boutique\",\"item\":\"https:\/\/wrapdesign.ca\/boutique\/\"},{\"@type\":\"ListItem\",\"position\":3,\"name\":\"ZX154 &#8211; Harvest Oak\"}]},{\"@type\":\"WebSite\",\"@id\":\"https:\/\/wrapdesign.ca\/#website\",\"url\":\"https:\/\/wrapdesign.ca\/\",\"name\":\"Wrap Design\",\"description\":\"\",\"potentialAction\":[{\"@type\":\"SearchAction\",\"target\":{\"@type\":\"EntryPoint\",\"urlTemplate\":\"https:\/\/wrapdesign.ca\/?s={search_term_string}\"},\"query-input\":\"required name=search_term_string\"}],\"inLanguage\":\"fr-CA\"}]}<\/script>\n<!-- \/ Yoast SEO plugin. -->","yoast_head_json":{"title":"ZX154 - Harvest Oak - Wrap Design","description":"ZX154 Harvest Oak : vinyle autocollant Bodaq au ton ch\u00eane dor\u00e9, id\u00e9al pour la r\u00e9novation sans d\u00e9molition. Durable, \u00e9l\u00e9gant, facile \u00e0 poser.","robots":{"index":"index","follow":"follow","max-snippet":"max-snippet:-1","max-image-preview":"max-image-preview:large","max-video-preview":"max-video-preview:-1"},"canonical":"https:\/\/wrapdesign.ca\/fr\/product\/zx154-bodaq","og_locale":"fr_CA","og_type":"article","og_title":"ZX154 - Harvest Oak - Wrap Design","og_description":"ZX154 Harvest Oak : vinyle autocollant Bodaq au ton ch\u00eane dor\u00e9, id\u00e9al pour la r\u00e9novation sans d\u00e9molition. Durable, \u00e9l\u00e9gant, facile \u00e0 poser.","og_url":"https:\/\/wrapdesign.ca\/fr\/product\/zx154-bodaq","og_site_name":"Wrap Design","article_modified_time":"2025-07-16T02:41:57+00:00","og_image":[{"width":1240,"height":1753,"url":"https:\/\/wrapdesign.ca\/wp-content\/uploads\/2025\/07\/ZX154-2023.jpg","type":"image\/jpeg"}],"twitter_card":"summary_large_image","twitter_misc":{"Estimation du temps de lecture":"1 minute"},"schema":{"@context":"https:\/\/schema.org","@graph":[{"@type":"WebPage","@id":"https:\/\/wrapdesign.ca\/product\/zx154-bodaq\/","url":"https:\/\/wrapdesign.ca\/product\/zx154-bodaq\/","name":"ZX154 - Harvest Oak - Wrap Design","isPartOf":{"@id":"https:\/\/wrapdesign.ca\/#website"},"primaryImageOfPage":{"@id":"https:\/\/wrapdesign.ca\/product\/zx154-bodaq\/#primaryimage"},"image":{"@id":"https:\/\/wrapdesign.ca\/product\/zx154-bodaq\/#primaryimage"},"thumbnailUrl":"https:\/\/wrapdesign.ca\/wp-content\/uploads\/2025\/07\/ZX154-2023.jpg","datePublished":"2025-07-06T14:37:11+00:00","dateModified":"2025-07-16T02:41:57+00:00","description":"ZX154 Harvest Oak : vinyle autocollant Bodaq au ton ch\u00eane dor\u00e9, id\u00e9al pour la r\u00e9novation sans d\u00e9molition. Durable, \u00e9l\u00e9gant, facile \u00e0 poser.","breadcrumb":{"@id":"https:\/\/wrapdesign.ca\/product\/zx154-bodaq\/#breadcrumb"},"inLanguage":"fr-CA","potentialAction":[{"@type":"ReadAction","target":["https:\/\/wrapdesign.ca\/product\/zx154-bodaq\/"]}]},{"@type":"ImageObject","inLanguage":"fr-CA","@id":"https:\/\/wrapdesign.ca\/product\/zx154-bodaq\/#primaryimage","url":"https:\/\/wrapdesign.ca\/wp-content\/uploads\/2025\/07\/ZX154-2023.jpg","contentUrl":"https:\/\/wrapdesign.ca\/wp-content\/uploads\/2025\/07\/ZX154-2023.jpg","width":1240,"height":1753},{"@type":"BreadcrumbList","@id":"https:\/\/wrapdesign.ca\/product\/zx154-bodaq\/#breadcrumb","itemListElement":[{"@type":"ListItem","position":1,"name":"Home","item":"https:\/\/wrapdesign.ca\/"},{"@type":"ListItem","position":2,"name":"boutique","item":"https:\/\/wrapdesign.ca\/boutique\/"},{"@type":"ListItem","position":3,"name":"ZX154 &#8211; Harvest Oak"}]},{"@type":"WebSite","@id":"https:\/\/wrapdesign.ca\/#website","url":"https:\/\/wrapdesign.ca\/","name":"Wrap Design","description":"","potentialAction":[{"@type":"SearchAction","target":{"@type":"EntryPoint","urlTemplate":"https:\/\/wrapdesign.ca\/?s={search_term_string}"},"query-input":"required name=search_term_string"}],"inLanguage":"fr-CA"}]}},"_links":{"self":[{"href":"https:\/\/wrapdesign.ca\/fr\/wp-json\/wp\/v2\/product\/3355","targetHints":{"allow":["GET"]}}],"collection":[{"href":"https:\/\/wrapdesign.ca\/fr\/wp-json\/wp\/v2\/product"}],"about":[{"href":"https:\/\/wrapdesign.ca\/fr\/wp-json\/wp\/v2\/types\/product"}],"wp:featuredmedia":[{"embeddable":true,"href":"https:\/\/wrapdesign.ca\/fr\/wp-json\/wp\/v2\/media\/3354"}],"wp:attachment":[{"href":"https:\/\/wrapdesign.ca\/fr\/wp-json\/wp\/v2\/media?parent=3355"}],"wp:term":[{"taxonomy":"product_cat","embeddable":true,"href":"https:\/\/wrapdesign.ca\/fr\/wp-json\/wp\/v2\/product_cat?post=3355"},{"taxonomy":"product_tag","embeddable":true,"href":"https:\/\/wrapdesign.ca\/fr\/wp-json\/wp\/v2\/product_tag?post=3355"}],"curies":[{"name":"wp","href":"https:\/\/api.w.org\/{rel}","templated":true}]}}