{"id":3395,"date":"2025-07-06T15:00:02","date_gmt":"2025-07-06T15:00:02","guid":{"rendered":"https:\/\/wrapdesign.ca\/?post_type=product&#038;p=3395"},"modified":"2026-02-24T01:37:32","modified_gmt":"2026-02-24T01:37:32","slug":"pnt02-bodaq","status":"publish","type":"product","link":"https:\/\/wrapdesign.ca\/fr\/product\/pnt02-bodaq\/","title":{"rendered":"PNT02 &#8211; Ice Gray"},"content":{"rendered":"<table>\n<tbody>\n<tr>\n<th>Longueur d&rsquo;un rouleau complet<\/th>\n<td>131 pieds<\/td>\n<\/tr>\n<tr>\n<th>Largeur<\/th>\n<td>4 pieds<\/td>\n<\/tr>\n<tr>\n<th>Poids<\/th>\n<td>~ 55 lb<\/td>\n<\/tr>\n<tr>\n<th>Type de produit<\/th>\n<td>PVC<\/td>\n<\/tr>\n<tr>\n<th>Finition surface<\/th>\n<td>Bois Peint (Premium)<\/td>\n<\/tr>\n<tr>\n<th>\u00c9tirable<\/th>\n<td>Oui<\/td>\n<\/tr>\n<tr>\n<th>Garantie<\/th>\n<td>10 ans<\/td>\n<\/tr>\n<tr>\n<th>R\u00e9sistance aux rayures<\/th>\n<td>7000 Taber Cycles<\/td>\n<\/tr>\n<tr>\n<th>R\u00e9sistance au feu<\/th>\n<td>Classe A \u2013 Classification au feu ASTM E84<\/td>\n<\/tr>\n<\/tbody>\n<\/table>\n","protected":false},"excerpt":{"rendered":"<p>Le <strong data-start=\"159\" data-end=\"177\">PNT02 Ice Gray<\/strong> de la collection Painted Wood allie modernit\u00e9 et sobri\u00e9t\u00e9 gr\u00e2ce \u00e0 son ton gris p\u00e2le et sa texture bois subtile. Ce <strong data-start=\"293\" data-end=\"321\">film architectural Bodaq<\/strong> en <strong data-start=\"325\" data-end=\"347\">vinyle autocollant<\/strong> est parfait pour le <strong data-start=\"368\" data-end=\"394\">resurfa\u00e7age de meubles<\/strong>, les <strong data-start=\"400\" data-end=\"435\">rev\u00eatements muraux autocollants<\/strong> et tout projet de <strong data-start=\"454\" data-end=\"484\">r\u00e9novation sans d\u00e9molition<\/strong>. Facile \u00e0 poser, durable, et r\u00e9sistant \u00e0 l\u2019humidit\u00e9, il s\u2019int\u00e8gre \u00e0 tous les styles de <strong data-start=\"572\" data-end=\"594\">design d\u2019int\u00e9rieur<\/strong>, tant pour les <strong data-start=\"610\" data-end=\"650\">espaces r\u00e9sidentiels que commerciaux<\/strong>.<\/p>\n","protected":false},"featured_media":3399,"template":"","meta":{"_acf_changed":false},"product_cat":[47,29,39],"product_tag":[],"class_list":{"0":"post-3395","1":"product","2":"type-product","3":"status-publish","4":"has-post-thumbnail","6":"product_cat-selection-wrap-design","7":"product_cat-pellicules-adhesives","8":"product_cat-bois-peint-premium","10":"first","11":"instock","12":"taxable","13":"shipping-taxable","14":"purchasable","15":"product-type-simple"},"acf":[],"yoast_head":"<!-- This site is optimized with the Yoast SEO plugin v22.3 - https:\/\/yoast.com\/wordpress\/plugins\/seo\/ -->\n<title>PNT02 - Ice Gray - Wrap Design<\/title>\n<meta name=\"description\" content=\"PNT02 Ice Gray : vinyle autocollant Bodaq effet bois peint gris, parfait pour resurfa\u00e7age de meubles et r\u00e9novation durable r\u00e9sidentielle ou commerciale.\" \/>\n<meta name=\"robots\" content=\"index, follow, max-snippet:-1, max-image-preview:large, max-video-preview:-1\" \/>\n<link rel=\"canonical\" href=\"https:\/\/wrapdesign.ca\/fr\/product\/pnt02-bodaq\" \/>\n<meta property=\"og:locale\" content=\"fr_CA\" \/>\n<meta property=\"og:type\" content=\"article\" \/>\n<meta property=\"og:title\" content=\"PNT02 - Ice Gray - Wrap Design\" \/>\n<meta property=\"og:description\" content=\"PNT02 Ice Gray : vinyle autocollant Bodaq effet bois peint gris, parfait pour resurfa\u00e7age de meubles et r\u00e9novation durable r\u00e9sidentielle ou commerciale.\" \/>\n<meta property=\"og:url\" content=\"https:\/\/wrapdesign.ca\/fr\/product\/pnt02-bodaq\" \/>\n<meta property=\"og:site_name\" content=\"Wrap Design\" \/>\n<meta property=\"article:modified_time\" content=\"2026-02-24T01:37:32+00:00\" \/>\n<meta property=\"og:image\" content=\"https:\/\/wrapdesign.ca\/wp-content\/uploads\/2025\/07\/PNT02.jpg\" \/>\n\t<meta property=\"og:image:width\" content=\"1240\" \/>\n\t<meta property=\"og:image:height\" content=\"1753\" \/>\n\t<meta property=\"og:image:type\" content=\"image\/jpeg\" \/>\n<meta name=\"twitter:card\" content=\"summary_large_image\" \/>\n<meta name=\"twitter:label1\" content=\"Estimation du temps de lecture\" \/>\n\t<meta name=\"twitter:data1\" content=\"1 minute\" \/>\n<script type=\"application\/ld+json\" class=\"yoast-schema-graph\">{\"@context\":\"https:\/\/schema.org\",\"@graph\":[{\"@type\":\"WebPage\",\"@id\":\"https:\/\/wrapdesign.ca\/product\/pnt02-bodaq\/\",\"url\":\"https:\/\/wrapdesign.ca\/product\/pnt02-bodaq\/\",\"name\":\"PNT02 - Ice Gray - Wrap Design\",\"isPartOf\":{\"@id\":\"https:\/\/wrapdesign.ca\/#website\"},\"primaryImageOfPage\":{\"@id\":\"https:\/\/wrapdesign.ca\/product\/pnt02-bodaq\/#primaryimage\"},\"image\":{\"@id\":\"https:\/\/wrapdesign.ca\/product\/pnt02-bodaq\/#primaryimage\"},\"thumbnailUrl\":\"https:\/\/wrapdesign.ca\/wp-content\/uploads\/2025\/07\/PNT02.jpg\",\"datePublished\":\"2025-07-06T15:00:02+00:00\",\"dateModified\":\"2026-02-24T01:37:32+00:00\",\"description\":\"PNT02 Ice Gray : vinyle autocollant Bodaq effet bois peint gris, parfait pour resurfa\u00e7age de meubles et r\u00e9novation durable r\u00e9sidentielle ou commerciale.\",\"breadcrumb\":{\"@id\":\"https:\/\/wrapdesign.ca\/product\/pnt02-bodaq\/#breadcrumb\"},\"inLanguage\":\"fr-CA\",\"potentialAction\":[{\"@type\":\"ReadAction\",\"target\":[\"https:\/\/wrapdesign.ca\/product\/pnt02-bodaq\/\"]}]},{\"@type\":\"ImageObject\",\"inLanguage\":\"fr-CA\",\"@id\":\"https:\/\/wrapdesign.ca\/product\/pnt02-bodaq\/#primaryimage\",\"url\":\"https:\/\/wrapdesign.ca\/wp-content\/uploads\/2025\/07\/PNT02.jpg\",\"contentUrl\":\"https:\/\/wrapdesign.ca\/wp-content\/uploads\/2025\/07\/PNT02.jpg\",\"width\":1240,\"height\":1753},{\"@type\":\"BreadcrumbList\",\"@id\":\"https:\/\/wrapdesign.ca\/product\/pnt02-bodaq\/#breadcrumb\",\"itemListElement\":[{\"@type\":\"ListItem\",\"position\":1,\"name\":\"Home\",\"item\":\"https:\/\/wrapdesign.ca\/\"},{\"@type\":\"ListItem\",\"position\":2,\"name\":\"boutique\",\"item\":\"https:\/\/wrapdesign.ca\/boutique\/\"},{\"@type\":\"ListItem\",\"position\":3,\"name\":\"PNT02 &#8211; Ice Gray\"}]},{\"@type\":\"WebSite\",\"@id\":\"https:\/\/wrapdesign.ca\/#website\",\"url\":\"https:\/\/wrapdesign.ca\/\",\"name\":\"Wrap Design\",\"description\":\"\",\"potentialAction\":[{\"@type\":\"SearchAction\",\"target\":{\"@type\":\"EntryPoint\",\"urlTemplate\":\"https:\/\/wrapdesign.ca\/?s={search_term_string}\"},\"query-input\":\"required name=search_term_string\"}],\"inLanguage\":\"fr-CA\"}]}<\/script>\n<!-- \/ Yoast SEO plugin. -->","yoast_head_json":{"title":"PNT02 - Ice Gray - Wrap Design","description":"PNT02 Ice Gray : vinyle autocollant Bodaq effet bois peint gris, parfait pour resurfa\u00e7age de meubles et r\u00e9novation durable r\u00e9sidentielle ou commerciale.","robots":{"index":"index","follow":"follow","max-snippet":"max-snippet:-1","max-image-preview":"max-image-preview:large","max-video-preview":"max-video-preview:-1"},"canonical":"https:\/\/wrapdesign.ca\/fr\/product\/pnt02-bodaq","og_locale":"fr_CA","og_type":"article","og_title":"PNT02 - Ice Gray - Wrap Design","og_description":"PNT02 Ice Gray : vinyle autocollant Bodaq effet bois peint gris, parfait pour resurfa\u00e7age de meubles et r\u00e9novation durable r\u00e9sidentielle ou commerciale.","og_url":"https:\/\/wrapdesign.ca\/fr\/product\/pnt02-bodaq","og_site_name":"Wrap Design","article_modified_time":"2026-02-24T01:37:32+00:00","og_image":[{"width":1240,"height":1753,"url":"https:\/\/wrapdesign.ca\/wp-content\/uploads\/2025\/07\/PNT02.jpg","type":"image\/jpeg"}],"twitter_card":"summary_large_image","twitter_misc":{"Estimation du temps de lecture":"1 minute"},"schema":{"@context":"https:\/\/schema.org","@graph":[{"@type":"WebPage","@id":"https:\/\/wrapdesign.ca\/product\/pnt02-bodaq\/","url":"https:\/\/wrapdesign.ca\/product\/pnt02-bodaq\/","name":"PNT02 - Ice Gray - Wrap Design","isPartOf":{"@id":"https:\/\/wrapdesign.ca\/#website"},"primaryImageOfPage":{"@id":"https:\/\/wrapdesign.ca\/product\/pnt02-bodaq\/#primaryimage"},"image":{"@id":"https:\/\/wrapdesign.ca\/product\/pnt02-bodaq\/#primaryimage"},"thumbnailUrl":"https:\/\/wrapdesign.ca\/wp-content\/uploads\/2025\/07\/PNT02.jpg","datePublished":"2025-07-06T15:00:02+00:00","dateModified":"2026-02-24T01:37:32+00:00","description":"PNT02 Ice Gray : vinyle autocollant Bodaq effet bois peint gris, parfait pour resurfa\u00e7age de meubles et r\u00e9novation durable r\u00e9sidentielle ou commerciale.","breadcrumb":{"@id":"https:\/\/wrapdesign.ca\/product\/pnt02-bodaq\/#breadcrumb"},"inLanguage":"fr-CA","potentialAction":[{"@type":"ReadAction","target":["https:\/\/wrapdesign.ca\/product\/pnt02-bodaq\/"]}]},{"@type":"ImageObject","inLanguage":"fr-CA","@id":"https:\/\/wrapdesign.ca\/product\/pnt02-bodaq\/#primaryimage","url":"https:\/\/wrapdesign.ca\/wp-content\/uploads\/2025\/07\/PNT02.jpg","contentUrl":"https:\/\/wrapdesign.ca\/wp-content\/uploads\/2025\/07\/PNT02.jpg","width":1240,"height":1753},{"@type":"BreadcrumbList","@id":"https:\/\/wrapdesign.ca\/product\/pnt02-bodaq\/#breadcrumb","itemListElement":[{"@type":"ListItem","position":1,"name":"Home","item":"https:\/\/wrapdesign.ca\/"},{"@type":"ListItem","position":2,"name":"boutique","item":"https:\/\/wrapdesign.ca\/boutique\/"},{"@type":"ListItem","position":3,"name":"PNT02 &#8211; Ice Gray"}]},{"@type":"WebSite","@id":"https:\/\/wrapdesign.ca\/#website","url":"https:\/\/wrapdesign.ca\/","name":"Wrap Design","description":"","potentialAction":[{"@type":"SearchAction","target":{"@type":"EntryPoint","urlTemplate":"https:\/\/wrapdesign.ca\/?s={search_term_string}"},"query-input":"required name=search_term_string"}],"inLanguage":"fr-CA"}]}},"_links":{"self":[{"href":"https:\/\/wrapdesign.ca\/fr\/wp-json\/wp\/v2\/product\/3395","targetHints":{"allow":["GET"]}}],"collection":[{"href":"https:\/\/wrapdesign.ca\/fr\/wp-json\/wp\/v2\/product"}],"about":[{"href":"https:\/\/wrapdesign.ca\/fr\/wp-json\/wp\/v2\/types\/product"}],"wp:featuredmedia":[{"embeddable":true,"href":"https:\/\/wrapdesign.ca\/fr\/wp-json\/wp\/v2\/media\/3399"}],"wp:attachment":[{"href":"https:\/\/wrapdesign.ca\/fr\/wp-json\/wp\/v2\/media?parent=3395"}],"wp:term":[{"taxonomy":"product_cat","embeddable":true,"href":"https:\/\/wrapdesign.ca\/fr\/wp-json\/wp\/v2\/product_cat?post=3395"},{"taxonomy":"product_tag","embeddable":true,"href":"https:\/\/wrapdesign.ca\/fr\/wp-json\/wp\/v2\/product_tag?post=3395"}],"curies":[{"name":"wp","href":"https:\/\/api.w.org\/{rel}","templated":true}]}}