{"id":3421,"date":"2025-07-06T22:19:45","date_gmt":"2025-07-06T22:19:45","guid":{"rendered":"https:\/\/wrapdesign.ca\/?post_type=product&#038;p=3421"},"modified":"2025-07-16T02:43:09","modified_gmt":"2025-07-16T02:43:09","slug":"pnt07-bodaq","status":"publish","type":"product","link":"https:\/\/wrapdesign.ca\/fr\/product\/pnt07-bodaq\/","title":{"rendered":"PNT07 &#8211; Muddy Green"},"content":{"rendered":"<table>\n<tbody>\n<tr>\n<th>Longueur d&rsquo;un rouleau complet<\/th>\n<td>131 pieds<\/td>\n<\/tr>\n<tr>\n<th>Largeur<\/th>\n<td>4 pieds<\/td>\n<\/tr>\n<tr>\n<th>Poids<\/th>\n<td>~ 55 lb<\/td>\n<\/tr>\n<tr>\n<th>Type de produit<\/th>\n<td>PVC<\/td>\n<\/tr>\n<tr>\n<th>Finition surface<\/th>\n<td>Bois Peint (Premium)<\/td>\n<\/tr>\n<tr>\n<th>\u00c9tirable<\/th>\n<td>Oui<\/td>\n<\/tr>\n<tr>\n<th>Garantie<\/th>\n<td>10 ans<\/td>\n<\/tr>\n<tr>\n<th>R\u00e9sistance aux rayures<\/th>\n<td>7000 Taber Cycles<\/td>\n<\/tr>\n<tr>\n<th>R\u00e9sistance au feu<\/th>\n<td>Classe A \u2013 Classification au feu ASTM E84<\/td>\n<\/tr>\n<\/tbody>\n<\/table>\n","protected":false},"excerpt":{"rendered":"<p><strong data-start=\"168\" data-end=\"194\">PNT07 Muddy Green Wood<\/strong> propose une teinte vert terreux inspir\u00e9e de la nature, parfaite pour cr\u00e9er une ambiance calme et apaisante. Ce <strong data-start=\"306\" data-end=\"334\">film architectural Bodaq<\/strong> offre un effet bois peint r\u00e9aliste et \u00e9l\u00e9gant, id\u00e9al pour le <strong data-start=\"396\" data-end=\"422\">resurfa\u00e7age de meubles<\/strong>, les armoires, les murs ou les \u00eelots de cuisine. <strong data-start=\"472\" data-end=\"490\">Facile \u00e0 poser<\/strong>, <strong data-start=\"492\" data-end=\"503\">durable<\/strong> et respectueux de l\u2019environnement, il s\u2019int\u00e8gre \u00e0 tout <strong data-start=\"559\" data-end=\"595\">projet r\u00e9sidentiel ou commercial<\/strong> de <strong data-start=\"599\" data-end=\"629\">r\u00e9novation sans d\u00e9molition<\/strong>.<\/p>\n","protected":false},"featured_media":3417,"template":"","meta":{"_acf_changed":false},"product_cat":[29,39],"product_tag":[],"class_list":{"0":"post-3421","1":"product","2":"type-product","3":"status-publish","4":"has-post-thumbnail","6":"product_cat-pellicules-adhesives","7":"product_cat-bois-peint-premium","9":"first","10":"instock","11":"taxable","12":"shipping-taxable","13":"purchasable","14":"product-type-simple"},"acf":[],"yoast_head":"<!-- This site is optimized with the Yoast SEO plugin v22.3 - https:\/\/yoast.com\/wordpress\/plugins\/seo\/ -->\n<title>PNT07 - Muddy Green - Wrap Design<\/title>\n<meta name=\"description\" content=\"PNT07 Muddy Green : film architectural Bodaq vert naturel, durable, autocollant et parfait pour un design d\u2019int\u00e9rieur moderne, apaisant et \u00e9coresponsable.\" \/>\n<meta name=\"robots\" content=\"index, follow, max-snippet:-1, max-image-preview:large, max-video-preview:-1\" \/>\n<link rel=\"canonical\" href=\"https:\/\/wrapdesign.ca\/fr\/product\/pnt07-bodaq\" \/>\n<meta property=\"og:locale\" content=\"fr_CA\" \/>\n<meta property=\"og:type\" content=\"article\" \/>\n<meta property=\"og:title\" content=\"PNT07 - Muddy Green - Wrap Design\" \/>\n<meta property=\"og:description\" content=\"PNT07 Muddy Green : film architectural Bodaq vert naturel, durable, autocollant et parfait pour un design d\u2019int\u00e9rieur moderne, apaisant et \u00e9coresponsable.\" \/>\n<meta property=\"og:url\" content=\"https:\/\/wrapdesign.ca\/fr\/product\/pnt07-bodaq\" \/>\n<meta property=\"og:site_name\" content=\"Wrap Design\" \/>\n<meta property=\"article:modified_time\" content=\"2025-07-16T02:43:09+00:00\" \/>\n<meta property=\"og:image\" content=\"https:\/\/wrapdesign.ca\/wp-content\/uploads\/2025\/07\/PNT07_NEW.jpg\" \/>\n\t<meta property=\"og:image:width\" content=\"1240\" \/>\n\t<meta property=\"og:image:height\" content=\"1754\" \/>\n\t<meta property=\"og:image:type\" content=\"image\/jpeg\" \/>\n<meta name=\"twitter:card\" content=\"summary_large_image\" \/>\n<meta name=\"twitter:label1\" content=\"Estimation du temps de lecture\" \/>\n\t<meta name=\"twitter:data1\" content=\"1 minute\" \/>\n<script type=\"application\/ld+json\" class=\"yoast-schema-graph\">{\"@context\":\"https:\/\/schema.org\",\"@graph\":[{\"@type\":\"WebPage\",\"@id\":\"https:\/\/wrapdesign.ca\/product\/pnt07-bodaq\/\",\"url\":\"https:\/\/wrapdesign.ca\/product\/pnt07-bodaq\/\",\"name\":\"PNT07 - Muddy Green - Wrap Design\",\"isPartOf\":{\"@id\":\"https:\/\/wrapdesign.ca\/#website\"},\"primaryImageOfPage\":{\"@id\":\"https:\/\/wrapdesign.ca\/product\/pnt07-bodaq\/#primaryimage\"},\"image\":{\"@id\":\"https:\/\/wrapdesign.ca\/product\/pnt07-bodaq\/#primaryimage\"},\"thumbnailUrl\":\"https:\/\/wrapdesign.ca\/wp-content\/uploads\/2025\/07\/PNT07_NEW.jpg\",\"datePublished\":\"2025-07-06T22:19:45+00:00\",\"dateModified\":\"2025-07-16T02:43:09+00:00\",\"description\":\"PNT07 Muddy Green : film architectural Bodaq vert naturel, durable, autocollant et parfait pour un design d\u2019int\u00e9rieur moderne, apaisant et \u00e9coresponsable.\",\"breadcrumb\":{\"@id\":\"https:\/\/wrapdesign.ca\/product\/pnt07-bodaq\/#breadcrumb\"},\"inLanguage\":\"fr-CA\",\"potentialAction\":[{\"@type\":\"ReadAction\",\"target\":[\"https:\/\/wrapdesign.ca\/product\/pnt07-bodaq\/\"]}]},{\"@type\":\"ImageObject\",\"inLanguage\":\"fr-CA\",\"@id\":\"https:\/\/wrapdesign.ca\/product\/pnt07-bodaq\/#primaryimage\",\"url\":\"https:\/\/wrapdesign.ca\/wp-content\/uploads\/2025\/07\/PNT07_NEW.jpg\",\"contentUrl\":\"https:\/\/wrapdesign.ca\/wp-content\/uploads\/2025\/07\/PNT07_NEW.jpg\",\"width\":1240,\"height\":1754},{\"@type\":\"BreadcrumbList\",\"@id\":\"https:\/\/wrapdesign.ca\/product\/pnt07-bodaq\/#breadcrumb\",\"itemListElement\":[{\"@type\":\"ListItem\",\"position\":1,\"name\":\"Home\",\"item\":\"https:\/\/wrapdesign.ca\/\"},{\"@type\":\"ListItem\",\"position\":2,\"name\":\"boutique\",\"item\":\"https:\/\/wrapdesign.ca\/boutique\/\"},{\"@type\":\"ListItem\",\"position\":3,\"name\":\"PNT07 &#8211; Muddy Green\"}]},{\"@type\":\"WebSite\",\"@id\":\"https:\/\/wrapdesign.ca\/#website\",\"url\":\"https:\/\/wrapdesign.ca\/\",\"name\":\"Wrap Design\",\"description\":\"\",\"potentialAction\":[{\"@type\":\"SearchAction\",\"target\":{\"@type\":\"EntryPoint\",\"urlTemplate\":\"https:\/\/wrapdesign.ca\/?s={search_term_string}\"},\"query-input\":\"required name=search_term_string\"}],\"inLanguage\":\"fr-CA\"}]}<\/script>\n<!-- \/ Yoast SEO plugin. -->","yoast_head_json":{"title":"PNT07 - Muddy Green - Wrap Design","description":"PNT07 Muddy Green : film architectural Bodaq vert naturel, durable, autocollant et parfait pour un design d\u2019int\u00e9rieur moderne, apaisant et \u00e9coresponsable.","robots":{"index":"index","follow":"follow","max-snippet":"max-snippet:-1","max-image-preview":"max-image-preview:large","max-video-preview":"max-video-preview:-1"},"canonical":"https:\/\/wrapdesign.ca\/fr\/product\/pnt07-bodaq","og_locale":"fr_CA","og_type":"article","og_title":"PNT07 - Muddy Green - Wrap Design","og_description":"PNT07 Muddy Green : film architectural Bodaq vert naturel, durable, autocollant et parfait pour un design d\u2019int\u00e9rieur moderne, apaisant et \u00e9coresponsable.","og_url":"https:\/\/wrapdesign.ca\/fr\/product\/pnt07-bodaq","og_site_name":"Wrap Design","article_modified_time":"2025-07-16T02:43:09+00:00","og_image":[{"width":1240,"height":1754,"url":"https:\/\/wrapdesign.ca\/wp-content\/uploads\/2025\/07\/PNT07_NEW.jpg","type":"image\/jpeg"}],"twitter_card":"summary_large_image","twitter_misc":{"Estimation du temps de lecture":"1 minute"},"schema":{"@context":"https:\/\/schema.org","@graph":[{"@type":"WebPage","@id":"https:\/\/wrapdesign.ca\/product\/pnt07-bodaq\/","url":"https:\/\/wrapdesign.ca\/product\/pnt07-bodaq\/","name":"PNT07 - Muddy Green - Wrap Design","isPartOf":{"@id":"https:\/\/wrapdesign.ca\/#website"},"primaryImageOfPage":{"@id":"https:\/\/wrapdesign.ca\/product\/pnt07-bodaq\/#primaryimage"},"image":{"@id":"https:\/\/wrapdesign.ca\/product\/pnt07-bodaq\/#primaryimage"},"thumbnailUrl":"https:\/\/wrapdesign.ca\/wp-content\/uploads\/2025\/07\/PNT07_NEW.jpg","datePublished":"2025-07-06T22:19:45+00:00","dateModified":"2025-07-16T02:43:09+00:00","description":"PNT07 Muddy Green : film architectural Bodaq vert naturel, durable, autocollant et parfait pour un design d\u2019int\u00e9rieur moderne, apaisant et \u00e9coresponsable.","breadcrumb":{"@id":"https:\/\/wrapdesign.ca\/product\/pnt07-bodaq\/#breadcrumb"},"inLanguage":"fr-CA","potentialAction":[{"@type":"ReadAction","target":["https:\/\/wrapdesign.ca\/product\/pnt07-bodaq\/"]}]},{"@type":"ImageObject","inLanguage":"fr-CA","@id":"https:\/\/wrapdesign.ca\/product\/pnt07-bodaq\/#primaryimage","url":"https:\/\/wrapdesign.ca\/wp-content\/uploads\/2025\/07\/PNT07_NEW.jpg","contentUrl":"https:\/\/wrapdesign.ca\/wp-content\/uploads\/2025\/07\/PNT07_NEW.jpg","width":1240,"height":1754},{"@type":"BreadcrumbList","@id":"https:\/\/wrapdesign.ca\/product\/pnt07-bodaq\/#breadcrumb","itemListElement":[{"@type":"ListItem","position":1,"name":"Home","item":"https:\/\/wrapdesign.ca\/"},{"@type":"ListItem","position":2,"name":"boutique","item":"https:\/\/wrapdesign.ca\/boutique\/"},{"@type":"ListItem","position":3,"name":"PNT07 &#8211; Muddy Green"}]},{"@type":"WebSite","@id":"https:\/\/wrapdesign.ca\/#website","url":"https:\/\/wrapdesign.ca\/","name":"Wrap Design","description":"","potentialAction":[{"@type":"SearchAction","target":{"@type":"EntryPoint","urlTemplate":"https:\/\/wrapdesign.ca\/?s={search_term_string}"},"query-input":"required name=search_term_string"}],"inLanguage":"fr-CA"}]}},"_links":{"self":[{"href":"https:\/\/wrapdesign.ca\/fr\/wp-json\/wp\/v2\/product\/3421","targetHints":{"allow":["GET"]}}],"collection":[{"href":"https:\/\/wrapdesign.ca\/fr\/wp-json\/wp\/v2\/product"}],"about":[{"href":"https:\/\/wrapdesign.ca\/fr\/wp-json\/wp\/v2\/types\/product"}],"wp:featuredmedia":[{"embeddable":true,"href":"https:\/\/wrapdesign.ca\/fr\/wp-json\/wp\/v2\/media\/3417"}],"wp:attachment":[{"href":"https:\/\/wrapdesign.ca\/fr\/wp-json\/wp\/v2\/media?parent=3421"}],"wp:term":[{"taxonomy":"product_cat","embeddable":true,"href":"https:\/\/wrapdesign.ca\/fr\/wp-json\/wp\/v2\/product_cat?post=3421"},{"taxonomy":"product_tag","embeddable":true,"href":"https:\/\/wrapdesign.ca\/fr\/wp-json\/wp\/v2\/product_tag?post=3421"}],"curies":[{"name":"wp","href":"https:\/\/api.w.org\/{rel}","templated":true}]}}