{"id":3427,"date":"2025-07-06T23:23:06","date_gmt":"2025-07-06T23:23:06","guid":{"rendered":"https:\/\/wrapdesign.ca\/?post_type=product&#038;p=3427"},"modified":"2025-07-16T02:40:52","modified_gmt":"2025-07-16T02:40:52","slug":"ptw07","status":"publish","type":"product","link":"https:\/\/wrapdesign.ca\/fr\/product\/ptw07\/","title":{"rendered":"PTW07 &#8211; Indigo Blue"},"content":{"rendered":"<table>\n<tbody>\n<tr>\n<th>Longueur d&rsquo;un rouleau complet<\/th>\n<td>164 pieds<\/td>\n<\/tr>\n<tr>\n<th>Largeur<\/th>\n<td>4 pieds<\/td>\n<\/tr>\n<tr>\n<th>Poids<\/th>\n<td>~ 55 lb<\/td>\n<\/tr>\n<tr>\n<th>Type de produit<\/th>\n<td>PVC<\/td>\n<\/tr>\n<tr>\n<th>Finition surface<\/th>\n<td>Bois Peint (Premium)<\/td>\n<\/tr>\n<tr>\n<th>\u00c9tirable<\/th>\n<td>Oui<\/td>\n<\/tr>\n<tr>\n<th>Garantie<\/th>\n<td>10 ans<\/td>\n<\/tr>\n<tr>\n<th>R\u00e9sistance aux rayures<\/th>\n<td>7000 Taber Cycles<\/td>\n<\/tr>\n<tr>\n<th>R\u00e9sistance au feu<\/th>\n<td>Classe A \u2013 Classification au feu ASTM E84<\/td>\n<\/tr>\n<\/tbody>\n<\/table>\n","protected":false},"excerpt":{"rendered":"<p><strong data-start=\"168\" data-end=\"194\">PTW07 Indigo Blue Wood<\/strong> marie la richesse du bois naturel \u00e0 une teinte indigo profonde et envo\u00fbtante. Ce <strong data-start=\"276\" data-end=\"304\">film architectural Bodaq<\/strong> au grain r\u00e9aliste est parfait pour cr\u00e9er des ambiances \u00e9l\u00e9gantes et myst\u00e9rieuses, dans un style contemporain ou vintage. Id\u00e9al pour le <strong data-start=\"440\" data-end=\"466\">resurfa\u00e7age de meubles<\/strong>, les murs d\u2019accent ou les armoires, il s\u2019applique facilement et offre une <strong data-start=\"541\" data-end=\"571\">r\u00e9novation sans d\u00e9molition<\/strong> durable, \u00e9cologique et \u00e0 <strong data-start=\"597\" data-end=\"616\">haute brillance<\/strong>, adapt\u00e9e \u00e0 tout <strong data-start=\"633\" data-end=\"669\">projet r\u00e9sidentiel ou commercial<\/strong>.<\/p>\n","protected":false},"featured_media":3423,"template":"","meta":{"_acf_changed":false},"product_cat":[29,39],"product_tag":[],"class_list":{"0":"post-3427","1":"product","2":"type-product","3":"status-publish","4":"has-post-thumbnail","6":"product_cat-pellicules-adhesives","7":"product_cat-bois-peint-premium","9":"first","10":"instock","11":"taxable","12":"shipping-taxable","13":"purchasable","14":"product-type-simple"},"acf":[],"yoast_head":"<!-- This site is optimized with the Yoast SEO plugin v22.3 - https:\/\/yoast.com\/wordpress\/plugins\/seo\/ -->\n<title>PTW07 - Indigo Blue - Wrap Design<\/title>\n<meta name=\"description\" content=\"PTW07 Indigo Blue Wood : film architectural Bodaq indigo \u00e9l\u00e9gant, durable et autocollant, parfait pour la r\u00e9novation commerciale ou r\u00e9sidentielle moderne.\" \/>\n<meta name=\"robots\" content=\"index, follow, max-snippet:-1, max-image-preview:large, max-video-preview:-1\" \/>\n<link rel=\"canonical\" href=\"https:\/\/wrapdesign.ca\/fr\/product\/ptw07\" \/>\n<meta property=\"og:locale\" content=\"fr_CA\" \/>\n<meta property=\"og:type\" content=\"article\" \/>\n<meta property=\"og:title\" content=\"PTW07 - Indigo Blue - Wrap Design\" \/>\n<meta property=\"og:description\" content=\"PTW07 Indigo Blue Wood : film architectural Bodaq indigo \u00e9l\u00e9gant, durable et autocollant, parfait pour la r\u00e9novation commerciale ou r\u00e9sidentielle moderne.\" \/>\n<meta property=\"og:url\" content=\"https:\/\/wrapdesign.ca\/fr\/product\/ptw07\" \/>\n<meta property=\"og:site_name\" content=\"Wrap Design\" \/>\n<meta property=\"article:modified_time\" content=\"2025-07-16T02:40:52+00:00\" \/>\n<meta property=\"og:image\" content=\"https:\/\/wrapdesign.ca\/wp-content\/uploads\/2025\/07\/PTW07.jpg\" \/>\n\t<meta property=\"og:image:width\" content=\"1240\" \/>\n\t<meta property=\"og:image:height\" content=\"1753\" \/>\n\t<meta property=\"og:image:type\" content=\"image\/jpeg\" \/>\n<meta name=\"twitter:card\" content=\"summary_large_image\" \/>\n<meta name=\"twitter:label1\" content=\"Estimation du temps de lecture\" \/>\n\t<meta name=\"twitter:data1\" content=\"1 minute\" \/>\n<script type=\"application\/ld+json\" class=\"yoast-schema-graph\">{\"@context\":\"https:\/\/schema.org\",\"@graph\":[{\"@type\":\"WebPage\",\"@id\":\"https:\/\/wrapdesign.ca\/product\/ptw07\/\",\"url\":\"https:\/\/wrapdesign.ca\/product\/ptw07\/\",\"name\":\"PTW07 - Indigo Blue - Wrap Design\",\"isPartOf\":{\"@id\":\"https:\/\/wrapdesign.ca\/#website\"},\"primaryImageOfPage\":{\"@id\":\"https:\/\/wrapdesign.ca\/product\/ptw07\/#primaryimage\"},\"image\":{\"@id\":\"https:\/\/wrapdesign.ca\/product\/ptw07\/#primaryimage\"},\"thumbnailUrl\":\"https:\/\/wrapdesign.ca\/wp-content\/uploads\/2025\/07\/PTW07.jpg\",\"datePublished\":\"2025-07-06T23:23:06+00:00\",\"dateModified\":\"2025-07-16T02:40:52+00:00\",\"description\":\"PTW07 Indigo Blue Wood : film architectural Bodaq indigo \u00e9l\u00e9gant, durable et autocollant, parfait pour la r\u00e9novation commerciale ou r\u00e9sidentielle moderne.\",\"breadcrumb\":{\"@id\":\"https:\/\/wrapdesign.ca\/product\/ptw07\/#breadcrumb\"},\"inLanguage\":\"fr-CA\",\"potentialAction\":[{\"@type\":\"ReadAction\",\"target\":[\"https:\/\/wrapdesign.ca\/product\/ptw07\/\"]}]},{\"@type\":\"ImageObject\",\"inLanguage\":\"fr-CA\",\"@id\":\"https:\/\/wrapdesign.ca\/product\/ptw07\/#primaryimage\",\"url\":\"https:\/\/wrapdesign.ca\/wp-content\/uploads\/2025\/07\/PTW07.jpg\",\"contentUrl\":\"https:\/\/wrapdesign.ca\/wp-content\/uploads\/2025\/07\/PTW07.jpg\",\"width\":1240,\"height\":1753},{\"@type\":\"BreadcrumbList\",\"@id\":\"https:\/\/wrapdesign.ca\/product\/ptw07\/#breadcrumb\",\"itemListElement\":[{\"@type\":\"ListItem\",\"position\":1,\"name\":\"Home\",\"item\":\"https:\/\/wrapdesign.ca\/\"},{\"@type\":\"ListItem\",\"position\":2,\"name\":\"boutique\",\"item\":\"https:\/\/wrapdesign.ca\/boutique\/\"},{\"@type\":\"ListItem\",\"position\":3,\"name\":\"PTW07 &#8211; Indigo Blue\"}]},{\"@type\":\"WebSite\",\"@id\":\"https:\/\/wrapdesign.ca\/#website\",\"url\":\"https:\/\/wrapdesign.ca\/\",\"name\":\"Wrap Design\",\"description\":\"\",\"potentialAction\":[{\"@type\":\"SearchAction\",\"target\":{\"@type\":\"EntryPoint\",\"urlTemplate\":\"https:\/\/wrapdesign.ca\/?s={search_term_string}\"},\"query-input\":\"required name=search_term_string\"}],\"inLanguage\":\"fr-CA\"}]}<\/script>\n<!-- \/ Yoast SEO plugin. -->","yoast_head_json":{"title":"PTW07 - Indigo Blue - Wrap Design","description":"PTW07 Indigo Blue Wood : film architectural Bodaq indigo \u00e9l\u00e9gant, durable et autocollant, parfait pour la r\u00e9novation commerciale ou r\u00e9sidentielle moderne.","robots":{"index":"index","follow":"follow","max-snippet":"max-snippet:-1","max-image-preview":"max-image-preview:large","max-video-preview":"max-video-preview:-1"},"canonical":"https:\/\/wrapdesign.ca\/fr\/product\/ptw07","og_locale":"fr_CA","og_type":"article","og_title":"PTW07 - Indigo Blue - Wrap Design","og_description":"PTW07 Indigo Blue Wood : film architectural Bodaq indigo \u00e9l\u00e9gant, durable et autocollant, parfait pour la r\u00e9novation commerciale ou r\u00e9sidentielle moderne.","og_url":"https:\/\/wrapdesign.ca\/fr\/product\/ptw07","og_site_name":"Wrap Design","article_modified_time":"2025-07-16T02:40:52+00:00","og_image":[{"width":1240,"height":1753,"url":"https:\/\/wrapdesign.ca\/wp-content\/uploads\/2025\/07\/PTW07.jpg","type":"image\/jpeg"}],"twitter_card":"summary_large_image","twitter_misc":{"Estimation du temps de lecture":"1 minute"},"schema":{"@context":"https:\/\/schema.org","@graph":[{"@type":"WebPage","@id":"https:\/\/wrapdesign.ca\/product\/ptw07\/","url":"https:\/\/wrapdesign.ca\/product\/ptw07\/","name":"PTW07 - Indigo Blue - Wrap Design","isPartOf":{"@id":"https:\/\/wrapdesign.ca\/#website"},"primaryImageOfPage":{"@id":"https:\/\/wrapdesign.ca\/product\/ptw07\/#primaryimage"},"image":{"@id":"https:\/\/wrapdesign.ca\/product\/ptw07\/#primaryimage"},"thumbnailUrl":"https:\/\/wrapdesign.ca\/wp-content\/uploads\/2025\/07\/PTW07.jpg","datePublished":"2025-07-06T23:23:06+00:00","dateModified":"2025-07-16T02:40:52+00:00","description":"PTW07 Indigo Blue Wood : film architectural Bodaq indigo \u00e9l\u00e9gant, durable et autocollant, parfait pour la r\u00e9novation commerciale ou r\u00e9sidentielle moderne.","breadcrumb":{"@id":"https:\/\/wrapdesign.ca\/product\/ptw07\/#breadcrumb"},"inLanguage":"fr-CA","potentialAction":[{"@type":"ReadAction","target":["https:\/\/wrapdesign.ca\/product\/ptw07\/"]}]},{"@type":"ImageObject","inLanguage":"fr-CA","@id":"https:\/\/wrapdesign.ca\/product\/ptw07\/#primaryimage","url":"https:\/\/wrapdesign.ca\/wp-content\/uploads\/2025\/07\/PTW07.jpg","contentUrl":"https:\/\/wrapdesign.ca\/wp-content\/uploads\/2025\/07\/PTW07.jpg","width":1240,"height":1753},{"@type":"BreadcrumbList","@id":"https:\/\/wrapdesign.ca\/product\/ptw07\/#breadcrumb","itemListElement":[{"@type":"ListItem","position":1,"name":"Home","item":"https:\/\/wrapdesign.ca\/"},{"@type":"ListItem","position":2,"name":"boutique","item":"https:\/\/wrapdesign.ca\/boutique\/"},{"@type":"ListItem","position":3,"name":"PTW07 &#8211; Indigo Blue"}]},{"@type":"WebSite","@id":"https:\/\/wrapdesign.ca\/#website","url":"https:\/\/wrapdesign.ca\/","name":"Wrap Design","description":"","potentialAction":[{"@type":"SearchAction","target":{"@type":"EntryPoint","urlTemplate":"https:\/\/wrapdesign.ca\/?s={search_term_string}"},"query-input":"required name=search_term_string"}],"inLanguage":"fr-CA"}]}},"_links":{"self":[{"href":"https:\/\/wrapdesign.ca\/fr\/wp-json\/wp\/v2\/product\/3427","targetHints":{"allow":["GET"]}}],"collection":[{"href":"https:\/\/wrapdesign.ca\/fr\/wp-json\/wp\/v2\/product"}],"about":[{"href":"https:\/\/wrapdesign.ca\/fr\/wp-json\/wp\/v2\/types\/product"}],"wp:featuredmedia":[{"embeddable":true,"href":"https:\/\/wrapdesign.ca\/fr\/wp-json\/wp\/v2\/media\/3423"}],"wp:attachment":[{"href":"https:\/\/wrapdesign.ca\/fr\/wp-json\/wp\/v2\/media?parent=3427"}],"wp:term":[{"taxonomy":"product_cat","embeddable":true,"href":"https:\/\/wrapdesign.ca\/fr\/wp-json\/wp\/v2\/product_cat?post=3427"},{"taxonomy":"product_tag","embeddable":true,"href":"https:\/\/wrapdesign.ca\/fr\/wp-json\/wp\/v2\/product_tag?post=3427"}],"curies":[{"name":"wp","href":"https:\/\/api.w.org\/{rel}","templated":true}]}}