{"id":3651,"date":"2025-07-07T01:37:13","date_gmt":"2025-07-07T01:37:13","guid":{"rendered":"https:\/\/wrapdesign.ca\/?post_type=product&#038;p=3651"},"modified":"2026-02-24T01:43:17","modified_gmt":"2026-02-24T01:43:17","slug":"smt12-bodaq","status":"publish","type":"product","link":"https:\/\/wrapdesign.ca\/fr\/product\/smt12-bodaq\/","title":{"rendered":"SMT12 &#8211; Soft Grey"},"content":{"rendered":"<table>\n<tbody>\n<tr>\n<th>Longueur d&rsquo;un rouleau complet<\/th>\n<td>164 pieds<\/td>\n<\/tr>\n<tr>\n<th>Largeur<\/th>\n<td>4 pieds<\/td>\n<\/tr>\n<tr>\n<th>Poids<\/th>\n<td>~ 55 lb<\/td>\n<\/tr>\n<tr>\n<th>Type de produit<\/th>\n<td>PVC<\/td>\n<\/tr>\n<tr>\n<th>Finition surface<\/th>\n<td>Soft Touch<\/td>\n<\/tr>\n<tr>\n<th>\u00c9tirable<\/th>\n<td>Oui<\/td>\n<\/tr>\n<tr>\n<th>Garantie<\/th>\n<td>10 ans<\/td>\n<\/tr>\n<tr>\n<th>R\u00e9sistance aux rayures<\/th>\n<td>7000 Taber Cycles<\/td>\n<\/tr>\n<tr>\n<th>R\u00e9sistance au feu<\/th>\n<td>Classe A \u2013 Classification au feu ASTM E84<\/td>\n<\/tr>\n<\/tbody>\n<\/table>\n","protected":false},"excerpt":{"rendered":"<p>Le <strong data-start=\"202\" data-end=\"233\">SMT12 Soft Grey Super Matte<\/strong> offre une teinte gris doux \u00e0 la finition soyeuse et ultra-mate. Ce <strong data-start=\"301\" data-end=\"329\">film architectural Bodaq<\/strong> est parfait pour les projets de <strong data-start=\"362\" data-end=\"405\">r\u00e9novation commerciale ou r\u00e9sidentielle<\/strong> gr\u00e2ce \u00e0 son look moderne, sa <strong data-start=\"435\" data-end=\"454\">texture durable<\/strong>, et son <strong data-start=\"463\" data-end=\"485\">application facile<\/strong> sur murs, armoires ou meubles. Id\u00e9al pour un <strong data-start=\"531\" data-end=\"553\">design d\u2019int\u00e9rieur<\/strong> minimaliste, il apporte \u00e9l\u00e9gance, neutralit\u00e9 et s\u00e9r\u00e9nit\u00e9, tout en permettant un <strong data-start=\"634\" data-end=\"665\">resurfa\u00e7age sans d\u00e9molition<\/strong> propre et rapide.<\/p>\n","protected":false},"featured_media":3654,"template":"","meta":{"_acf_changed":false},"product_cat":[47,29,23],"product_tag":[],"class_list":{"0":"post-3651","1":"product","2":"type-product","3":"status-publish","4":"has-post-thumbnail","6":"product_cat-selection-wrap-design","7":"product_cat-pellicules-adhesives","8":"product_cat-soft-touch","10":"first","11":"instock","12":"taxable","13":"shipping-taxable","14":"purchasable","15":"product-type-simple"},"acf":[],"yoast_head":"<!-- This site is optimized with the Yoast SEO plugin v22.3 - https:\/\/yoast.com\/wordpress\/plugins\/seo\/ -->\n<title>SMT12 - Soft Grey - Wrap Design<\/title>\n<meta name=\"description\" content=\"SMT12 Soft Grey : vinyle autocollant gris doux, ultra-mat et durable, pour murs, meubles et armoires. Id\u00e9al en r\u00e9novation r\u00e9sidentielle et commerciale.\" \/>\n<meta name=\"robots\" content=\"index, follow, max-snippet:-1, max-image-preview:large, max-video-preview:-1\" \/>\n<link rel=\"canonical\" href=\"https:\/\/wrapdesign.ca\/fr\/product\/smt12-bodaq\" \/>\n<meta property=\"og:locale\" content=\"fr_CA\" \/>\n<meta property=\"og:type\" content=\"article\" \/>\n<meta property=\"og:title\" content=\"SMT12 - Soft Grey - Wrap Design\" \/>\n<meta property=\"og:description\" content=\"SMT12 Soft Grey : vinyle autocollant gris doux, ultra-mat et durable, pour murs, meubles et armoires. Id\u00e9al en r\u00e9novation r\u00e9sidentielle et commerciale.\" \/>\n<meta property=\"og:url\" content=\"https:\/\/wrapdesign.ca\/fr\/product\/smt12-bodaq\" \/>\n<meta property=\"og:site_name\" content=\"Wrap Design\" \/>\n<meta property=\"article:modified_time\" content=\"2026-02-24T01:43:17+00:00\" \/>\n<meta property=\"og:image\" content=\"https:\/\/wrapdesign.ca\/wp-content\/uploads\/2025\/07\/SMT12_NEW.jpg\" \/>\n\t<meta property=\"og:image:width\" content=\"1240\" \/>\n\t<meta property=\"og:image:height\" content=\"1754\" \/>\n\t<meta property=\"og:image:type\" content=\"image\/jpeg\" \/>\n<meta name=\"twitter:card\" content=\"summary_large_image\" \/>\n<meta name=\"twitter:label1\" content=\"Estimation du temps de lecture\" \/>\n\t<meta name=\"twitter:data1\" content=\"1 minute\" \/>\n<script type=\"application\/ld+json\" class=\"yoast-schema-graph\">{\"@context\":\"https:\/\/schema.org\",\"@graph\":[{\"@type\":\"WebPage\",\"@id\":\"https:\/\/wrapdesign.ca\/product\/smt12-bodaq\/\",\"url\":\"https:\/\/wrapdesign.ca\/product\/smt12-bodaq\/\",\"name\":\"SMT12 - Soft Grey - Wrap Design\",\"isPartOf\":{\"@id\":\"https:\/\/wrapdesign.ca\/#website\"},\"primaryImageOfPage\":{\"@id\":\"https:\/\/wrapdesign.ca\/product\/smt12-bodaq\/#primaryimage\"},\"image\":{\"@id\":\"https:\/\/wrapdesign.ca\/product\/smt12-bodaq\/#primaryimage\"},\"thumbnailUrl\":\"https:\/\/wrapdesign.ca\/wp-content\/uploads\/2025\/07\/SMT12_NEW.jpg\",\"datePublished\":\"2025-07-07T01:37:13+00:00\",\"dateModified\":\"2026-02-24T01:43:17+00:00\",\"description\":\"SMT12 Soft Grey : vinyle autocollant gris doux, ultra-mat et durable, pour murs, meubles et armoires. Id\u00e9al en r\u00e9novation r\u00e9sidentielle et commerciale.\",\"breadcrumb\":{\"@id\":\"https:\/\/wrapdesign.ca\/product\/smt12-bodaq\/#breadcrumb\"},\"inLanguage\":\"fr-CA\",\"potentialAction\":[{\"@type\":\"ReadAction\",\"target\":[\"https:\/\/wrapdesign.ca\/product\/smt12-bodaq\/\"]}]},{\"@type\":\"ImageObject\",\"inLanguage\":\"fr-CA\",\"@id\":\"https:\/\/wrapdesign.ca\/product\/smt12-bodaq\/#primaryimage\",\"url\":\"https:\/\/wrapdesign.ca\/wp-content\/uploads\/2025\/07\/SMT12_NEW.jpg\",\"contentUrl\":\"https:\/\/wrapdesign.ca\/wp-content\/uploads\/2025\/07\/SMT12_NEW.jpg\",\"width\":1240,\"height\":1754},{\"@type\":\"BreadcrumbList\",\"@id\":\"https:\/\/wrapdesign.ca\/product\/smt12-bodaq\/#breadcrumb\",\"itemListElement\":[{\"@type\":\"ListItem\",\"position\":1,\"name\":\"Home\",\"item\":\"https:\/\/wrapdesign.ca\/\"},{\"@type\":\"ListItem\",\"position\":2,\"name\":\"boutique\",\"item\":\"https:\/\/wrapdesign.ca\/boutique\/\"},{\"@type\":\"ListItem\",\"position\":3,\"name\":\"SMT12 &#8211; Soft Grey\"}]},{\"@type\":\"WebSite\",\"@id\":\"https:\/\/wrapdesign.ca\/#website\",\"url\":\"https:\/\/wrapdesign.ca\/\",\"name\":\"Wrap Design\",\"description\":\"\",\"potentialAction\":[{\"@type\":\"SearchAction\",\"target\":{\"@type\":\"EntryPoint\",\"urlTemplate\":\"https:\/\/wrapdesign.ca\/?s={search_term_string}\"},\"query-input\":\"required name=search_term_string\"}],\"inLanguage\":\"fr-CA\"}]}<\/script>\n<!-- \/ Yoast SEO plugin. -->","yoast_head_json":{"title":"SMT12 - Soft Grey - Wrap Design","description":"SMT12 Soft Grey : vinyle autocollant gris doux, ultra-mat et durable, pour murs, meubles et armoires. Id\u00e9al en r\u00e9novation r\u00e9sidentielle et commerciale.","robots":{"index":"index","follow":"follow","max-snippet":"max-snippet:-1","max-image-preview":"max-image-preview:large","max-video-preview":"max-video-preview:-1"},"canonical":"https:\/\/wrapdesign.ca\/fr\/product\/smt12-bodaq","og_locale":"fr_CA","og_type":"article","og_title":"SMT12 - Soft Grey - Wrap Design","og_description":"SMT12 Soft Grey : vinyle autocollant gris doux, ultra-mat et durable, pour murs, meubles et armoires. Id\u00e9al en r\u00e9novation r\u00e9sidentielle et commerciale.","og_url":"https:\/\/wrapdesign.ca\/fr\/product\/smt12-bodaq","og_site_name":"Wrap Design","article_modified_time":"2026-02-24T01:43:17+00:00","og_image":[{"width":1240,"height":1754,"url":"https:\/\/wrapdesign.ca\/wp-content\/uploads\/2025\/07\/SMT12_NEW.jpg","type":"image\/jpeg"}],"twitter_card":"summary_large_image","twitter_misc":{"Estimation du temps de lecture":"1 minute"},"schema":{"@context":"https:\/\/schema.org","@graph":[{"@type":"WebPage","@id":"https:\/\/wrapdesign.ca\/product\/smt12-bodaq\/","url":"https:\/\/wrapdesign.ca\/product\/smt12-bodaq\/","name":"SMT12 - Soft Grey - Wrap Design","isPartOf":{"@id":"https:\/\/wrapdesign.ca\/#website"},"primaryImageOfPage":{"@id":"https:\/\/wrapdesign.ca\/product\/smt12-bodaq\/#primaryimage"},"image":{"@id":"https:\/\/wrapdesign.ca\/product\/smt12-bodaq\/#primaryimage"},"thumbnailUrl":"https:\/\/wrapdesign.ca\/wp-content\/uploads\/2025\/07\/SMT12_NEW.jpg","datePublished":"2025-07-07T01:37:13+00:00","dateModified":"2026-02-24T01:43:17+00:00","description":"SMT12 Soft Grey : vinyle autocollant gris doux, ultra-mat et durable, pour murs, meubles et armoires. Id\u00e9al en r\u00e9novation r\u00e9sidentielle et commerciale.","breadcrumb":{"@id":"https:\/\/wrapdesign.ca\/product\/smt12-bodaq\/#breadcrumb"},"inLanguage":"fr-CA","potentialAction":[{"@type":"ReadAction","target":["https:\/\/wrapdesign.ca\/product\/smt12-bodaq\/"]}]},{"@type":"ImageObject","inLanguage":"fr-CA","@id":"https:\/\/wrapdesign.ca\/product\/smt12-bodaq\/#primaryimage","url":"https:\/\/wrapdesign.ca\/wp-content\/uploads\/2025\/07\/SMT12_NEW.jpg","contentUrl":"https:\/\/wrapdesign.ca\/wp-content\/uploads\/2025\/07\/SMT12_NEW.jpg","width":1240,"height":1754},{"@type":"BreadcrumbList","@id":"https:\/\/wrapdesign.ca\/product\/smt12-bodaq\/#breadcrumb","itemListElement":[{"@type":"ListItem","position":1,"name":"Home","item":"https:\/\/wrapdesign.ca\/"},{"@type":"ListItem","position":2,"name":"boutique","item":"https:\/\/wrapdesign.ca\/boutique\/"},{"@type":"ListItem","position":3,"name":"SMT12 &#8211; Soft Grey"}]},{"@type":"WebSite","@id":"https:\/\/wrapdesign.ca\/#website","url":"https:\/\/wrapdesign.ca\/","name":"Wrap Design","description":"","potentialAction":[{"@type":"SearchAction","target":{"@type":"EntryPoint","urlTemplate":"https:\/\/wrapdesign.ca\/?s={search_term_string}"},"query-input":"required name=search_term_string"}],"inLanguage":"fr-CA"}]}},"_links":{"self":[{"href":"https:\/\/wrapdesign.ca\/fr\/wp-json\/wp\/v2\/product\/3651","targetHints":{"allow":["GET"]}}],"collection":[{"href":"https:\/\/wrapdesign.ca\/fr\/wp-json\/wp\/v2\/product"}],"about":[{"href":"https:\/\/wrapdesign.ca\/fr\/wp-json\/wp\/v2\/types\/product"}],"wp:featuredmedia":[{"embeddable":true,"href":"https:\/\/wrapdesign.ca\/fr\/wp-json\/wp\/v2\/media\/3654"}],"wp:attachment":[{"href":"https:\/\/wrapdesign.ca\/fr\/wp-json\/wp\/v2\/media?parent=3651"}],"wp:term":[{"taxonomy":"product_cat","embeddable":true,"href":"https:\/\/wrapdesign.ca\/fr\/wp-json\/wp\/v2\/product_cat?post=3651"},{"taxonomy":"product_tag","embeddable":true,"href":"https:\/\/wrapdesign.ca\/fr\/wp-json\/wp\/v2\/product_tag?post=3651"}],"curies":[{"name":"wp","href":"https:\/\/api.w.org\/{rel}","templated":true}]}}