{"id":3738,"date":"2025-07-07T02:24:29","date_gmt":"2025-07-07T02:24:29","guid":{"rendered":"https:\/\/wrapdesign.ca\/?post_type=product&#038;p=3738"},"modified":"2025-07-16T02:32:47","modified_gmt":"2025-07-16T02:32:47","slug":"pnc49-bodaq","status":"publish","type":"product","link":"https:\/\/wrapdesign.ca\/fr\/product\/pnc49-bodaq\/","title":{"rendered":"PNC49 &#8211; Moon Stone Concrete"},"content":{"rendered":"<table>\n<tbody>\n<tr>\n<th>Longueur d&rsquo;un rouleau complet<\/th>\n<td>131 pieds<\/td>\n<\/tr>\n<tr>\n<th>Largeur<\/th>\n<td>4 pieds<\/td>\n<\/tr>\n<tr>\n<th>Poids<\/th>\n<td>~ 55 lb<\/td>\n<\/tr>\n<tr>\n<th>Type de produit<\/th>\n<td>PVC<\/td>\n<\/tr>\n<tr>\n<th>Finition surface<\/th>\n<td>B\u00e9ton<\/td>\n<\/tr>\n<tr>\n<th>\u00c9tirable<\/th>\n<td>Oui<\/td>\n<\/tr>\n<tr>\n<th>Garantie<\/th>\n<td>10 ans<\/td>\n<\/tr>\n<tr>\n<th>R\u00e9sistance aux rayures<\/th>\n<td>7000 Taber Cycles<\/td>\n<\/tr>\n<tr>\n<th>R\u00e9sistance au feu<\/th>\n<td>Classe A \u2013 Classification au feu ASTM E84<\/td>\n<\/tr>\n<\/tbody>\n<\/table>\n","protected":false},"excerpt":{"rendered":"<p>Le <strong data-start=\"189\" data-end=\"243\">film architectural Bodaq PNC49 Moon Stone Concrete<\/strong> propose un fini b\u00e9ton raffin\u00e9 au style contemporain. Ce vinyle autocollant durable et facile \u00e0 poser imite la texture du b\u00e9ton brut tout en offrant une solution pratique et esth\u00e9tique pour le resurfa\u00e7age de meubles, murs, comptoirs ou surfaces d\u00e9coratives. Parfait pour les projets r\u00e9sidentiels ou de r\u00e9novation commerciale sans d\u00e9molition, il s\u2019int\u00e8gre \u00e0 merveille aux d\u00e9cors modernes, industriels ou minimalistes.<\/p>\n","protected":false},"featured_media":3744,"template":"","meta":{"_acf_changed":false},"product_cat":[29,42],"product_tag":[],"class_list":{"0":"post-3738","1":"product","2":"type-product","3":"status-publish","4":"has-post-thumbnail","6":"product_cat-pellicules-adhesives","7":"product_cat-beton","9":"first","10":"instock","11":"taxable","12":"shipping-taxable","13":"purchasable","14":"product-type-simple"},"acf":[],"yoast_head":"<!-- This site is optimized with the Yoast SEO plugin v22.3 - https:\/\/yoast.com\/wordpress\/plugins\/seo\/ -->\n<title>PNC49 - Moon Stone Concrete - Wrap Design<\/title>\n<meta name=\"description\" content=\"Film architectural Bodaq PNC49 : b\u00e9ton gris textur\u00e9, durable, facile \u00e0 poser, id\u00e9al pour murs et meubles, en projet r\u00e9sidentiel ou r\u00e9novation commerciale.\" \/>\n<meta name=\"robots\" content=\"index, follow, max-snippet:-1, max-image-preview:large, max-video-preview:-1\" \/>\n<link rel=\"canonical\" href=\"https:\/\/wrapdesign.ca\/fr\/product\/pnc49-bodaq\" \/>\n<meta property=\"og:locale\" content=\"fr_CA\" \/>\n<meta property=\"og:type\" content=\"article\" \/>\n<meta property=\"og:title\" content=\"PNC49 - Moon Stone Concrete - Wrap Design\" \/>\n<meta property=\"og:description\" content=\"Film architectural Bodaq PNC49 : b\u00e9ton gris textur\u00e9, durable, facile \u00e0 poser, id\u00e9al pour murs et meubles, en projet r\u00e9sidentiel ou r\u00e9novation commerciale.\" \/>\n<meta property=\"og:url\" content=\"https:\/\/wrapdesign.ca\/fr\/product\/pnc49-bodaq\" \/>\n<meta property=\"og:site_name\" content=\"Wrap Design\" \/>\n<meta property=\"article:modified_time\" content=\"2025-07-16T02:32:47+00:00\" \/>\n<meta property=\"og:image\" content=\"https:\/\/wrapdesign.ca\/wp-content\/uploads\/2025\/07\/PNC49_NEW.jpg\" \/>\n\t<meta property=\"og:image:width\" content=\"1240\" \/>\n\t<meta property=\"og:image:height\" content=\"1754\" \/>\n\t<meta property=\"og:image:type\" content=\"image\/jpeg\" \/>\n<meta name=\"twitter:card\" content=\"summary_large_image\" \/>\n<meta name=\"twitter:label1\" content=\"Estimation du temps de lecture\" \/>\n\t<meta name=\"twitter:data1\" content=\"1 minute\" \/>\n<script type=\"application\/ld+json\" class=\"yoast-schema-graph\">{\"@context\":\"https:\/\/schema.org\",\"@graph\":[{\"@type\":\"WebPage\",\"@id\":\"https:\/\/wrapdesign.ca\/product\/pnc49-bodaq\/\",\"url\":\"https:\/\/wrapdesign.ca\/product\/pnc49-bodaq\/\",\"name\":\"PNC49 - Moon Stone Concrete - Wrap Design\",\"isPartOf\":{\"@id\":\"https:\/\/wrapdesign.ca\/#website\"},\"primaryImageOfPage\":{\"@id\":\"https:\/\/wrapdesign.ca\/product\/pnc49-bodaq\/#primaryimage\"},\"image\":{\"@id\":\"https:\/\/wrapdesign.ca\/product\/pnc49-bodaq\/#primaryimage\"},\"thumbnailUrl\":\"https:\/\/wrapdesign.ca\/wp-content\/uploads\/2025\/07\/PNC49_NEW.jpg\",\"datePublished\":\"2025-07-07T02:24:29+00:00\",\"dateModified\":\"2025-07-16T02:32:47+00:00\",\"description\":\"Film architectural Bodaq PNC49 : b\u00e9ton gris textur\u00e9, durable, facile \u00e0 poser, id\u00e9al pour murs et meubles, en projet r\u00e9sidentiel ou r\u00e9novation commerciale.\",\"breadcrumb\":{\"@id\":\"https:\/\/wrapdesign.ca\/product\/pnc49-bodaq\/#breadcrumb\"},\"inLanguage\":\"fr-CA\",\"potentialAction\":[{\"@type\":\"ReadAction\",\"target\":[\"https:\/\/wrapdesign.ca\/product\/pnc49-bodaq\/\"]}]},{\"@type\":\"ImageObject\",\"inLanguage\":\"fr-CA\",\"@id\":\"https:\/\/wrapdesign.ca\/product\/pnc49-bodaq\/#primaryimage\",\"url\":\"https:\/\/wrapdesign.ca\/wp-content\/uploads\/2025\/07\/PNC49_NEW.jpg\",\"contentUrl\":\"https:\/\/wrapdesign.ca\/wp-content\/uploads\/2025\/07\/PNC49_NEW.jpg\",\"width\":1240,\"height\":1754},{\"@type\":\"BreadcrumbList\",\"@id\":\"https:\/\/wrapdesign.ca\/product\/pnc49-bodaq\/#breadcrumb\",\"itemListElement\":[{\"@type\":\"ListItem\",\"position\":1,\"name\":\"Home\",\"item\":\"https:\/\/wrapdesign.ca\/\"},{\"@type\":\"ListItem\",\"position\":2,\"name\":\"boutique\",\"item\":\"https:\/\/wrapdesign.ca\/boutique\/\"},{\"@type\":\"ListItem\",\"position\":3,\"name\":\"PNC49 &#8211; Moon Stone Concrete\"}]},{\"@type\":\"WebSite\",\"@id\":\"https:\/\/wrapdesign.ca\/#website\",\"url\":\"https:\/\/wrapdesign.ca\/\",\"name\":\"Wrap Design\",\"description\":\"\",\"potentialAction\":[{\"@type\":\"SearchAction\",\"target\":{\"@type\":\"EntryPoint\",\"urlTemplate\":\"https:\/\/wrapdesign.ca\/?s={search_term_string}\"},\"query-input\":\"required name=search_term_string\"}],\"inLanguage\":\"fr-CA\"}]}<\/script>\n<!-- \/ Yoast SEO plugin. -->","yoast_head_json":{"title":"PNC49 - Moon Stone Concrete - Wrap Design","description":"Film architectural Bodaq PNC49 : b\u00e9ton gris textur\u00e9, durable, facile \u00e0 poser, id\u00e9al pour murs et meubles, en projet r\u00e9sidentiel ou r\u00e9novation commerciale.","robots":{"index":"index","follow":"follow","max-snippet":"max-snippet:-1","max-image-preview":"max-image-preview:large","max-video-preview":"max-video-preview:-1"},"canonical":"https:\/\/wrapdesign.ca\/fr\/product\/pnc49-bodaq","og_locale":"fr_CA","og_type":"article","og_title":"PNC49 - Moon Stone Concrete - Wrap Design","og_description":"Film architectural Bodaq PNC49 : b\u00e9ton gris textur\u00e9, durable, facile \u00e0 poser, id\u00e9al pour murs et meubles, en projet r\u00e9sidentiel ou r\u00e9novation commerciale.","og_url":"https:\/\/wrapdesign.ca\/fr\/product\/pnc49-bodaq","og_site_name":"Wrap Design","article_modified_time":"2025-07-16T02:32:47+00:00","og_image":[{"width":1240,"height":1754,"url":"https:\/\/wrapdesign.ca\/wp-content\/uploads\/2025\/07\/PNC49_NEW.jpg","type":"image\/jpeg"}],"twitter_card":"summary_large_image","twitter_misc":{"Estimation du temps de lecture":"1 minute"},"schema":{"@context":"https:\/\/schema.org","@graph":[{"@type":"WebPage","@id":"https:\/\/wrapdesign.ca\/product\/pnc49-bodaq\/","url":"https:\/\/wrapdesign.ca\/product\/pnc49-bodaq\/","name":"PNC49 - Moon Stone Concrete - Wrap Design","isPartOf":{"@id":"https:\/\/wrapdesign.ca\/#website"},"primaryImageOfPage":{"@id":"https:\/\/wrapdesign.ca\/product\/pnc49-bodaq\/#primaryimage"},"image":{"@id":"https:\/\/wrapdesign.ca\/product\/pnc49-bodaq\/#primaryimage"},"thumbnailUrl":"https:\/\/wrapdesign.ca\/wp-content\/uploads\/2025\/07\/PNC49_NEW.jpg","datePublished":"2025-07-07T02:24:29+00:00","dateModified":"2025-07-16T02:32:47+00:00","description":"Film architectural Bodaq PNC49 : b\u00e9ton gris textur\u00e9, durable, facile \u00e0 poser, id\u00e9al pour murs et meubles, en projet r\u00e9sidentiel ou r\u00e9novation commerciale.","breadcrumb":{"@id":"https:\/\/wrapdesign.ca\/product\/pnc49-bodaq\/#breadcrumb"},"inLanguage":"fr-CA","potentialAction":[{"@type":"ReadAction","target":["https:\/\/wrapdesign.ca\/product\/pnc49-bodaq\/"]}]},{"@type":"ImageObject","inLanguage":"fr-CA","@id":"https:\/\/wrapdesign.ca\/product\/pnc49-bodaq\/#primaryimage","url":"https:\/\/wrapdesign.ca\/wp-content\/uploads\/2025\/07\/PNC49_NEW.jpg","contentUrl":"https:\/\/wrapdesign.ca\/wp-content\/uploads\/2025\/07\/PNC49_NEW.jpg","width":1240,"height":1754},{"@type":"BreadcrumbList","@id":"https:\/\/wrapdesign.ca\/product\/pnc49-bodaq\/#breadcrumb","itemListElement":[{"@type":"ListItem","position":1,"name":"Home","item":"https:\/\/wrapdesign.ca\/"},{"@type":"ListItem","position":2,"name":"boutique","item":"https:\/\/wrapdesign.ca\/boutique\/"},{"@type":"ListItem","position":3,"name":"PNC49 &#8211; Moon Stone Concrete"}]},{"@type":"WebSite","@id":"https:\/\/wrapdesign.ca\/#website","url":"https:\/\/wrapdesign.ca\/","name":"Wrap Design","description":"","potentialAction":[{"@type":"SearchAction","target":{"@type":"EntryPoint","urlTemplate":"https:\/\/wrapdesign.ca\/?s={search_term_string}"},"query-input":"required name=search_term_string"}],"inLanguage":"fr-CA"}]}},"_links":{"self":[{"href":"https:\/\/wrapdesign.ca\/fr\/wp-json\/wp\/v2\/product\/3738","targetHints":{"allow":["GET"]}}],"collection":[{"href":"https:\/\/wrapdesign.ca\/fr\/wp-json\/wp\/v2\/product"}],"about":[{"href":"https:\/\/wrapdesign.ca\/fr\/wp-json\/wp\/v2\/types\/product"}],"wp:featuredmedia":[{"embeddable":true,"href":"https:\/\/wrapdesign.ca\/fr\/wp-json\/wp\/v2\/media\/3744"}],"wp:attachment":[{"href":"https:\/\/wrapdesign.ca\/fr\/wp-json\/wp\/v2\/media?parent=3738"}],"wp:term":[{"taxonomy":"product_cat","embeddable":true,"href":"https:\/\/wrapdesign.ca\/fr\/wp-json\/wp\/v2\/product_cat?post=3738"},{"taxonomy":"product_tag","embeddable":true,"href":"https:\/\/wrapdesign.ca\/fr\/wp-json\/wp\/v2\/product_tag?post=3738"}],"curies":[{"name":"wp","href":"https:\/\/api.w.org\/{rel}","templated":true}]}}