{"id":5615,"date":"2025-11-27T01:01:23","date_gmt":"2025-11-27T01:01:23","guid":{"rendered":"https:\/\/wrapdesign.ca\/?post_type=product&#038;p=5615"},"modified":"2025-11-27T03:29:00","modified_gmt":"2025-11-27T03:29:00","slug":"spw26-radiant-walnut-fini-noyer-riche-vinyle-architectural-haut-de-gamme","status":"publish","type":"product","link":"https:\/\/wrapdesign.ca\/fr\/product\/spw26-radiant-walnut-fini-noyer-riche-vinyle-architectural-haut-de-gamme\/","title":{"rendered":"SPW26 &#8211; Radiant Walnut"},"content":{"rendered":"<table>\n<tbody>\n<tr>\n<th>Longueur d&rsquo;un rouleau complet<\/th>\n<td>164 pieds<\/td>\n<\/tr>\n<tr>\n<th>Largeur<\/th>\n<td>4 pieds<\/td>\n<\/tr>\n<tr>\n<th>Poids<\/th>\n<td>~ 55 lb<\/td>\n<\/tr>\n<tr>\n<th>Type de produit<\/th>\n<td>PVC<\/td>\n<\/tr>\n<tr>\n<th>Finition surface<\/th>\n<td>Bois (Origine)<\/td>\n<\/tr>\n<tr>\n<th>\u00c9tirable<\/th>\n<td>Oui<\/td>\n<\/tr>\n<tr>\n<th>Garantie<\/th>\n<td>10 ans<\/td>\n<\/tr>\n<tr>\n<th>R\u00e9sistance aux rayures<\/th>\n<td>7000 Taber Cycles<\/td>\n<\/tr>\n<tr>\n<th>R\u00e9sistance au feu<\/th>\n<td>Classe A \u2013 Classification au feu ASTM E84<\/td>\n<\/tr>\n<\/tbody>\n<\/table>\n","protected":false},"excerpt":{"rendered":"<p>Le mod\u00e8le <strong data-start=\"441\" data-end=\"465\">SPW26 Radiant Walnut<\/strong> offre un fini noyer riche et chaleureux, parfaitement adapt\u00e9 aux d\u00e9cors haut de gamme recherchant profondeur et \u00e9l\u00e9gance. Sa texture r\u00e9aliste et son ton raffin\u00e9 rehaussent instantan\u00e9ment murs, armoires, portes et meubles. Con\u00e7u pour une installation sans d\u00e9molition, ce vinyle architectural assure une transformation rapide, propre et durable. Sa r\u00e9sistance \u00e9lev\u00e9e et son esth\u00e9tique intemporelle en font un choix privil\u00e9gi\u00e9 pour les projets r\u00e9sidentiels ou commerciaux. Une solution premium qui combine beaut\u00e9, performance et authenticit\u00e9.<\/p>\n","protected":false},"featured_media":5617,"template":"","meta":{"_acf_changed":false},"product_cat":[29,40],"product_tag":[],"class_list":{"0":"post-5615","1":"product","2":"type-product","3":"status-publish","4":"has-post-thumbnail","6":"product_cat-pellicules-adhesives","7":"product_cat-bois-origine","9":"first","10":"instock","11":"taxable","12":"shipping-taxable","13":"purchasable","14":"product-type-simple"},"acf":[],"yoast_head":"<!-- This site is optimized with the Yoast SEO plugin v22.3 - https:\/\/yoast.com\/wordpress\/plugins\/seo\/ -->\n<title>SPW26 - Radiant Walnut - Wrap Design<\/title>\n<meta name=\"description\" content=\"SPW26 Radiant Walnut, un fini noyer profond et \u00e9l\u00e9gant. Vinyle architectural durable et haut de gamme pour murs, armoires et mobilier.\" \/>\n<meta name=\"robots\" content=\"index, follow, max-snippet:-1, max-image-preview:large, max-video-preview:-1\" \/>\n<link rel=\"canonical\" href=\"https:\/\/wrapdesign.ca\/fr\/product\/spw26-radiant-walnut-fini-noyer-riche-vinyle-architectural-haut-de-gamme\" \/>\n<meta property=\"og:locale\" content=\"fr_CA\" \/>\n<meta property=\"og:type\" content=\"article\" \/>\n<meta property=\"og:title\" content=\"SPW26 - Radiant Walnut - Wrap Design\" \/>\n<meta property=\"og:description\" content=\"SPW26 Radiant Walnut, un fini noyer profond et \u00e9l\u00e9gant. Vinyle architectural durable et haut de gamme pour murs, armoires et mobilier.\" \/>\n<meta property=\"og:url\" content=\"https:\/\/wrapdesign.ca\/fr\/product\/spw26-radiant-walnut-fini-noyer-riche-vinyle-architectural-haut-de-gamme\" \/>\n<meta property=\"og:site_name\" content=\"Wrap Design\" \/>\n<meta property=\"article:modified_time\" content=\"2025-11-27T03:29:00+00:00\" \/>\n<meta property=\"og:image\" content=\"https:\/\/wrapdesign.ca\/wp-content\/uploads\/2025\/11\/SPW26_NEW-min.jpg\" \/>\n\t<meta property=\"og:image:width\" content=\"1240\" \/>\n\t<meta property=\"og:image:height\" content=\"1754\" \/>\n\t<meta property=\"og:image:type\" content=\"image\/jpeg\" \/>\n<meta name=\"twitter:card\" content=\"summary_large_image\" \/>\n<meta name=\"twitter:label1\" content=\"Estimation du temps de lecture\" \/>\n\t<meta name=\"twitter:data1\" content=\"1 minute\" \/>\n<script type=\"application\/ld+json\" class=\"yoast-schema-graph\">{\"@context\":\"https:\/\/schema.org\",\"@graph\":[{\"@type\":\"WebPage\",\"@id\":\"https:\/\/wrapdesign.ca\/product\/spw26-radiant-walnut-fini-noyer-riche-vinyle-architectural-haut-de-gamme\/\",\"url\":\"https:\/\/wrapdesign.ca\/product\/spw26-radiant-walnut-fini-noyer-riche-vinyle-architectural-haut-de-gamme\/\",\"name\":\"SPW26 - Radiant Walnut - Wrap Design\",\"isPartOf\":{\"@id\":\"https:\/\/wrapdesign.ca\/#website\"},\"primaryImageOfPage\":{\"@id\":\"https:\/\/wrapdesign.ca\/product\/spw26-radiant-walnut-fini-noyer-riche-vinyle-architectural-haut-de-gamme\/#primaryimage\"},\"image\":{\"@id\":\"https:\/\/wrapdesign.ca\/product\/spw26-radiant-walnut-fini-noyer-riche-vinyle-architectural-haut-de-gamme\/#primaryimage\"},\"thumbnailUrl\":\"https:\/\/wrapdesign.ca\/wp-content\/uploads\/2025\/11\/SPW26_NEW-min.jpg\",\"datePublished\":\"2025-11-27T01:01:23+00:00\",\"dateModified\":\"2025-11-27T03:29:00+00:00\",\"description\":\"SPW26 Radiant Walnut, un fini noyer profond et \u00e9l\u00e9gant. Vinyle architectural durable et haut de gamme pour murs, armoires et mobilier.\",\"breadcrumb\":{\"@id\":\"https:\/\/wrapdesign.ca\/product\/spw26-radiant-walnut-fini-noyer-riche-vinyle-architectural-haut-de-gamme\/#breadcrumb\"},\"inLanguage\":\"fr-CA\",\"potentialAction\":[{\"@type\":\"ReadAction\",\"target\":[\"https:\/\/wrapdesign.ca\/product\/spw26-radiant-walnut-fini-noyer-riche-vinyle-architectural-haut-de-gamme\/\"]}]},{\"@type\":\"ImageObject\",\"inLanguage\":\"fr-CA\",\"@id\":\"https:\/\/wrapdesign.ca\/product\/spw26-radiant-walnut-fini-noyer-riche-vinyle-architectural-haut-de-gamme\/#primaryimage\",\"url\":\"https:\/\/wrapdesign.ca\/wp-content\/uploads\/2025\/11\/SPW26_NEW-min.jpg\",\"contentUrl\":\"https:\/\/wrapdesign.ca\/wp-content\/uploads\/2025\/11\/SPW26_NEW-min.jpg\",\"width\":1240,\"height\":1754},{\"@type\":\"BreadcrumbList\",\"@id\":\"https:\/\/wrapdesign.ca\/product\/spw26-radiant-walnut-fini-noyer-riche-vinyle-architectural-haut-de-gamme\/#breadcrumb\",\"itemListElement\":[{\"@type\":\"ListItem\",\"position\":1,\"name\":\"Home\",\"item\":\"https:\/\/wrapdesign.ca\/\"},{\"@type\":\"ListItem\",\"position\":2,\"name\":\"boutique\",\"item\":\"https:\/\/wrapdesign.ca\/boutique\/\"},{\"@type\":\"ListItem\",\"position\":3,\"name\":\"SPW26 &#8211; Radiant Walnut\"}]},{\"@type\":\"WebSite\",\"@id\":\"https:\/\/wrapdesign.ca\/#website\",\"url\":\"https:\/\/wrapdesign.ca\/\",\"name\":\"Wrap Design\",\"description\":\"\",\"potentialAction\":[{\"@type\":\"SearchAction\",\"target\":{\"@type\":\"EntryPoint\",\"urlTemplate\":\"https:\/\/wrapdesign.ca\/?s={search_term_string}\"},\"query-input\":\"required name=search_term_string\"}],\"inLanguage\":\"fr-CA\"}]}<\/script>\n<!-- \/ Yoast SEO plugin. -->","yoast_head_json":{"title":"SPW26 - Radiant Walnut - Wrap Design","description":"SPW26 Radiant Walnut, un fini noyer profond et \u00e9l\u00e9gant. Vinyle architectural durable et haut de gamme pour murs, armoires et mobilier.","robots":{"index":"index","follow":"follow","max-snippet":"max-snippet:-1","max-image-preview":"max-image-preview:large","max-video-preview":"max-video-preview:-1"},"canonical":"https:\/\/wrapdesign.ca\/fr\/product\/spw26-radiant-walnut-fini-noyer-riche-vinyle-architectural-haut-de-gamme","og_locale":"fr_CA","og_type":"article","og_title":"SPW26 - Radiant Walnut - Wrap Design","og_description":"SPW26 Radiant Walnut, un fini noyer profond et \u00e9l\u00e9gant. Vinyle architectural durable et haut de gamme pour murs, armoires et mobilier.","og_url":"https:\/\/wrapdesign.ca\/fr\/product\/spw26-radiant-walnut-fini-noyer-riche-vinyle-architectural-haut-de-gamme","og_site_name":"Wrap Design","article_modified_time":"2025-11-27T03:29:00+00:00","og_image":[{"width":1240,"height":1754,"url":"https:\/\/wrapdesign.ca\/wp-content\/uploads\/2025\/11\/SPW26_NEW-min.jpg","type":"image\/jpeg"}],"twitter_card":"summary_large_image","twitter_misc":{"Estimation du temps de lecture":"1 minute"},"schema":{"@context":"https:\/\/schema.org","@graph":[{"@type":"WebPage","@id":"https:\/\/wrapdesign.ca\/product\/spw26-radiant-walnut-fini-noyer-riche-vinyle-architectural-haut-de-gamme\/","url":"https:\/\/wrapdesign.ca\/product\/spw26-radiant-walnut-fini-noyer-riche-vinyle-architectural-haut-de-gamme\/","name":"SPW26 - Radiant Walnut - Wrap Design","isPartOf":{"@id":"https:\/\/wrapdesign.ca\/#website"},"primaryImageOfPage":{"@id":"https:\/\/wrapdesign.ca\/product\/spw26-radiant-walnut-fini-noyer-riche-vinyle-architectural-haut-de-gamme\/#primaryimage"},"image":{"@id":"https:\/\/wrapdesign.ca\/product\/spw26-radiant-walnut-fini-noyer-riche-vinyle-architectural-haut-de-gamme\/#primaryimage"},"thumbnailUrl":"https:\/\/wrapdesign.ca\/wp-content\/uploads\/2025\/11\/SPW26_NEW-min.jpg","datePublished":"2025-11-27T01:01:23+00:00","dateModified":"2025-11-27T03:29:00+00:00","description":"SPW26 Radiant Walnut, un fini noyer profond et \u00e9l\u00e9gant. Vinyle architectural durable et haut de gamme pour murs, armoires et mobilier.","breadcrumb":{"@id":"https:\/\/wrapdesign.ca\/product\/spw26-radiant-walnut-fini-noyer-riche-vinyle-architectural-haut-de-gamme\/#breadcrumb"},"inLanguage":"fr-CA","potentialAction":[{"@type":"ReadAction","target":["https:\/\/wrapdesign.ca\/product\/spw26-radiant-walnut-fini-noyer-riche-vinyle-architectural-haut-de-gamme\/"]}]},{"@type":"ImageObject","inLanguage":"fr-CA","@id":"https:\/\/wrapdesign.ca\/product\/spw26-radiant-walnut-fini-noyer-riche-vinyle-architectural-haut-de-gamme\/#primaryimage","url":"https:\/\/wrapdesign.ca\/wp-content\/uploads\/2025\/11\/SPW26_NEW-min.jpg","contentUrl":"https:\/\/wrapdesign.ca\/wp-content\/uploads\/2025\/11\/SPW26_NEW-min.jpg","width":1240,"height":1754},{"@type":"BreadcrumbList","@id":"https:\/\/wrapdesign.ca\/product\/spw26-radiant-walnut-fini-noyer-riche-vinyle-architectural-haut-de-gamme\/#breadcrumb","itemListElement":[{"@type":"ListItem","position":1,"name":"Home","item":"https:\/\/wrapdesign.ca\/"},{"@type":"ListItem","position":2,"name":"boutique","item":"https:\/\/wrapdesign.ca\/boutique\/"},{"@type":"ListItem","position":3,"name":"SPW26 &#8211; Radiant Walnut"}]},{"@type":"WebSite","@id":"https:\/\/wrapdesign.ca\/#website","url":"https:\/\/wrapdesign.ca\/","name":"Wrap Design","description":"","potentialAction":[{"@type":"SearchAction","target":{"@type":"EntryPoint","urlTemplate":"https:\/\/wrapdesign.ca\/?s={search_term_string}"},"query-input":"required name=search_term_string"}],"inLanguage":"fr-CA"}]}},"_links":{"self":[{"href":"https:\/\/wrapdesign.ca\/fr\/wp-json\/wp\/v2\/product\/5615","targetHints":{"allow":["GET"]}}],"collection":[{"href":"https:\/\/wrapdesign.ca\/fr\/wp-json\/wp\/v2\/product"}],"about":[{"href":"https:\/\/wrapdesign.ca\/fr\/wp-json\/wp\/v2\/types\/product"}],"wp:featuredmedia":[{"embeddable":true,"href":"https:\/\/wrapdesign.ca\/fr\/wp-json\/wp\/v2\/media\/5617"}],"wp:attachment":[{"href":"https:\/\/wrapdesign.ca\/fr\/wp-json\/wp\/v2\/media?parent=5615"}],"wp:term":[{"taxonomy":"product_cat","embeddable":true,"href":"https:\/\/wrapdesign.ca\/fr\/wp-json\/wp\/v2\/product_cat?post=5615"},{"taxonomy":"product_tag","embeddable":true,"href":"https:\/\/wrapdesign.ca\/fr\/wp-json\/wp\/v2\/product_tag?post=5615"}],"curies":[{"name":"wp","href":"https:\/\/api.w.org\/{rel}","templated":true}]}}