{"id":5631,"date":"2025-11-27T01:27:24","date_gmt":"2025-11-27T01:27:24","guid":{"rendered":"https:\/\/wrapdesign.ca\/?post_type=product&#038;p=5631"},"modified":"2025-11-27T03:28:39","modified_gmt":"2025-11-27T03:28:39","slug":"spw51-walnut-fini-noyer-naturel-vinyle-architectural-haut-de-gamme","status":"publish","type":"product","link":"https:\/\/wrapdesign.ca\/fr\/product\/spw51-walnut-fini-noyer-naturel-vinyle-architectural-haut-de-gamme\/","title":{"rendered":"SPW51 &#8211; Walnut Interior"},"content":{"rendered":"<table>\n<tbody>\n<tr>\n<th>Longueur d&rsquo;un rouleau complet<\/th>\n<td>164 pieds<\/td>\n<\/tr>\n<tr>\n<th>Largeur<\/th>\n<td>4 pieds<\/td>\n<\/tr>\n<tr>\n<th>Poids<\/th>\n<td>~ 55 lb<\/td>\n<\/tr>\n<tr>\n<th>Type de produit<\/th>\n<td>PVC<\/td>\n<\/tr>\n<tr>\n<th>Finition surface<\/th>\n<td>Bois (Origine)<\/td>\n<\/tr>\n<tr>\n<th>\u00c9tirable<\/th>\n<td>Oui<\/td>\n<\/tr>\n<tr>\n<th>Garantie<\/th>\n<td>10 ans<\/td>\n<\/tr>\n<tr>\n<th>R\u00e9sistance aux rayures<\/th>\n<td>7000 Taber Cycles<\/td>\n<\/tr>\n<tr>\n<th>R\u00e9sistance au feu<\/th>\n<td>Classe A \u2013 Classification au feu ASTM E84<\/td>\n<\/tr>\n<\/tbody>\n<\/table>\n","protected":false},"excerpt":{"rendered":"<p>Le mod\u00e8le <strong data-start=\"434\" data-end=\"450\">SPW51 Walnut<\/strong> pr\u00e9sente un fini noyer chaud et authentique, caract\u00e9ris\u00e9 par des veines naturelles et une texture bois r\u00e9aliste. Parfait pour moderniser armoires, meubles, portes et murs, il apporte une ambiance \u00e9l\u00e9gante et intemporelle aux espaces r\u00e9sidentiels et commerciaux. Issu de la <strong data-start=\"724\" data-end=\"750\">Origin Wood Collection<\/strong>, ce vinyle architectural offre une profondeur visuelle exceptionnelle et une durabilit\u00e9 sup\u00e9rieure. Facile \u00e0 installer sans d\u00e9molition, il combine raffinement, performance et esth\u00e9tisme. Une solution premium pour transformer un d\u00e9cor avec richesse et naturel.<\/p>\n","protected":false},"featured_media":5632,"template":"","meta":{"_acf_changed":false},"product_cat":[29,40],"product_tag":[],"class_list":{"0":"post-5631","1":"product","2":"type-product","3":"status-publish","4":"has-post-thumbnail","6":"product_cat-pellicules-adhesives","7":"product_cat-bois-origine","9":"first","10":"instock","11":"taxable","12":"shipping-taxable","13":"purchasable","14":"product-type-simple"},"acf":[],"yoast_head":"<!-- This site is optimized with the Yoast SEO plugin v22.3 - https:\/\/yoast.com\/wordpress\/plugins\/seo\/ -->\n<title>SPW51 - Walnut Interior - Wrap Design<\/title>\n<meta name=\"description\" content=\"SPW51 Walnut offre un fini noyer naturel riche et r\u00e9aliste. Vinyle architectural haut de gamme id\u00e9al pour murs, armoires, mobilier et projets design.\" \/>\n<meta name=\"robots\" content=\"index, follow, max-snippet:-1, max-image-preview:large, max-video-preview:-1\" \/>\n<link rel=\"canonical\" href=\"https:\/\/wrapdesign.ca\/fr\/product\/spw51-walnut-fini-noyer-naturel-vinyle-architectural-haut-de-gamme\" \/>\n<meta property=\"og:locale\" content=\"fr_CA\" \/>\n<meta property=\"og:type\" content=\"article\" \/>\n<meta property=\"og:title\" content=\"SPW51 - Walnut Interior - Wrap Design\" \/>\n<meta property=\"og:description\" content=\"SPW51 Walnut offre un fini noyer naturel riche et r\u00e9aliste. Vinyle architectural haut de gamme id\u00e9al pour murs, armoires, mobilier et projets design.\" \/>\n<meta property=\"og:url\" content=\"https:\/\/wrapdesign.ca\/fr\/product\/spw51-walnut-fini-noyer-naturel-vinyle-architectural-haut-de-gamme\" \/>\n<meta property=\"og:site_name\" content=\"Wrap Design\" \/>\n<meta property=\"article:modified_time\" content=\"2025-11-27T03:28:39+00:00\" \/>\n<meta property=\"og:image\" content=\"https:\/\/wrapdesign.ca\/wp-content\/uploads\/2025\/11\/SPW51_NEW.jpg\" \/>\n\t<meta property=\"og:image:width\" content=\"1240\" \/>\n\t<meta property=\"og:image:height\" content=\"1754\" \/>\n\t<meta property=\"og:image:type\" content=\"image\/jpeg\" \/>\n<meta name=\"twitter:card\" content=\"summary_large_image\" \/>\n<meta name=\"twitter:label1\" content=\"Estimation du temps de lecture\" \/>\n\t<meta name=\"twitter:data1\" content=\"1 minute\" \/>\n<script type=\"application\/ld+json\" class=\"yoast-schema-graph\">{\"@context\":\"https:\/\/schema.org\",\"@graph\":[{\"@type\":\"WebPage\",\"@id\":\"https:\/\/wrapdesign.ca\/product\/spw51-walnut-fini-noyer-naturel-vinyle-architectural-haut-de-gamme\/\",\"url\":\"https:\/\/wrapdesign.ca\/product\/spw51-walnut-fini-noyer-naturel-vinyle-architectural-haut-de-gamme\/\",\"name\":\"SPW51 - Walnut Interior - Wrap Design\",\"isPartOf\":{\"@id\":\"https:\/\/wrapdesign.ca\/#website\"},\"primaryImageOfPage\":{\"@id\":\"https:\/\/wrapdesign.ca\/product\/spw51-walnut-fini-noyer-naturel-vinyle-architectural-haut-de-gamme\/#primaryimage\"},\"image\":{\"@id\":\"https:\/\/wrapdesign.ca\/product\/spw51-walnut-fini-noyer-naturel-vinyle-architectural-haut-de-gamme\/#primaryimage\"},\"thumbnailUrl\":\"https:\/\/wrapdesign.ca\/wp-content\/uploads\/2025\/11\/SPW51_NEW.jpg\",\"datePublished\":\"2025-11-27T01:27:24+00:00\",\"dateModified\":\"2025-11-27T03:28:39+00:00\",\"description\":\"SPW51 Walnut offre un fini noyer naturel riche et r\u00e9aliste. Vinyle architectural haut de gamme id\u00e9al pour murs, armoires, mobilier et projets design.\",\"breadcrumb\":{\"@id\":\"https:\/\/wrapdesign.ca\/product\/spw51-walnut-fini-noyer-naturel-vinyle-architectural-haut-de-gamme\/#breadcrumb\"},\"inLanguage\":\"fr-CA\",\"potentialAction\":[{\"@type\":\"ReadAction\",\"target\":[\"https:\/\/wrapdesign.ca\/product\/spw51-walnut-fini-noyer-naturel-vinyle-architectural-haut-de-gamme\/\"]}]},{\"@type\":\"ImageObject\",\"inLanguage\":\"fr-CA\",\"@id\":\"https:\/\/wrapdesign.ca\/product\/spw51-walnut-fini-noyer-naturel-vinyle-architectural-haut-de-gamme\/#primaryimage\",\"url\":\"https:\/\/wrapdesign.ca\/wp-content\/uploads\/2025\/11\/SPW51_NEW.jpg\",\"contentUrl\":\"https:\/\/wrapdesign.ca\/wp-content\/uploads\/2025\/11\/SPW51_NEW.jpg\",\"width\":1240,\"height\":1754},{\"@type\":\"BreadcrumbList\",\"@id\":\"https:\/\/wrapdesign.ca\/product\/spw51-walnut-fini-noyer-naturel-vinyle-architectural-haut-de-gamme\/#breadcrumb\",\"itemListElement\":[{\"@type\":\"ListItem\",\"position\":1,\"name\":\"Home\",\"item\":\"https:\/\/wrapdesign.ca\/\"},{\"@type\":\"ListItem\",\"position\":2,\"name\":\"boutique\",\"item\":\"https:\/\/wrapdesign.ca\/boutique\/\"},{\"@type\":\"ListItem\",\"position\":3,\"name\":\"SPW51 &#8211; Walnut Interior\"}]},{\"@type\":\"WebSite\",\"@id\":\"https:\/\/wrapdesign.ca\/#website\",\"url\":\"https:\/\/wrapdesign.ca\/\",\"name\":\"Wrap Design\",\"description\":\"\",\"potentialAction\":[{\"@type\":\"SearchAction\",\"target\":{\"@type\":\"EntryPoint\",\"urlTemplate\":\"https:\/\/wrapdesign.ca\/?s={search_term_string}\"},\"query-input\":\"required name=search_term_string\"}],\"inLanguage\":\"fr-CA\"}]}<\/script>\n<!-- \/ Yoast SEO plugin. -->","yoast_head_json":{"title":"SPW51 - Walnut Interior - Wrap Design","description":"SPW51 Walnut offre un fini noyer naturel riche et r\u00e9aliste. Vinyle architectural haut de gamme id\u00e9al pour murs, armoires, mobilier et projets design.","robots":{"index":"index","follow":"follow","max-snippet":"max-snippet:-1","max-image-preview":"max-image-preview:large","max-video-preview":"max-video-preview:-1"},"canonical":"https:\/\/wrapdesign.ca\/fr\/product\/spw51-walnut-fini-noyer-naturel-vinyle-architectural-haut-de-gamme","og_locale":"fr_CA","og_type":"article","og_title":"SPW51 - Walnut Interior - Wrap Design","og_description":"SPW51 Walnut offre un fini noyer naturel riche et r\u00e9aliste. Vinyle architectural haut de gamme id\u00e9al pour murs, armoires, mobilier et projets design.","og_url":"https:\/\/wrapdesign.ca\/fr\/product\/spw51-walnut-fini-noyer-naturel-vinyle-architectural-haut-de-gamme","og_site_name":"Wrap Design","article_modified_time":"2025-11-27T03:28:39+00:00","og_image":[{"width":1240,"height":1754,"url":"https:\/\/wrapdesign.ca\/wp-content\/uploads\/2025\/11\/SPW51_NEW.jpg","type":"image\/jpeg"}],"twitter_card":"summary_large_image","twitter_misc":{"Estimation du temps de lecture":"1 minute"},"schema":{"@context":"https:\/\/schema.org","@graph":[{"@type":"WebPage","@id":"https:\/\/wrapdesign.ca\/product\/spw51-walnut-fini-noyer-naturel-vinyle-architectural-haut-de-gamme\/","url":"https:\/\/wrapdesign.ca\/product\/spw51-walnut-fini-noyer-naturel-vinyle-architectural-haut-de-gamme\/","name":"SPW51 - Walnut Interior - Wrap Design","isPartOf":{"@id":"https:\/\/wrapdesign.ca\/#website"},"primaryImageOfPage":{"@id":"https:\/\/wrapdesign.ca\/product\/spw51-walnut-fini-noyer-naturel-vinyle-architectural-haut-de-gamme\/#primaryimage"},"image":{"@id":"https:\/\/wrapdesign.ca\/product\/spw51-walnut-fini-noyer-naturel-vinyle-architectural-haut-de-gamme\/#primaryimage"},"thumbnailUrl":"https:\/\/wrapdesign.ca\/wp-content\/uploads\/2025\/11\/SPW51_NEW.jpg","datePublished":"2025-11-27T01:27:24+00:00","dateModified":"2025-11-27T03:28:39+00:00","description":"SPW51 Walnut offre un fini noyer naturel riche et r\u00e9aliste. Vinyle architectural haut de gamme id\u00e9al pour murs, armoires, mobilier et projets design.","breadcrumb":{"@id":"https:\/\/wrapdesign.ca\/product\/spw51-walnut-fini-noyer-naturel-vinyle-architectural-haut-de-gamme\/#breadcrumb"},"inLanguage":"fr-CA","potentialAction":[{"@type":"ReadAction","target":["https:\/\/wrapdesign.ca\/product\/spw51-walnut-fini-noyer-naturel-vinyle-architectural-haut-de-gamme\/"]}]},{"@type":"ImageObject","inLanguage":"fr-CA","@id":"https:\/\/wrapdesign.ca\/product\/spw51-walnut-fini-noyer-naturel-vinyle-architectural-haut-de-gamme\/#primaryimage","url":"https:\/\/wrapdesign.ca\/wp-content\/uploads\/2025\/11\/SPW51_NEW.jpg","contentUrl":"https:\/\/wrapdesign.ca\/wp-content\/uploads\/2025\/11\/SPW51_NEW.jpg","width":1240,"height":1754},{"@type":"BreadcrumbList","@id":"https:\/\/wrapdesign.ca\/product\/spw51-walnut-fini-noyer-naturel-vinyle-architectural-haut-de-gamme\/#breadcrumb","itemListElement":[{"@type":"ListItem","position":1,"name":"Home","item":"https:\/\/wrapdesign.ca\/"},{"@type":"ListItem","position":2,"name":"boutique","item":"https:\/\/wrapdesign.ca\/boutique\/"},{"@type":"ListItem","position":3,"name":"SPW51 &#8211; Walnut Interior"}]},{"@type":"WebSite","@id":"https:\/\/wrapdesign.ca\/#website","url":"https:\/\/wrapdesign.ca\/","name":"Wrap Design","description":"","potentialAction":[{"@type":"SearchAction","target":{"@type":"EntryPoint","urlTemplate":"https:\/\/wrapdesign.ca\/?s={search_term_string}"},"query-input":"required name=search_term_string"}],"inLanguage":"fr-CA"}]}},"_links":{"self":[{"href":"https:\/\/wrapdesign.ca\/fr\/wp-json\/wp\/v2\/product\/5631","targetHints":{"allow":["GET"]}}],"collection":[{"href":"https:\/\/wrapdesign.ca\/fr\/wp-json\/wp\/v2\/product"}],"about":[{"href":"https:\/\/wrapdesign.ca\/fr\/wp-json\/wp\/v2\/types\/product"}],"wp:featuredmedia":[{"embeddable":true,"href":"https:\/\/wrapdesign.ca\/fr\/wp-json\/wp\/v2\/media\/5632"}],"wp:attachment":[{"href":"https:\/\/wrapdesign.ca\/fr\/wp-json\/wp\/v2\/media?parent=5631"}],"wp:term":[{"taxonomy":"product_cat","embeddable":true,"href":"https:\/\/wrapdesign.ca\/fr\/wp-json\/wp\/v2\/product_cat?post=5631"},{"taxonomy":"product_tag","embeddable":true,"href":"https:\/\/wrapdesign.ca\/fr\/wp-json\/wp\/v2\/product_tag?post=5631"}],"curies":[{"name":"wp","href":"https:\/\/api.w.org\/{rel}","templated":true}]}}