{"id":5639,"date":"2025-11-27T01:37:39","date_gmt":"2025-11-27T01:37:39","guid":{"rendered":"https:\/\/wrapdesign.ca\/?post_type=product&#038;p=5639"},"modified":"2025-11-27T03:28:23","modified_gmt":"2025-11-27T03:28:23","slug":"w198-oak-fini-chene-naturel-vinyle-architectural-haut-de-gamme","status":"publish","type":"product","link":"https:\/\/wrapdesign.ca\/fr\/product\/w198-oak-fini-chene-naturel-vinyle-architectural-haut-de-gamme\/","title":{"rendered":"W198 &#8211; Oak"},"content":{"rendered":"<table>\n<tbody>\n<tr>\n<th>Longueur d&rsquo;un rouleau complet<\/th>\n<td>164 pieds<\/td>\n<\/tr>\n<tr>\n<th>Largeur<\/th>\n<td>4 pieds<\/td>\n<\/tr>\n<tr>\n<th>Poids<\/th>\n<td>~ 55 lb<\/td>\n<\/tr>\n<tr>\n<th>Type de produit<\/th>\n<td>PVC<\/td>\n<\/tr>\n<tr>\n<th>Finition surface<\/th>\n<td>Bois (Standard)<\/td>\n<\/tr>\n<tr>\n<th>\u00c9tirable<\/th>\n<td>Oui<\/td>\n<\/tr>\n<tr>\n<th>Garantie<\/th>\n<td>10 ans<\/td>\n<\/tr>\n<tr>\n<th>R\u00e9sistance aux rayures<\/th>\n<td>7000 Taber Cycles<\/td>\n<\/tr>\n<tr>\n<th>R\u00e9sistance au feu<\/th>\n<td>Classe A \u2013 Classification au feu ASTM E84<\/td>\n<\/tr>\n<\/tbody>\n<\/table>\n","protected":false},"excerpt":{"rendered":"<article class=\"text-token-text-primary w-full focus:outline-none [--shadow-height:45px] has-data-writing-block:pointer-events-none has-data-writing-block:-mt-(--shadow-height) has-data-writing-block:pt-(--shadow-height) [&amp;:has([data-writing-block])&gt;*]:pointer-events-auto scroll-mt-[calc(var(--header-height)+min(200px,max(70px,20svh)))]\" dir=\"auto\" style=\"font-style: normal; font-variant-caps: normal; font-weight: 400; letter-spacing: normal; orphans: auto; text-align: start; text-indent: 0px; text-transform: none; white-space: normal; widows: auto; word-spacing: 0px; -webkit-text-stroke-width: 0px; text-decoration: none; caret-color: #000000; color: #000000;\" tabindex=\"-1\" data-turn-id=\"request-6923c2f7-2d14-8326-aab6-36fc46339369-17\" data-testid=\"conversation-turn-26\" data-scroll-anchor=\"true\" data-turn=\"assistant\">\n<div class=\"text-base my-auto mx-auto pb-10 [--thread-content-margin:--spacing(4)] thread-sm:[--thread-content-margin:--spacing(6)] thread-lg:[--thread-content-margin:--spacing(16)] px-(--thread-content-margin)\">\n<div class=\"[--thread-content-max-width:40rem] thread-lg:[--thread-content-max-width:48rem] mx-auto max-w-(--thread-content-max-width) flex-1 group\/turn-messages focus-visible:outline-hidden relative flex w-full min-w-0 flex-col agent-turn\" tabindex=\"-1\">\n<div class=\"flex max-w-full flex-col grow\">\n<div class=\"min-h-8 text-message relative flex w-full flex-col items-end gap-2 text-start break-words whitespace-normal [.text-message+&amp;]:mt-1\" dir=\"auto\" data-message-author-role=\"assistant\" data-message-id=\"efb9aa61-3016-4111-b06d-d7e8eb2ba9b5\" data-message-model-slug=\"gpt-5-1\">\n<div class=\"flex w-full flex-col gap-1 empty:hidden first:pt-[1px]\">\n<div class=\"markdown prose dark:prose-invert w-full break-words dark markdown-new-styling\">\n<p data-start=\"447\" data-end=\"1038\" data-is-last-node=\"\" data-is-only-node=\"\">Le mod\u00e8le <strong data-start=\"457\" data-end=\"469\">W198 Oak<\/strong> propose un fini ch\u00eane naturel classique, aux tons chaleureux et aux grains subtils qui apportent une sensation de confort et d\u2019authenticit\u00e9. Id\u00e9al pour moderniser armoires, murs, portes ou mobilier, il s\u2019int\u00e8gre harmonieusement \u00e0 tous les styles d\u2019int\u00e9rieur. Issu de la <strong data-start=\"740\" data-end=\"768\">Standard Wood Collection<\/strong>, ce vinyle architectural combine r\u00e9alisme, durabilit\u00e9 et facilit\u00e9 d\u2019installation. Con\u00e7u pour un resurfa\u00e7age sans d\u00e9molition, il offre une solution esth\u00e9tique, \u00e9conomique et performante. Une option fiable et \u00e9l\u00e9gante pour transformer un d\u00e9cor avec simplicit\u00e9 et naturel.<\/p>\n<\/div>\n<\/div>\n<\/div>\n<\/div>\n<\/div>\n<\/div>\n<\/article>\n","protected":false},"featured_media":5640,"template":"","meta":{"_acf_changed":false},"product_cat":[29,37],"product_tag":[],"class_list":{"0":"post-5639","1":"product","2":"type-product","3":"status-publish","4":"has-post-thumbnail","6":"product_cat-pellicules-adhesives","7":"product_cat-bois-standard","9":"first","10":"instock","11":"taxable","12":"shipping-taxable","13":"purchasable","14":"product-type-simple"},"acf":[],"yoast_head":"<!-- This site is optimized with the Yoast SEO plugin v22.3 - https:\/\/yoast.com\/wordpress\/plugins\/seo\/ -->\n<title>W198 - Oak - Wrap Design<\/title>\n<meta name=\"description\" content=\"W198 Oak offre un fini ch\u00eane naturel chaleureux et polyvalent. Vinyle architectural durable et haut de gamme pour murs, armoires, mobilier et projets r\u00e9sidentiels ou commerciaux\" \/>\n<meta name=\"robots\" content=\"index, follow, max-snippet:-1, max-image-preview:large, max-video-preview:-1\" \/>\n<link rel=\"canonical\" href=\"https:\/\/wrapdesign.ca\/fr\/product\/w198-oak-fini-chene-naturel-vinyle-architectural-haut-de-gamme\" \/>\n<meta property=\"og:locale\" content=\"fr_CA\" \/>\n<meta property=\"og:type\" content=\"article\" \/>\n<meta property=\"og:title\" content=\"W198 - Oak - Wrap Design\" \/>\n<meta property=\"og:description\" content=\"W198 Oak offre un fini ch\u00eane naturel chaleureux et polyvalent. Vinyle architectural durable et haut de gamme pour murs, armoires, mobilier et projets r\u00e9sidentiels ou commerciaux\" \/>\n<meta property=\"og:url\" content=\"https:\/\/wrapdesign.ca\/fr\/product\/w198-oak-fini-chene-naturel-vinyle-architectural-haut-de-gamme\" \/>\n<meta property=\"og:site_name\" content=\"Wrap Design\" \/>\n<meta property=\"article:modified_time\" content=\"2025-11-27T03:28:23+00:00\" \/>\n<meta property=\"og:image\" content=\"https:\/\/wrapdesign.ca\/wp-content\/uploads\/2025\/11\/W198-2023.jpg\" \/>\n\t<meta property=\"og:image:width\" content=\"1240\" \/>\n\t<meta property=\"og:image:height\" content=\"1753\" \/>\n\t<meta property=\"og:image:type\" content=\"image\/jpeg\" \/>\n<meta name=\"twitter:card\" content=\"summary_large_image\" \/>\n<meta name=\"twitter:label1\" content=\"Estimation du temps de lecture\" \/>\n\t<meta name=\"twitter:data1\" content=\"1 minute\" \/>\n<script type=\"application\/ld+json\" class=\"yoast-schema-graph\">{\"@context\":\"https:\/\/schema.org\",\"@graph\":[{\"@type\":\"WebPage\",\"@id\":\"https:\/\/wrapdesign.ca\/product\/w198-oak-fini-chene-naturel-vinyle-architectural-haut-de-gamme\/\",\"url\":\"https:\/\/wrapdesign.ca\/product\/w198-oak-fini-chene-naturel-vinyle-architectural-haut-de-gamme\/\",\"name\":\"W198 - Oak - Wrap Design\",\"isPartOf\":{\"@id\":\"https:\/\/wrapdesign.ca\/#website\"},\"primaryImageOfPage\":{\"@id\":\"https:\/\/wrapdesign.ca\/product\/w198-oak-fini-chene-naturel-vinyle-architectural-haut-de-gamme\/#primaryimage\"},\"image\":{\"@id\":\"https:\/\/wrapdesign.ca\/product\/w198-oak-fini-chene-naturel-vinyle-architectural-haut-de-gamme\/#primaryimage\"},\"thumbnailUrl\":\"https:\/\/wrapdesign.ca\/wp-content\/uploads\/2025\/11\/W198-2023.jpg\",\"datePublished\":\"2025-11-27T01:37:39+00:00\",\"dateModified\":\"2025-11-27T03:28:23+00:00\",\"description\":\"W198 Oak offre un fini ch\u00eane naturel chaleureux et polyvalent. Vinyle architectural durable et haut de gamme pour murs, armoires, mobilier et projets r\u00e9sidentiels ou commerciaux\",\"breadcrumb\":{\"@id\":\"https:\/\/wrapdesign.ca\/product\/w198-oak-fini-chene-naturel-vinyle-architectural-haut-de-gamme\/#breadcrumb\"},\"inLanguage\":\"fr-CA\",\"potentialAction\":[{\"@type\":\"ReadAction\",\"target\":[\"https:\/\/wrapdesign.ca\/product\/w198-oak-fini-chene-naturel-vinyle-architectural-haut-de-gamme\/\"]}]},{\"@type\":\"ImageObject\",\"inLanguage\":\"fr-CA\",\"@id\":\"https:\/\/wrapdesign.ca\/product\/w198-oak-fini-chene-naturel-vinyle-architectural-haut-de-gamme\/#primaryimage\",\"url\":\"https:\/\/wrapdesign.ca\/wp-content\/uploads\/2025\/11\/W198-2023.jpg\",\"contentUrl\":\"https:\/\/wrapdesign.ca\/wp-content\/uploads\/2025\/11\/W198-2023.jpg\",\"width\":1240,\"height\":1753},{\"@type\":\"BreadcrumbList\",\"@id\":\"https:\/\/wrapdesign.ca\/product\/w198-oak-fini-chene-naturel-vinyle-architectural-haut-de-gamme\/#breadcrumb\",\"itemListElement\":[{\"@type\":\"ListItem\",\"position\":1,\"name\":\"Home\",\"item\":\"https:\/\/wrapdesign.ca\/\"},{\"@type\":\"ListItem\",\"position\":2,\"name\":\"boutique\",\"item\":\"https:\/\/wrapdesign.ca\/boutique\/\"},{\"@type\":\"ListItem\",\"position\":3,\"name\":\"W198 &#8211; Oak\"}]},{\"@type\":\"WebSite\",\"@id\":\"https:\/\/wrapdesign.ca\/#website\",\"url\":\"https:\/\/wrapdesign.ca\/\",\"name\":\"Wrap Design\",\"description\":\"\",\"potentialAction\":[{\"@type\":\"SearchAction\",\"target\":{\"@type\":\"EntryPoint\",\"urlTemplate\":\"https:\/\/wrapdesign.ca\/?s={search_term_string}\"},\"query-input\":\"required name=search_term_string\"}],\"inLanguage\":\"fr-CA\"}]}<\/script>\n<!-- \/ Yoast SEO plugin. -->","yoast_head_json":{"title":"W198 - Oak - Wrap Design","description":"W198 Oak offre un fini ch\u00eane naturel chaleureux et polyvalent. Vinyle architectural durable et haut de gamme pour murs, armoires, mobilier et projets r\u00e9sidentiels ou commerciaux","robots":{"index":"index","follow":"follow","max-snippet":"max-snippet:-1","max-image-preview":"max-image-preview:large","max-video-preview":"max-video-preview:-1"},"canonical":"https:\/\/wrapdesign.ca\/fr\/product\/w198-oak-fini-chene-naturel-vinyle-architectural-haut-de-gamme","og_locale":"fr_CA","og_type":"article","og_title":"W198 - Oak - Wrap Design","og_description":"W198 Oak offre un fini ch\u00eane naturel chaleureux et polyvalent. Vinyle architectural durable et haut de gamme pour murs, armoires, mobilier et projets r\u00e9sidentiels ou commerciaux","og_url":"https:\/\/wrapdesign.ca\/fr\/product\/w198-oak-fini-chene-naturel-vinyle-architectural-haut-de-gamme","og_site_name":"Wrap Design","article_modified_time":"2025-11-27T03:28:23+00:00","og_image":[{"width":1240,"height":1753,"url":"https:\/\/wrapdesign.ca\/wp-content\/uploads\/2025\/11\/W198-2023.jpg","type":"image\/jpeg"}],"twitter_card":"summary_large_image","twitter_misc":{"Estimation du temps de lecture":"1 minute"},"schema":{"@context":"https:\/\/schema.org","@graph":[{"@type":"WebPage","@id":"https:\/\/wrapdesign.ca\/product\/w198-oak-fini-chene-naturel-vinyle-architectural-haut-de-gamme\/","url":"https:\/\/wrapdesign.ca\/product\/w198-oak-fini-chene-naturel-vinyle-architectural-haut-de-gamme\/","name":"W198 - Oak - Wrap Design","isPartOf":{"@id":"https:\/\/wrapdesign.ca\/#website"},"primaryImageOfPage":{"@id":"https:\/\/wrapdesign.ca\/product\/w198-oak-fini-chene-naturel-vinyle-architectural-haut-de-gamme\/#primaryimage"},"image":{"@id":"https:\/\/wrapdesign.ca\/product\/w198-oak-fini-chene-naturel-vinyle-architectural-haut-de-gamme\/#primaryimage"},"thumbnailUrl":"https:\/\/wrapdesign.ca\/wp-content\/uploads\/2025\/11\/W198-2023.jpg","datePublished":"2025-11-27T01:37:39+00:00","dateModified":"2025-11-27T03:28:23+00:00","description":"W198 Oak offre un fini ch\u00eane naturel chaleureux et polyvalent. Vinyle architectural durable et haut de gamme pour murs, armoires, mobilier et projets r\u00e9sidentiels ou commerciaux","breadcrumb":{"@id":"https:\/\/wrapdesign.ca\/product\/w198-oak-fini-chene-naturel-vinyle-architectural-haut-de-gamme\/#breadcrumb"},"inLanguage":"fr-CA","potentialAction":[{"@type":"ReadAction","target":["https:\/\/wrapdesign.ca\/product\/w198-oak-fini-chene-naturel-vinyle-architectural-haut-de-gamme\/"]}]},{"@type":"ImageObject","inLanguage":"fr-CA","@id":"https:\/\/wrapdesign.ca\/product\/w198-oak-fini-chene-naturel-vinyle-architectural-haut-de-gamme\/#primaryimage","url":"https:\/\/wrapdesign.ca\/wp-content\/uploads\/2025\/11\/W198-2023.jpg","contentUrl":"https:\/\/wrapdesign.ca\/wp-content\/uploads\/2025\/11\/W198-2023.jpg","width":1240,"height":1753},{"@type":"BreadcrumbList","@id":"https:\/\/wrapdesign.ca\/product\/w198-oak-fini-chene-naturel-vinyle-architectural-haut-de-gamme\/#breadcrumb","itemListElement":[{"@type":"ListItem","position":1,"name":"Home","item":"https:\/\/wrapdesign.ca\/"},{"@type":"ListItem","position":2,"name":"boutique","item":"https:\/\/wrapdesign.ca\/boutique\/"},{"@type":"ListItem","position":3,"name":"W198 &#8211; Oak"}]},{"@type":"WebSite","@id":"https:\/\/wrapdesign.ca\/#website","url":"https:\/\/wrapdesign.ca\/","name":"Wrap Design","description":"","potentialAction":[{"@type":"SearchAction","target":{"@type":"EntryPoint","urlTemplate":"https:\/\/wrapdesign.ca\/?s={search_term_string}"},"query-input":"required name=search_term_string"}],"inLanguage":"fr-CA"}]}},"_links":{"self":[{"href":"https:\/\/wrapdesign.ca\/fr\/wp-json\/wp\/v2\/product\/5639","targetHints":{"allow":["GET"]}}],"collection":[{"href":"https:\/\/wrapdesign.ca\/fr\/wp-json\/wp\/v2\/product"}],"about":[{"href":"https:\/\/wrapdesign.ca\/fr\/wp-json\/wp\/v2\/types\/product"}],"wp:featuredmedia":[{"embeddable":true,"href":"https:\/\/wrapdesign.ca\/fr\/wp-json\/wp\/v2\/media\/5640"}],"wp:attachment":[{"href":"https:\/\/wrapdesign.ca\/fr\/wp-json\/wp\/v2\/media?parent=5639"}],"wp:term":[{"taxonomy":"product_cat","embeddable":true,"href":"https:\/\/wrapdesign.ca\/fr\/wp-json\/wp\/v2\/product_cat?post=5639"},{"taxonomy":"product_tag","embeddable":true,"href":"https:\/\/wrapdesign.ca\/fr\/wp-json\/wp\/v2\/product_tag?post=5639"}],"curies":[{"name":"wp","href":"https:\/\/api.w.org\/{rel}","templated":true}]}}