{"id":921,"date":"2024-02-13T01:18:57","date_gmt":"2024-02-13T01:18:57","guid":{"rendered":"https:\/\/wrapdesign.ca\/?post_type=product&#038;p=921"},"modified":"2025-07-10T01:48:12","modified_gmt":"2025-07-10T01:48:12","slug":"shine-guard-wd","status":"publish","type":"product","link":"https:\/\/wrapdesign.ca\/fr\/product\/shine-guard-wd\/","title":{"rendered":"Shine Guard WD"},"content":{"rendered":"","protected":false},"excerpt":{"rendered":"<p>Produits d&rsquo;entretien \u00e0 la senteur de Pina Colada, sp\u00e9cialement con\u00e7us pour les films WD. Utilisez ce produit tous les 6 mois pour pr\u00e9server la qualit\u00e9 et l&rsquo;\u00e9clat d&rsquo;origine du vinyle. Pour l&rsquo;application, d\u00e9posez le produit directement sur un chiffon sec, puis essuyez d\u00e9licatement le vinyle. Accordez \u00e0 vos films WD un entretien r\u00e9gulier et laissez la fragrance enchanter votre espace tout en pr\u00e9servant la beaut\u00e9 et la durabilit\u00e9 du vinyle.<\/p>\n","protected":false},"featured_media":1132,"template":"","meta":{"_acf_changed":false},"product_cat":[31],"product_tag":[],"class_list":{"0":"post-921","1":"product","2":"type-product","3":"status-publish","4":"has-post-thumbnail","6":"product_cat-produits-dentretien","8":"first","9":"instock","10":"taxable","11":"shipping-taxable","12":"purchasable","13":"product-type-simple"},"acf":[],"yoast_head":"<!-- This site is optimized with the Yoast SEO plugin v22.3 - https:\/\/yoast.com\/wordpress\/plugins\/seo\/ -->\n<title>Shine Guard WD - Wrap Design<\/title>\n<meta name=\"description\" content=\"Ravivez vos films WD avec nos produits d&#039;entretien \u00e0 la Pina Colada. Pr\u00e9servez la brillance du vinyle gr\u00e2ce \u00e0 des applications simples tous les 6 mois. Offrez \u00e0 votre vinyle un soin r\u00e9gulier pour une durabilit\u00e9 et une fragrance enchanteresse.\" \/>\n<meta name=\"robots\" content=\"index, follow, max-snippet:-1, max-image-preview:large, max-video-preview:-1\" \/>\n<link rel=\"canonical\" href=\"https:\/\/wrapdesign.ca\/fr\/product\/shine-guard-wd\" \/>\n<meta property=\"og:locale\" content=\"fr_CA\" \/>\n<meta property=\"og:type\" content=\"article\" \/>\n<meta property=\"og:title\" content=\"Shine Guard WD - Wrap Design\" \/>\n<meta property=\"og:description\" content=\"Ravivez vos films WD avec nos produits d&#039;entretien \u00e0 la Pina Colada. Pr\u00e9servez la brillance du vinyle gr\u00e2ce \u00e0 des applications simples tous les 6 mois. Offrez \u00e0 votre vinyle un soin r\u00e9gulier pour une durabilit\u00e9 et une fragrance enchanteresse.\" \/>\n<meta property=\"og:url\" content=\"https:\/\/wrapdesign.ca\/fr\/product\/shine-guard-wd\" \/>\n<meta property=\"og:site_name\" content=\"Wrap Design\" \/>\n<meta property=\"article:modified_time\" content=\"2025-07-10T01:48:12+00:00\" \/>\n<meta property=\"og:image\" content=\"https:\/\/wrapdesign.ca\/wp-content\/uploads\/2024\/02\/Capture-decran-le-2024-02-26-a-23.15.05.png\" \/>\n\t<meta property=\"og:image:width\" content=\"778\" \/>\n\t<meta property=\"og:image:height\" content=\"778\" \/>\n\t<meta property=\"og:image:type\" content=\"image\/png\" \/>\n<meta name=\"twitter:card\" content=\"summary_large_image\" \/>\n<meta name=\"twitter:label1\" content=\"Estimation du temps de lecture\" \/>\n\t<meta name=\"twitter:data1\" content=\"1 minute\" \/>\n<script type=\"application\/ld+json\" class=\"yoast-schema-graph\">{\"@context\":\"https:\/\/schema.org\",\"@graph\":[{\"@type\":\"WebPage\",\"@id\":\"https:\/\/wrapdesign.ca\/product\/shine-guard-wd\/\",\"url\":\"https:\/\/wrapdesign.ca\/product\/shine-guard-wd\/\",\"name\":\"Shine Guard WD - Wrap Design\",\"isPartOf\":{\"@id\":\"https:\/\/wrapdesign.ca\/#website\"},\"primaryImageOfPage\":{\"@id\":\"https:\/\/wrapdesign.ca\/product\/shine-guard-wd\/#primaryimage\"},\"image\":{\"@id\":\"https:\/\/wrapdesign.ca\/product\/shine-guard-wd\/#primaryimage\"},\"thumbnailUrl\":\"https:\/\/wrapdesign.ca\/wp-content\/uploads\/2024\/02\/Capture-decran-le-2024-02-26-a-23.15.05.png\",\"datePublished\":\"2024-02-13T01:18:57+00:00\",\"dateModified\":\"2025-07-10T01:48:12+00:00\",\"description\":\"Ravivez vos films WD avec nos produits d'entretien \u00e0 la Pina Colada. Pr\u00e9servez la brillance du vinyle gr\u00e2ce \u00e0 des applications simples tous les 6 mois. Offrez \u00e0 votre vinyle un soin r\u00e9gulier pour une durabilit\u00e9 et une fragrance enchanteresse.\",\"breadcrumb\":{\"@id\":\"https:\/\/wrapdesign.ca\/product\/shine-guard-wd\/#breadcrumb\"},\"inLanguage\":\"fr-CA\",\"potentialAction\":[{\"@type\":\"ReadAction\",\"target\":[\"https:\/\/wrapdesign.ca\/product\/shine-guard-wd\/\"]}]},{\"@type\":\"ImageObject\",\"inLanguage\":\"fr-CA\",\"@id\":\"https:\/\/wrapdesign.ca\/product\/shine-guard-wd\/#primaryimage\",\"url\":\"https:\/\/wrapdesign.ca\/wp-content\/uploads\/2024\/02\/Capture-decran-le-2024-02-26-a-23.15.05.png\",\"contentUrl\":\"https:\/\/wrapdesign.ca\/wp-content\/uploads\/2024\/02\/Capture-decran-le-2024-02-26-a-23.15.05.png\",\"width\":778,\"height\":778},{\"@type\":\"BreadcrumbList\",\"@id\":\"https:\/\/wrapdesign.ca\/product\/shine-guard-wd\/#breadcrumb\",\"itemListElement\":[{\"@type\":\"ListItem\",\"position\":1,\"name\":\"Home\",\"item\":\"https:\/\/wrapdesign.ca\/\"},{\"@type\":\"ListItem\",\"position\":2,\"name\":\"boutique\",\"item\":\"https:\/\/wrapdesign.ca\/boutique\/\"},{\"@type\":\"ListItem\",\"position\":3,\"name\":\"Shine Guard WD\"}]},{\"@type\":\"WebSite\",\"@id\":\"https:\/\/wrapdesign.ca\/#website\",\"url\":\"https:\/\/wrapdesign.ca\/\",\"name\":\"Wrap Design\",\"description\":\"\",\"potentialAction\":[{\"@type\":\"SearchAction\",\"target\":{\"@type\":\"EntryPoint\",\"urlTemplate\":\"https:\/\/wrapdesign.ca\/?s={search_term_string}\"},\"query-input\":\"required name=search_term_string\"}],\"inLanguage\":\"fr-CA\"}]}<\/script>\n<!-- \/ Yoast SEO plugin. -->","yoast_head_json":{"title":"Shine Guard WD - Wrap Design","description":"Ravivez vos films WD avec nos produits d'entretien \u00e0 la Pina Colada. Pr\u00e9servez la brillance du vinyle gr\u00e2ce \u00e0 des applications simples tous les 6 mois. Offrez \u00e0 votre vinyle un soin r\u00e9gulier pour une durabilit\u00e9 et une fragrance enchanteresse.","robots":{"index":"index","follow":"follow","max-snippet":"max-snippet:-1","max-image-preview":"max-image-preview:large","max-video-preview":"max-video-preview:-1"},"canonical":"https:\/\/wrapdesign.ca\/fr\/product\/shine-guard-wd","og_locale":"fr_CA","og_type":"article","og_title":"Shine Guard WD - Wrap Design","og_description":"Ravivez vos films WD avec nos produits d'entretien \u00e0 la Pina Colada. Pr\u00e9servez la brillance du vinyle gr\u00e2ce \u00e0 des applications simples tous les 6 mois. Offrez \u00e0 votre vinyle un soin r\u00e9gulier pour une durabilit\u00e9 et une fragrance enchanteresse.","og_url":"https:\/\/wrapdesign.ca\/fr\/product\/shine-guard-wd","og_site_name":"Wrap Design","article_modified_time":"2025-07-10T01:48:12+00:00","og_image":[{"width":778,"height":778,"url":"https:\/\/wrapdesign.ca\/wp-content\/uploads\/2024\/02\/Capture-decran-le-2024-02-26-a-23.15.05.png","type":"image\/png"}],"twitter_card":"summary_large_image","twitter_misc":{"Estimation du temps de lecture":"1 minute"},"schema":{"@context":"https:\/\/schema.org","@graph":[{"@type":"WebPage","@id":"https:\/\/wrapdesign.ca\/product\/shine-guard-wd\/","url":"https:\/\/wrapdesign.ca\/product\/shine-guard-wd\/","name":"Shine Guard WD - Wrap Design","isPartOf":{"@id":"https:\/\/wrapdesign.ca\/#website"},"primaryImageOfPage":{"@id":"https:\/\/wrapdesign.ca\/product\/shine-guard-wd\/#primaryimage"},"image":{"@id":"https:\/\/wrapdesign.ca\/product\/shine-guard-wd\/#primaryimage"},"thumbnailUrl":"https:\/\/wrapdesign.ca\/wp-content\/uploads\/2024\/02\/Capture-decran-le-2024-02-26-a-23.15.05.png","datePublished":"2024-02-13T01:18:57+00:00","dateModified":"2025-07-10T01:48:12+00:00","description":"Ravivez vos films WD avec nos produits d'entretien \u00e0 la Pina Colada. Pr\u00e9servez la brillance du vinyle gr\u00e2ce \u00e0 des applications simples tous les 6 mois. Offrez \u00e0 votre vinyle un soin r\u00e9gulier pour une durabilit\u00e9 et une fragrance enchanteresse.","breadcrumb":{"@id":"https:\/\/wrapdesign.ca\/product\/shine-guard-wd\/#breadcrumb"},"inLanguage":"fr-CA","potentialAction":[{"@type":"ReadAction","target":["https:\/\/wrapdesign.ca\/product\/shine-guard-wd\/"]}]},{"@type":"ImageObject","inLanguage":"fr-CA","@id":"https:\/\/wrapdesign.ca\/product\/shine-guard-wd\/#primaryimage","url":"https:\/\/wrapdesign.ca\/wp-content\/uploads\/2024\/02\/Capture-decran-le-2024-02-26-a-23.15.05.png","contentUrl":"https:\/\/wrapdesign.ca\/wp-content\/uploads\/2024\/02\/Capture-decran-le-2024-02-26-a-23.15.05.png","width":778,"height":778},{"@type":"BreadcrumbList","@id":"https:\/\/wrapdesign.ca\/product\/shine-guard-wd\/#breadcrumb","itemListElement":[{"@type":"ListItem","position":1,"name":"Home","item":"https:\/\/wrapdesign.ca\/"},{"@type":"ListItem","position":2,"name":"boutique","item":"https:\/\/wrapdesign.ca\/boutique\/"},{"@type":"ListItem","position":3,"name":"Shine Guard WD"}]},{"@type":"WebSite","@id":"https:\/\/wrapdesign.ca\/#website","url":"https:\/\/wrapdesign.ca\/","name":"Wrap Design","description":"","potentialAction":[{"@type":"SearchAction","target":{"@type":"EntryPoint","urlTemplate":"https:\/\/wrapdesign.ca\/?s={search_term_string}"},"query-input":"required name=search_term_string"}],"inLanguage":"fr-CA"}]}},"_links":{"self":[{"href":"https:\/\/wrapdesign.ca\/fr\/wp-json\/wp\/v2\/product\/921","targetHints":{"allow":["GET"]}}],"collection":[{"href":"https:\/\/wrapdesign.ca\/fr\/wp-json\/wp\/v2\/product"}],"about":[{"href":"https:\/\/wrapdesign.ca\/fr\/wp-json\/wp\/v2\/types\/product"}],"wp:featuredmedia":[{"embeddable":true,"href":"https:\/\/wrapdesign.ca\/fr\/wp-json\/wp\/v2\/media\/1132"}],"wp:attachment":[{"href":"https:\/\/wrapdesign.ca\/fr\/wp-json\/wp\/v2\/media?parent=921"}],"wp:term":[{"taxonomy":"product_cat","embeddable":true,"href":"https:\/\/wrapdesign.ca\/fr\/wp-json\/wp\/v2\/product_cat?post=921"},{"taxonomy":"product_tag","embeddable":true,"href":"https:\/\/wrapdesign.ca\/fr\/wp-json\/wp\/v2\/product_tag?post=921"}],"curies":[{"name":"wp","href":"https:\/\/api.w.org\/{rel}","templated":true}]}}